{"id":3609,"date":"2018-12-12T15:55:38","date_gmt":"2018-12-12T15:55:38","guid":{"rendered":"https:\/\/azeitesdocobral.com\/das-unternehmen\/"},"modified":"2018-12-17T09:42:44","modified_gmt":"2018-12-17T09:42:44","slug":"das-unternehmen","status":"publish","type":"page","link":"https:\/\/azeitesdocobral.com\/de\/das-unternehmen\/","title":{"rendered":"Das Unternehmen"},"content":{"rendered":"<p>[vc_row full_width=&#8221;stretch_row_content_no_spaces&#8221; css_animation=&#8221;fadeIn&#8221; css=&#8221;.vc_custom_1531925889873{margin-bottom: 75px !important;background-image: url(https:\/\/azeitesdocobral.com\/wp-content\/uploads\/2018\/07\/empresa_cabecalho-1920&#215;810.jpg?id=3252) !important;background-position: center !important;background-repeat: no-repeat !important;background-size: cover !important;}&#8221;][vc_column][vc_empty_space height=&#8221;800px&#8221;][\/vc_column][\/vc_row][vc_row type=&#8221;boxed&#8221; css=&#8221;.vc_custom_1544695813813{margin-bottom: 75px !important;}&#8221;][vc_column][vc_column_text]<\/p>\n<h1>Azeites do Cobral ist das Ergebnis der Fusion zweier hundertj\u00e4hriger M\u00fchlen, die zwei Beira-Alta-Familien geh\u00f6rten, welche traditionell mit Landwirtschaft und Oliven\u00f6lproduktion verbunden sind.<\/h1>\n<p>[\/vc_column_text][vc_row_inner][vc_column_inner width=&#8221;1\/2&#8243;][vc_column_text]Die Einrichtungen des Betriebs befinden sich auf der Quinta do Cobral in Lagares da Beira, neben dem Fl\u00fcsschen Cobral, in einem Gebiet mit jahrhundertealter Tradition im Olivenanbau und im Prozess der Umwandlung der Oliven in Oliven\u00f6l.<\/p>\n<p>Es ist eine neue Firma, die mit der modernsten Ausr\u00fcstung ausgestattet ist, strenger Qualit\u00e4tskontrolle unterliegt und optimale Hygienebedingungen aufweist.[\/vc_column_text][\/vc_column_inner][vc_column_inner width=&#8221;1\/2&#8243;][vc_column_text]Das Unternehmen stellt in seinem Betrieb natives und extra natives Oliven\u00f6l der Sorten Galega und Cobran\u00e7osa her, die von den H\u00e4ngen der Serra da Estrela und der gesamten Region Beira Alta stammen.<\/p>\n<p>Azeites do Cobral ist ein zertifiziertes Unternehmen f\u00fcr die Herstellung und Vermarktung von Bio-Oliven\u00f6l, unterst\u00fctzt durch eine unabh\u00e4ngige Zertifizierungsstelle.[\/vc_column_text][\/vc_column_inner][\/vc_row_inner][\/vc_column][\/vc_row][vc_row full_width=&#8221;stretch_row_content&#8221; content_placement=&#8221;middle&#8221; css=&#8221;.vc_custom_1484860742309{margin-bottom: 75px !important;}&#8221;][vc_column width=&#8221;1\/2&#8243;][vc_single_image image=&#8221;3260&#8243; img_size=&#8221;full&#8221; alignment=&#8221;right&#8221;][\/vc_column][vc_column width=&#8221;1\/2&#8243;][vc_single_image image=&#8221;3264&#8243; img_size=&#8221;full&#8221;][\/vc_column][\/vc_row][vc_row css=&#8221;.vc_custom_1484860735616{margin-bottom: 75px !important;}&#8221;][vc_column width=&#8221;1\/6&#8243;][\/vc_column][vc_column width=&#8221;2\/3&#8243;][vc_column_text]<\/p>\n<h3 style=\"text-align: center;\">Echtes portugiesisches Oliven\u00f6l direkt aus Oliven, ausschlie\u00dflich mit mechanischen Verfahren gewonnen.<\/h3>\n<p>[\/vc_column_text][\/vc_column][vc_column width=&#8221;1\/6&#8243;][\/vc_column][\/vc_row][vc_row css=&#8221;.vc_custom_1484860748294{margin-bottom: 75px !important;}&#8221;][vc_column][vc_single_image image=&#8221;3272&#8243; img_size=&#8221;full&#8221; alignment=&#8221;center&#8221;][\/vc_column][\/vc_row]<\/p>\n","protected":false},"excerpt":{"rendered":"<p>[vc_row full_width=&#8221;stretch_row_content_no_spaces&#8221; css_animation=&#8221;fadeIn&#8221; css=&#8221;.vc_custom_1531925889873{margin-bottom: 75px !important;background-image: url(https:\/\/azeitesdocobral.com\/wp-content\/uploads\/2018\/07\/empresa_cabecalho-1920&#215;810.jpg?id=3252) !important;background-position: center !important;background-repeat: no-repeat !important;background-size: cover !important;}&#8221;][vc_column][vc_empty_space height=&#8221;800px&#8221;][\/vc_column][\/vc_row][vc_row type=&#8221;boxed&#8221; css=&#8221;.vc_custom_1544695813813{margin-bottom: 75px !important;}&#8221;][vc_column][vc_column_text] Azeites do Cobral ist das Ergebnis der Fusion zweier hundertj\u00e4hriger M\u00fchlen, die zwei Beira-Alta-Familien geh\u00f6rten, welche traditionell mit Landwirtschaft und Oliven\u00f6lproduktion verbunden sind. [\/vc_column_text][vc_row_inner][vc_column_inner width=&#8221;1\/2&#8243;][vc_column_text]Die Einrichtungen des Betriebs befinden sich auf der Quinta do Cobral in [&hellip;]<\/p>\n","protected":false},"author":1,"featured_media":0,"parent":0,"menu_order":0,"comment_status":"closed","ping_status":"closed","template":"page-full-width.php","meta":[],"_links":{"self":[{"href":"https:\/\/azeitesdocobral.com\/de\/wp-json\/wp\/v2\/pages\/3609"}],"collection":[{"href":"https:\/\/azeitesdocobral.com\/de\/wp-json\/wp\/v2\/pages"}],"about":[{"href":"https:\/\/azeitesdocobral.com\/de\/wp-json\/wp\/v2\/types\/page"}],"author":[{"embeddable":true,"href":"https:\/\/azeitesdocobral.com\/de\/wp-json\/wp\/v2\/users\/1"}],"replies":[{"embeddable":true,"href":"https:\/\/azeitesdocobral.com\/de\/wp-json\/wp\/v2\/comments?post=3609"}],"version-history":[{"count":0,"href":"https:\/\/azeitesdocobral.com\/de\/wp-json\/wp\/v2\/pages\/3609\/revisions"}],"wp:attachment":[{"href":"https:\/\/azeitesdocobral.com\/de\/wp-json\/wp\/v2\/media?parent=3609"}],"curies":[{"name":"wp","href":"https:\/\/api.w.org\/{rel}","templated":true}]}}