{"id":3613,"date":"2018-12-12T17:33:57","date_gmt":"2018-12-12T17:33:57","guid":{"rendered":"https:\/\/azeitesdocobral.com\/rucksendungen\/"},"modified":"2018-12-12T17:33:58","modified_gmt":"2018-12-12T17:33:58","slug":"rucksendungen","status":"publish","type":"page","link":"https:\/\/azeitesdocobral.com\/de\/rucksendungen\/","title":{"rendered":"R\u00fccksendungen"},"content":{"rendered":"<p>[vc_row css=&#8221;.vc_custom_1532000893274{margin-top: 80px !important;}&#8221;][vc_column width=&#8221;1\/12&#8243;][\/vc_column][vc_column width=&#8221;5\/6&#8243;][vc_column_text]<\/p>\n<ul>\n<li>Azeites do Cobral akzeptiert R\u00fccksendungen, wenn die Verpackung ordnungsgem\u00e4\u00df verschlossen ist und keine Gebrauchsspuren aufweist.<\/li>\n<li>Sie k\u00f6nnen w\u00e4hlen zwischen einer Gutschrift und einer R\u00fcckerstattung.<\/li>\n<li>Wir akzeptieren R\u00fccksendungen bis sp\u00e4testens 15 Tage nach Rechnungsdatum.<\/li>\n<li>Alle R\u00fccksendekosten liegen in der Verantwortung des Kunden.<\/li>\n<\/ul>\n<p>[\/vc_column_text][\/vc_column][vc_column width=&#8221;1\/12&#8243;][\/vc_column][\/vc_row]<\/p>\n","protected":false},"excerpt":{"rendered":"<p>[vc_row css=&#8221;.vc_custom_1532000893274{margin-top: 80px !important;}&#8221;][vc_column width=&#8221;1\/12&#8243;][\/vc_column][vc_column width=&#8221;5\/6&#8243;][vc_column_text] Azeites do Cobral akzeptiert R\u00fccksendungen, wenn die Verpackung ordnungsgem\u00e4\u00df verschlossen ist und keine Gebrauchsspuren aufweist. Sie k\u00f6nnen w\u00e4hlen zwischen einer Gutschrift und einer R\u00fcckerstattung. Wir akzeptieren R\u00fccksendungen bis sp\u00e4testens 15 Tage nach Rechnungsdatum. Alle R\u00fccksendekosten liegen in der Verantwortung des Kunden. [\/vc_column_text][\/vc_column][vc_column width=&#8221;1\/12&#8243;][\/vc_column][\/vc_row]<\/p>\n","protected":false},"author":1,"featured_media":0,"parent":0,"menu_order":0,"comment_status":"closed","ping_status":"closed","template":"","meta":[],"_links":{"self":[{"href":"https:\/\/azeitesdocobral.com\/de\/wp-json\/wp\/v2\/pages\/3613"}],"collection":[{"href":"https:\/\/azeitesdocobral.com\/de\/wp-json\/wp\/v2\/pages"}],"about":[{"href":"https:\/\/azeitesdocobral.com\/de\/wp-json\/wp\/v2\/types\/page"}],"author":[{"embeddable":true,"href":"https:\/\/azeitesdocobral.com\/de\/wp-json\/wp\/v2\/users\/1"}],"replies":[{"embeddable":true,"href":"https:\/\/azeitesdocobral.com\/de\/wp-json\/wp\/v2\/comments?post=3613"}],"version-history":[{"count":0,"href":"https:\/\/azeitesdocobral.com\/de\/wp-json\/wp\/v2\/pages\/3613\/revisions"}],"wp:attachment":[{"href":"https:\/\/azeitesdocobral.com\/de\/wp-json\/wp\/v2\/media?parent=3613"}],"curies":[{"name":"wp","href":"https:\/\/api.w.org\/{rel}","templated":true}]}}