{"id":3617,"date":"2018-12-12T17:43:49","date_gmt":"2018-12-12T17:43:49","guid":{"rendered":"https:\/\/azeitesdocobral.com\/versand-und-lieferung\/"},"modified":"2024-03-15T15:13:08","modified_gmt":"2024-03-15T15:13:08","slug":"versand-und-lieferung","status":"publish","type":"page","link":"https:\/\/azeitesdocobral.com\/de\/versand-und-lieferung\/","title":{"rendered":"Versand und Lieferung"},"content":{"rendered":"<p>[vc_row css=&#8221;.vc_custom_1532000893274{margin-top: 80px !important;}&#8221;][vc_column width=&#8221;1\/12&#8243;][\/vc_column][vc_column width=&#8221;5\/6&#8243;][vc_tta_tabs style=&#8221;flat&#8221; shape=&#8221;square&#8221; color=&#8221;white&#8221; alignment=&#8221;center&#8221; active_section=&#8221;1&#8243; no_fill_content_area=&#8221;true&#8221;][vc_tta_section title=&#8221;Versandbedingungen und Lieferzeiten&#8221; tab_id=&#8221;1532010556569-a8bbd2ef-8940&#8243;][vc_column_text]Alle Bestellungen, die bis 12.00 Uhr aufgegeben sind und deren Bezahlung erfolgt ist, werden am selben\u00a0oder n\u00e4chsten Tag versandt und am darauffolgenden Tag in Portugal (Festland) von Chronopost oder einem Transportunternehmen geliefert.[\/vc_column_text][vc_single_image image=&#8221;3315&#8243; img_size=&#8221;full&#8221; add_caption=&#8221;yes&#8221; alignment=&#8221;center&#8221; onclick=&#8221;custom_link&#8221; img_link_target=&#8221;_blank&#8221; link=&#8221;https:\/\/www.chronopost.pt\/track-and-trace&#8221;][vc_column_text]<\/p>\n<h6><strong>Hinweis: Der Versand in die Autonome Region Madeira dauert zwischen 5 und 7 Werktagen.<\/strong><br \/>\nF\u00fcr die Inseln des Archipels der Azoren dauert es zwischen 7 und 15 Arbeitstagen.(*) nur f\u00fcr Produkte auf Lager und bei Nachnahme. Im Falle fehlenden Lagerbestands werden Sie vom Kundendienst kontaktiert, um \u00fcber den voraussichtlichen Liefertermin informiert zu werden.<\/h6>\n<h6><strong>F\u00fcr Lieferungen zu den Inseln sowie in andere Teile Europas, kontaktieren Sie uns bitte, damit wir Ihnen die Versandkosten nennen k\u00f6nnen.<\/strong><\/h6>\n<p>[\/vc_column_text][\/vc_tta_section][\/vc_tta_tabs][\/vc_column][vc_column width=&#8221;1\/12&#8243;][\/vc_column][\/vc_row]<\/p>\n","protected":false},"excerpt":{"rendered":"<p>[vc_row css=&#8221;.vc_custom_1532000893274{margin-top: 80px !important;}&#8221;][vc_column width=&#8221;1\/12&#8243;][\/vc_column][vc_column width=&#8221;5\/6&#8243;][vc_tta_tabs style=&#8221;flat&#8221; shape=&#8221;square&#8221; color=&#8221;white&#8221; alignment=&#8221;center&#8221; active_section=&#8221;1&#8243; no_fill_content_area=&#8221;true&#8221;][vc_tta_section title=&#8221;Versandbedingungen und Lieferzeiten&#8221; tab_id=&#8221;1532010556569-a8bbd2ef-8940&#8243;][vc_column_text]Alle Bestellungen, die bis 12.00 Uhr aufgegeben sind und deren Bezahlung erfolgt ist, werden am selben\u00a0oder n\u00e4chsten Tag versandt und am darauffolgenden Tag in Portugal (Festland) von Chronopost oder einem Transportunternehmen geliefert.[\/vc_column_text][vc_single_image image=&#8221;3315&#8243; img_size=&#8221;full&#8221; add_caption=&#8221;yes&#8221; alignment=&#8221;center&#8221; onclick=&#8221;custom_link&#8221; img_link_target=&#8221;_blank&#8221; link=&#8221;https:\/\/www.chronopost.pt\/track-and-trace&#8221;][vc_column_text] Hinweis: [&hellip;]<\/p>\n","protected":false},"author":1,"featured_media":0,"parent":0,"menu_order":0,"comment_status":"closed","ping_status":"closed","template":"","meta":[],"_links":{"self":[{"href":"https:\/\/azeitesdocobral.com\/de\/wp-json\/wp\/v2\/pages\/3617"}],"collection":[{"href":"https:\/\/azeitesdocobral.com\/de\/wp-json\/wp\/v2\/pages"}],"about":[{"href":"https:\/\/azeitesdocobral.com\/de\/wp-json\/wp\/v2\/types\/page"}],"author":[{"embeddable":true,"href":"https:\/\/azeitesdocobral.com\/de\/wp-json\/wp\/v2\/users\/1"}],"replies":[{"embeddable":true,"href":"https:\/\/azeitesdocobral.com\/de\/wp-json\/wp\/v2\/comments?post=3617"}],"version-history":[{"count":2,"href":"https:\/\/azeitesdocobral.com\/de\/wp-json\/wp\/v2\/pages\/3617\/revisions"}],"predecessor-version":[{"id":4193,"href":"https:\/\/azeitesdocobral.com\/de\/wp-json\/wp\/v2\/pages\/3617\/revisions\/4193"}],"wp:attachment":[{"href":"https:\/\/azeitesdocobral.com\/de\/wp-json\/wp\/v2\/media?parent=3617"}],"curies":[{"name":"wp","href":"https:\/\/api.w.org\/{rel}","templated":true}]}}