{"id":3619,"date":"2018-12-12T18:11:02","date_gmt":"2018-12-12T18:11:02","guid":{"rendered":"https:\/\/azeitesdocobral.com\/informationen-fur-den-verbraucher\/"},"modified":"2018-12-12T18:11:02","modified_gmt":"2018-12-12T18:11:02","slug":"informationen-fur-den-verbraucher","status":"publish","type":"page","link":"https:\/\/azeitesdocobral.com\/de\/informationen-fur-den-verbraucher\/","title":{"rendered":"Informationen f\u00fcr den Verbraucher"},"content":{"rendered":"<p>[vc_row css=&#8221;.vc_custom_1532000893274{margin-top: 80px !important;}&#8221;][vc_column width=&#8221;1\/12&#8243;][\/vc_column][vc_column width=&#8221;5\/6&#8243;][vc_column_text]Wir informieren die Kunden, dass diese Firma f\u00fcr jegliche Kl\u00e4rung oder L\u00f6sung von Problemen in Bezug auf die in dieser Einrichtung erbrachten Dienstleistungen zur Verf\u00fcgung steht.<\/p>\n<p>Zudem informieren wir Sie dar\u00fcber, dass Sie sich als Verbraucher im Streitfall an das folgende alternative Streitbeilegungsgremium wenden k\u00f6nnen:[\/vc_column_text][vc_column_text]<\/p>\n<h5><strong>CIMPAS\u2013 Zentrum f\u00fcr Information, Mediation, B\u00fcrgerbeauftragter und Schlichtungsstelle f\u00fcr Versicherungen<\/strong><\/h5>\n<ul>\n<li><strong>Lissabon:<\/strong><br \/>\nAv. Fontes Pereira de Melo, n\u00ba 11 \u2013 9\u00ba Esq<br \/>\n1050-115 Lisboa<br \/>\nTel: +351 213 827 700<br \/>\nFax: +351 213 827 708<br \/>\nE-mail: geral@cimpas.pt<\/li>\n<li><strong>Norden:<\/strong><br \/>\nRua do Infante D. Henrique, n\u00ba73, Piso 1<br \/>\n4050-297 Porto<br \/>\nTel: +351 226 069 910<br \/>\nFax: +351 226 094 110<br \/>\nE-mail: cimpasnorte@cimpas.pt<\/li>\n<\/ul>\n<p>Web: <a href=\"http:\/\/www.cimpas.pt\">http:\/\/www.cimpas.pt<\/a>[\/vc_column_text][\/vc_column][vc_column width=&#8221;1\/12&#8243;][\/vc_column][\/vc_row]<\/p>\n","protected":false},"excerpt":{"rendered":"<p>[vc_row css=&#8221;.vc_custom_1532000893274{margin-top: 80px !important;}&#8221;][vc_column width=&#8221;1\/12&#8243;][\/vc_column][vc_column width=&#8221;5\/6&#8243;][vc_column_text]Wir informieren die Kunden, dass diese Firma f\u00fcr jegliche Kl\u00e4rung oder L\u00f6sung von Problemen in Bezug auf die in dieser Einrichtung erbrachten Dienstleistungen zur Verf\u00fcgung steht. Zudem informieren wir Sie dar\u00fcber, dass Sie sich als Verbraucher im Streitfall an das folgende alternative Streitbeilegungsgremium wenden k\u00f6nnen:[\/vc_column_text][vc_column_text] CIMPAS\u2013 Zentrum f\u00fcr Information, Mediation, [&hellip;]<\/p>\n","protected":false},"author":1,"featured_media":0,"parent":0,"menu_order":0,"comment_status":"closed","ping_status":"closed","template":"","meta":[],"_links":{"self":[{"href":"https:\/\/azeitesdocobral.com\/de\/wp-json\/wp\/v2\/pages\/3619"}],"collection":[{"href":"https:\/\/azeitesdocobral.com\/de\/wp-json\/wp\/v2\/pages"}],"about":[{"href":"https:\/\/azeitesdocobral.com\/de\/wp-json\/wp\/v2\/types\/page"}],"author":[{"embeddable":true,"href":"https:\/\/azeitesdocobral.com\/de\/wp-json\/wp\/v2\/users\/1"}],"replies":[{"embeddable":true,"href":"https:\/\/azeitesdocobral.com\/de\/wp-json\/wp\/v2\/comments?post=3619"}],"version-history":[{"count":0,"href":"https:\/\/azeitesdocobral.com\/de\/wp-json\/wp\/v2\/pages\/3619\/revisions"}],"wp:attachment":[{"href":"https:\/\/azeitesdocobral.com\/de\/wp-json\/wp\/v2\/media?parent=3619"}],"curies":[{"name":"wp","href":"https:\/\/api.w.org\/{rel}","templated":true}]}}