{"id":3621,"date":"2018-12-12T19:01:56","date_gmt":"2018-12-12T19:01:56","guid":{"rendered":"https:\/\/azeitesdocobral.com\/olivenol\/"},"modified":"2018-12-17T09:45:03","modified_gmt":"2018-12-17T09:45:03","slug":"olivenol","status":"publish","type":"page","link":"https:\/\/azeitesdocobral.com\/de\/olivenol\/","title":{"rendered":"Oliven\u00f6l"},"content":{"rendered":"<p>[vc_row full_width=&#8221;stretch_row_content_no_spaces&#8221; css_animation=&#8221;fadeIn&#8221; css=&#8221;.vc_custom_1532701538366{margin-bottom: 75px !important;background-image: url(https:\/\/azeitesdocobral.com\/wp-content\/uploads\/2018\/07\/imagem-home-03.jpg?id=3196) !important;background-position: center !important;background-repeat: no-repeat !important;background-size: cover !important;}&#8221;][vc_column][vc_empty_space height=&#8221;800px&#8221;][\/vc_column][\/vc_row][vc_row css=&#8221;.vc_custom_1532699838893{margin-bottom: 75px !important;}&#8221;][vc_column][vc_column_text]<\/p>\n<h1 style=\"text-align: center;\">Die Geschichte des Oliven\u00f6ls<\/h1>\n<p>[\/vc_column_text][\/vc_column][\/vc_row][vc_row type=&#8221;boxed&#8221; css=&#8221;.vc_custom_1544695992919{margin-bottom: 75px !important;}&#8221;][vc_column][vc_tta_tabs style=&#8221;flat&#8221; color=&#8221;white&#8221; alignment=&#8221;center&#8221; active_section=&#8221;1&#8243;][vc_tta_section title=&#8221;Mythologie&#8221; tab_id=&#8221;1532701764115-85380bc6-3098&#8243;][vc_column_text]Bei den Griechen war es Athene, die G\u00f6ttin der Weisheit, die in ihrem Kampf um die Souver\u00e4nit\u00e4t der Stadt Athen den Olivenbaum schuf, dessen Frucht eine wundersame Fl\u00fcssigkeit enthielt, die wie Gold aussah.<\/p>\n<p>Bei den \u00c4gyptern hat die G\u00f6ttin Isis, Ehefrau des Osiris \u2013 h\u00f6chster Gott Ihrer Mythologie, den Anbau des Olivenbaums gelehrt.<\/p>\n<p>In j\u00fcdischen Talmud gibt es zahlreiche Hinweise auf den Olivenbaum. Nach der Sintflut k\u00fcndet die Taube von deren Ende, indem sie einen Olivenzweig in ihrem Schnabel bringt.<\/p>\n<p>Christen verbinden den \u00d6lbaum und das Oliven\u00f6l mit ihren Chroniken und Riten.<\/p>\n<p>Auch der Koran bezieht sich auf das \u00d6l, das aus der Frucht des \u00d6lbaums gewonnen wird und wie ein leuchtender Stern aussieht, der dank eines gesegneten Baumes, des Olivenbaums, aufleuchtet. [\/vc_column_text][\/vc_tta_section][vc_tta_section title=&#8221;Geschichte des Olivenanbaus&#8221; tab_id=&#8221;1532701764132-6427a35e-b834&#8243;][vc_column_text]Olivenbaum und Oliven\u00f6l waren schon immer eng mit allen mediterranen Zivilisationen verbunden.<\/p>\n<p>Der Zambujeiro (wilder Olivenbaum) erstreckte sein Vorkommen in s\u00e4mtliche Mittelmeerl\u00e4nder, vom Nahen Osten bis zur Iberischen Halbinsel. Die mesopotamischen und \u00e4gyptischen Zivilisationen lernten, ihn durch verschiedene kulturelle Techniken wie Veredlung und Umpflanzung zu verbessern.<\/p>\n<p>Das durch das Pressen der Oliven gewonnene \u00d6l wurde in religi\u00f6sen Riten, als Lichtquelle, f\u00fcr medizinische Zwecke und Sch\u00f6nheitsbehandlungen und schlie\u00dflich als Nahrung verwendet. Die Griechen betrachteten den Genuss von Oliven\u00f6l als Zeichen von Zivilisation und Erlesenheit.<\/p>\n<p>Auf der iberischen Halbinsel kam die Kultur des Olivenbaums durch die Hand der Ph\u00f6nizier im 12. Jahrhundert v. Chr. an. Sp\u00e4ter wurde Iberia ein wichtiger Lieferant von Oliven\u00f6l bester Qualit\u00e4t nach Rom. Die Ankunft der Araber erweiterte die Kultur des Olivenbaums und die \u00d6lproduktion auf die gesamte Halbinsel. [\/vc_column_text][\/vc_tta_section][vc_tta_section title=&#8221;Geschichte des Oliven\u00f6ls&#8221; tab_id=&#8221;1532958201551-550deb4b-98a2&#8243;][vc_column_text]Oliven\u00f6l wird durch Mahlen und Pressen von der Olive befreit.<br \/>\nDiese Methoden werden seit der Antike verwendet, obwohl sie verbessert wurden, um eine gr\u00f6\u00dfere Wirksamkeit zu erzielen. Urspr\u00fcnglich wurde das Fruchtfleisch der Oliven lediglich zerquetscht und die so entstandene pasteuse Masse in einen Sack gef\u00fcllt, wobei das Oliven\u00f6l durch Auswinden desselben erhalten wurde.<\/p>\n<p>Sp\u00e4ter wurden M\u00f6rser und St\u00f6\u00dfel zum Zerquetschen verwendet, ebenso wie Mahlfl\u00e4chen, die in die Oberfl\u00e4che eines Felsen eingelassen wurden, wobei das Quetschen mit Hilfe von zylindrischen Walzen erfolgte.<\/p>\n<p>M\u00fchlen aus vertikalen zylindrischen Mahlsteinen, die durch Tiere oder durch die Kraft von Wasser oder Wind angetrieben werden, sind von den Mauren perfektioniert und verbreitet worden und haben sich bis in unsere Zeit erhalten.<\/p>\n<p>Um den Ertrag zu erh\u00f6hen, wurden die zylindrischen Mahlsteine durch kegelstumpff\u00f6rmige ersetzt. Auch das Pressen hat sich mit der Zeit von der Methode des Verwindens des Sackes hin zu Hebelpressen und sp\u00e4ter zu hydraulischen Pressen weiterentwickelt.<\/p>\n<p>Derzeit werden in kontinuierlichen Produktionssystemen Hammerm\u00fchlen verwendet, und das Pressen und Dekantieren wurde durch Zentrifugieren ersetzt. Die Thermomischtechnik, welche die einfache Zumischung von hei\u00dfem Wasser in die Masse ersetzte, wurde eingef\u00fchrt, um den Ertrag des Oliven\u00f6ls zu verbessern und wird noch heute beibehalten.<\/p>\n<p>Kontinuierliche Produktionssysteme, die derzeit in Gebrauch sind, haben zu einer Verringerung des Arbeitsaufwands, zu einem h\u00f6heren Ertrag und zu einer wesentlichen Verbesserung der hygienischen Bedingungen bei der Extraktion von Oliven\u00f6l gef\u00fchrt, was den Gewinn von extra nativem Oliven\u00f6l in einer betr\u00e4chtlichen Menge erm\u00f6glicht.[\/vc_column_text][\/vc_tta_section][vc_tta_section title=&#8221;Nutzen&#8221; tab_id=&#8221;1532959374335-86c8718c-8777&#8243;][vc_column_text]Oliven\u00f6l hat einen enormen Nutzen f\u00fcr unsere Gesundheit.<\/p>\n<ul>\n<li>\u00d6ls\u00e4ure und Vitamin E wirken als Antioxidantien, verlangsamen den Alterungsprozess und die Entstehung von Krebs.<\/li>\n<li>Was die Verdauung betrifft verbessern sie die Darmabsorption und sch\u00fctzten vor Geschw\u00fcren und Gastritis.<\/li>\n<li>Sie sind auch wesentlich an der Vorbeugung von Bluthochdruck und Diabetes beteiligt.<\/li>\n<li>Sie f\u00f6rdern die Knochenentwicklung.<\/li>\n<li>\u00d6ls\u00e4ure ist die einzige Art von Fett, die nicht mit der Produktion von Lipase interferiert, dem Enzym, das Fettmolek\u00fcle aufspaltet.<\/li>\n<li>Sie verringert das Risiko von rheumatoider Arthritis.<\/li>\n<li>Sie erh\u00f6ht die k\u00f6rpereigenen Abwehrkr\u00e4fte gegen Viren und Bakterien und verbessert die Gewebeelastizit\u00e4t.<\/li>\n<li>Zur Senkung des Cholesterinspiegels sollten mindestens 15 % der t\u00e4glichen Kalorien aus einfach unges\u00e4ttigten Lipiden stammen. Jene des Oliven\u00f6ls helfen, den LDL-Spiegel (sch\u00e4dliches Cholesterin) zu senken, ohne den HDL-Spiegel (n\u00fctzliches Cholesterin) oder den Triglyceridspiegel zu beeinflussen, wodurch das Risiko von Schlaganf\u00e4llen und Thrombosen verringert wird.<\/li>\n<\/ul>\n<p>[\/vc_column_text][\/vc_tta_section][\/vc_tta_tabs][\/vc_column][\/vc_row][vc_row full_width=&#8221;stretch_row_content&#8221; content_placement=&#8221;middle&#8221; css=&#8221;.vc_custom_1484860742309{margin-bottom: 75px !important;}&#8221;][vc_column width=&#8221;1\/3&#8243;][vc_single_image image=&#8221;3437&#8243; img_size=&#8221;full&#8221; alignment=&#8221;right&#8221;][\/vc_column][vc_column width=&#8221;1\/3&#8243;][vc_single_image image=&#8221;3441&#8243; img_size=&#8221;full&#8221;][\/vc_column][vc_column width=&#8221;1\/3&#8243;][vc_single_image image=&#8221;3445&#8243; img_size=&#8221;full&#8221;][\/vc_column][\/vc_row]<\/p>\n","protected":false},"excerpt":{"rendered":"<p>[vc_row full_width=&#8221;stretch_row_content_no_spaces&#8221; css_animation=&#8221;fadeIn&#8221; css=&#8221;.vc_custom_1532701538366{margin-bottom: 75px !important;background-image: url(https:\/\/azeitesdocobral.com\/wp-content\/uploads\/2018\/07\/imagem-home-03.jpg?id=3196) !important;background-position: center !important;background-repeat: no-repeat !important;background-size: cover !important;}&#8221;][vc_column][vc_empty_space height=&#8221;800px&#8221;][\/vc_column][\/vc_row][vc_row css=&#8221;.vc_custom_1532699838893{margin-bottom: 75px !important;}&#8221;][vc_column][vc_column_text] Die Geschichte des Oliven\u00f6ls [\/vc_column_text][\/vc_column][\/vc_row][vc_row type=&#8221;boxed&#8221; css=&#8221;.vc_custom_1544695992919{margin-bottom: 75px !important;}&#8221;][vc_column][vc_tta_tabs style=&#8221;flat&#8221; color=&#8221;white&#8221; alignment=&#8221;center&#8221; active_section=&#8221;1&#8243;][vc_tta_section title=&#8221;Mythologie&#8221; tab_id=&#8221;1532701764115-85380bc6-3098&#8243;][vc_column_text]Bei den Griechen war es Athene, die G\u00f6ttin der Weisheit, die in ihrem Kampf um die Souver\u00e4nit\u00e4t der Stadt Athen den Olivenbaum schuf, [&hellip;]<\/p>\n","protected":false},"author":1,"featured_media":0,"parent":0,"menu_order":0,"comment_status":"closed","ping_status":"closed","template":"page-full-width.php","meta":[],"_links":{"self":[{"href":"https:\/\/azeitesdocobral.com\/de\/wp-json\/wp\/v2\/pages\/3621"}],"collection":[{"href":"https:\/\/azeitesdocobral.com\/de\/wp-json\/wp\/v2\/pages"}],"about":[{"href":"https:\/\/azeitesdocobral.com\/de\/wp-json\/wp\/v2\/types\/page"}],"author":[{"embeddable":true,"href":"https:\/\/azeitesdocobral.com\/de\/wp-json\/wp\/v2\/users\/1"}],"replies":[{"embeddable":true,"href":"https:\/\/azeitesdocobral.com\/de\/wp-json\/wp\/v2\/comments?post=3621"}],"version-history":[{"count":0,"href":"https:\/\/azeitesdocobral.com\/de\/wp-json\/wp\/v2\/pages\/3621\/revisions"}],"wp:attachment":[{"href":"https:\/\/azeitesdocobral.com\/de\/wp-json\/wp\/v2\/media?parent=3621"}],"curies":[{"name":"wp","href":"https:\/\/api.w.org\/{rel}","templated":true}]}}