{"id":3638,"date":"2018-12-13T18:44:27","date_gmt":"2018-12-13T18:44:27","guid":{"rendered":"https:\/\/azeitesdocobral.com\/pagina-inicial\/"},"modified":"2024-03-15T16:23:42","modified_gmt":"2024-03-15T16:23:42","slug":"pagina-inicial","status":"publish","type":"page","link":"https:\/\/azeitesdocobral.com\/de\/","title":{"rendered":"Home"},"content":{"rendered":"<p>[vc_row full_width=&#8221;stretch_row&#8221;][vc_column][rev_slider_vc alias=&#8221;video-home&#8221;][\/vc_column][\/vc_row][vc_row full_width=&#8221;stretch_row_content_no_spaces&#8221; equal_height=&#8221;yes&#8221; content_placement=&#8221;middle&#8221; css=&#8221;.vc_custom_1530713281572{margin-top: 0px !important;margin-bottom: 0px !important;}&#8221;][vc_column width=&#8221;1\/12&#8243;][\/vc_column][vc_column width=&#8221;4\/12&#8243; css=&#8221;.vc_custom_1543493576568{padding-top: 20px !important;padding-right: 20px !important;padding-bottom: 20px !important;padding-left: 20px !important;}&#8221;][vc_column_text]<\/p>\n<h3 style=\"text-align: center;\">Bio-Oliven\u00f6l<\/h3>\n<p>[\/vc_column_text][vc_column_text]<\/p>\n<p style=\"text-align: center;\">Zertifiziertes Natives Oliven\u00f6l Extra.<br \/>\nSehr intensiv und aromatisch mit einem leichten gr\u00fcn-w\u00fcrzigen Geschmack.<br \/>\nMit niedrigem S\u00e4uregehalt und hergestellt aus Oliven der Sorten Galega und Cobran\u00e7osa.<\/p>\n<p>\u00a0[\/vc_column_text][vc_empty_space][vc_btn title=&#8221;Kaufen&#8221; style=&#8221;classic&#8221; shape=&#8221;square&#8221; color=&#8221;black&#8221; align=&#8221;center&#8221; i_icon_fontawesome=&#8221;fa fa-cart-plus&#8221; add_icon=&#8221;true&#8221; link=&#8221;url:https%3A%2F%2Fazeitesdocobral.com%2Fde%2Fprodukt%2Fbio-olivenol%2F|&#8221;][\/vc_column][vc_column width=&#8221;1\/12&#8243;][\/vc_column][vc_column width=&#8221;6\/12&#8243; css=&#8221;.vc_custom_1540910505764{padding-top: 0px !important;}&#8221;][vc_single_image image=&#8221;3157&#8243; img_size=&#8221;full&#8221; onclick=&#8221;custom_link&#8221; css_animation=&#8221;fadeInRight&#8221; link=&#8221;https:\/\/azeitesdocobral.com\/produto\/azeite-biologico\/&#8221; css=&#8221;.vc_custom_1530714244568{margin-top: 0px !important;margin-bottom: 0px !important;padding-top: 0px !important;padding-bottom: 0px !important;}&#8221;][\/vc_column][\/vc_row][vc_row full_width=&#8221;stretch_row_content_no_spaces&#8221; equal_height=&#8221;yes&#8221; content_placement=&#8221;middle&#8221; css=&#8221;.vc_custom_1540909647689{margin-top: 0px !important;margin-bottom: 0px !important;}&#8221; el_class=&#8221;displayflex&#8221;][vc_column width=&#8221;6\/12&#8243; css=&#8221;.vc_custom_1540909982926{margin-top: 0px !important;margin-bottom: 0px !important;padding-top: 0px !important;padding-bottom: 0px !important;}&#8221; el_class=&#8221;ordermobile&#8221;][vc_single_image image=&#8221;3092&#8243; img_size=&#8221;full&#8221; onclick=&#8221;custom_link&#8221; css_animation=&#8221;slideInLeft&#8221; link=&#8221;https:\/\/azeitesdocobral.com\/produto\/azeite-virgem-extra\/&#8221; css=&#8221;.vc_custom_1531838678283{margin-top: 0px !important;margin-bottom: 0px !important;padding-top: 0px !important;padding-bottom: 0px !important;}&#8221;][\/vc_column][vc_column width=&#8221;1\/12&#8243;][\/vc_column][vc_column width=&#8221;4\/12&#8243; css=&#8221;.vc_custom_1540909866997{padding-top: 20px !important;padding-right: 20px !important;padding-bottom: 20px !important;padding-left: 20px !important;}&#8221;][vc_column_text css_animation=&#8221;fadeIn&#8221;]<\/p>\n<h3 style=\"text-align: center;\">Natives Oliven\u00f6l extra<\/h3>\n<p>[\/vc_column_text][vc_column_text css_animation=&#8221;fadeIn&#8221;]<\/p>\n<p style=\"text-align: center;\">Natives Oliven\u00f6l extra mit niedrigem S\u00e4uregehalt.<br \/>\nEs ist ein Oliven\u00f6l mit einem leicht gr\u00fcnen Geschmack mit anteiligen Bitterstoffen in ausgewogenem Verh\u00e4ltnis.<br \/>\nDieses Oliven\u00f6l wird aus Oliven der Sorten Cobran\u00e7osa und Picual hergestellt.<\/p>\n<p>\u00a0[\/vc_column_text][vc_empty_space][vc_btn title=&#8221;Kaufen&#8221; style=&#8221;classic&#8221; shape=&#8221;square&#8221; color=&#8221;black&#8221; align=&#8221;center&#8221; i_icon_fontawesome=&#8221;fa fa-cart-plus&#8221; add_icon=&#8221;true&#8221; link=&#8221;url:https%3A%2F%2Fazeitesdocobral.com%2Fde%2Fprodukt%2Fnatives-olivenol-extra%2F|&#8221;][\/vc_column][vc_column width=&#8221;1\/12&#8243;][\/vc_column][\/vc_row][vc_row full_width=&#8221;stretch_row_content_no_spaces&#8221; equal_height=&#8221;yes&#8221; content_placement=&#8221;middle&#8221; css=&#8221;.vc_custom_1530713281572{margin-top: 0px !important;margin-bottom: 0px !important;}&#8221;][vc_column width=&#8221;1\/12&#8243;][\/vc_column][vc_column css_animation=&#8221;fadeIn&#8221; width=&#8221;4\/12&#8243; css=&#8221;.vc_custom_1540909889811{padding-top: 20px !important;padding-right: 20px !important;padding-bottom: 20px !important;padding-left: 20px !important;}&#8221;][vc_column_text]<\/p>\n<h3 style=\"text-align: center;\">Natives Oliven\u00f6l Extra \u2013 kalt extrahiert<\/h3>\n<p>[\/vc_column_text][vc_column_text]<\/p>\n<p style=\"text-align: center;\">Natives Oliven\u00f6l extra, extrahiert bei 20\u00baC, mit geringem S\u00e4uregehalt, sehr intensiv und sehr aromatisch mit starkem gr\u00fcnen Geschmack und mit erw\u00fcnscht bitterer Komponente.<br \/>\nSortenreines Oliven\u00f6l aus Oliven der Sorte Cobran\u00e7osa hergestellt.<\/p>\n<p>\u00a0[\/vc_column_text][vc_empty_space][vc_btn title=&#8221;Kaufen&#8221; style=&#8221;classic&#8221; shape=&#8221;square&#8221; color=&#8221;black&#8221; align=&#8221;center&#8221; i_icon_fontawesome=&#8221;fa fa-cart-plus&#8221; add_icon=&#8221;true&#8221; link=&#8221;url:https%3A%2F%2Fazeitesdocobral.com%2Fde%2Fprodukt%2Fnatives-olivenol-extra-kalt-extrahiert%2F|&#8221;][\/vc_column][vc_column width=&#8221;1\/12&#8243;][\/vc_column][vc_column width=&#8221;6\/12&#8243; css=&#8221;.vc_custom_1530714171005{margin-top: 0px !important;margin-bottom: 0px !important;padding-top: 0px !important;padding-bottom: 0px !important;}&#8221;][vc_single_image image=&#8221;3945&#8243; img_size=&#8221;full&#8221; onclick=&#8221;custom_link&#8221; css_animation=&#8221;fadeInRight&#8221; link=&#8221;https:\/\/azeitesdocobral.com\/produto\/azeite-virgem-extra-extraido-a-frio\/&#8221; css=&#8221;.vc_custom_1559646016033{margin-top: 0px !important;margin-bottom: 0px !important;padding-top: 0px !important;padding-bottom: 0px !important;}&#8221;][\/vc_column][\/vc_row][vc_row full_width=&#8221;stretch_row_content_no_spaces&#8221; equal_height=&#8221;yes&#8221; content_placement=&#8221;middle&#8221; css=&#8221;.vc_custom_1540909683394{margin-top: 0px !important;margin-bottom: 0px !important;}&#8221; el_class=&#8221;displayflex&#8221;][vc_column width=&#8221;6\/12&#8243; css=&#8221;.vc_custom_1540910001710{margin-top: 0px !important;margin-bottom: 0px !important;padding-top: 0px !important;padding-bottom: 0px !important;}&#8221; el_class=&#8221;ordermobile&#8221;][vc_single_image image=&#8221;3016&#8243; img_size=&#8221;full&#8221; onclick=&#8221;custom_link&#8221; css_animation=&#8221;slideInLeft&#8221; link=&#8221;https:\/\/azeitesdocobral.com\/produto\/suporte-com-4-garrafas\/&#8221; css=&#8221;.vc_custom_1531838728060{margin-top: 0px !important;margin-bottom: 0px !important;padding-top: 0px !important;padding-bottom: 0px !important;}&#8221;][\/vc_column][vc_column width=&#8221;1\/12&#8243;][\/vc_column][vc_column width=&#8221;4\/12&#8243; css=&#8221;.vc_custom_1540909908401{padding-top: 20px !important;padding-right: 20px !important;padding-bottom: 20px !important;padding-left: 20px !important;}&#8221;][vc_column_text css_animation=&#8221;fadeIn&#8221;]<\/p>\n<h3 style=\"text-align: center;\">Tr\u00e4ger mit 4 Flaschen<\/h3>\n<p>[\/vc_column_text][vc_column_text css_animation=&#8221;fadeIn&#8221;]<\/p>\n<p style=\"text-align: center;\">Tr\u00e4ger mit 4 Flaschen Oliven\u00f6l, 0,25L.<br \/>\nEs umfasst Bio-Oliven\u00f6l, Natives Oliven\u00f6l Extra, Natives Oliven\u00f6l Extra \u2013 aus Oliven benachbarter Regionen und Natives Oliven\u00f6l Extra \u2013 Kaltextraktion.<\/p>\n<p>\u00a0[\/vc_column_text][vc_empty_space][vc_btn title=&#8221;Kaufen&#8221; style=&#8221;classic&#8221; shape=&#8221;square&#8221; color=&#8221;black&#8221; align=&#8221;center&#8221; i_icon_fontawesome=&#8221;fa fa-cart-plus&#8221; add_icon=&#8221;true&#8221; link=&#8221;url:https%3A%2F%2Fazeitesdocobral.com%2Fde%2Fprodukt%2Ftrager-mit-4-flaschen%2F|&#8221;][\/vc_column][vc_column width=&#8221;1\/12&#8243;][\/vc_column][\/vc_row][vc_row disable_element=&#8221;yes&#8221; css=&#8221;.vc_custom_1542898063855{margin-top: 150px !important;margin-bottom: 100px !important;}&#8221;][vc_column width=&#8221;1\/6&#8243;][\/vc_column][vc_column width=&#8221;2\/3&#8243;][vc_column_text]<div class=\"strong-view strong-view-id-1 modern wpmtst-modern slider-container slider-mode-fade slider-adaptive\" data-count=2 data-slider-var=strong_slider_id_1 data-state=idle><div class=\"strong-content wpmslider-content\"><div class=\"wpmtst-testimonial testimonial t-slide post-2975\"><div class=\"wpmtst-testimonial-inner testimonial-inner\"><div data-infinite-loop=\"false\"  class=\"wpmtst-testimonial-content  testimonial-content\"><h3 class=\"wpmtst-testimonial-heading testimonial-heading\">Testemunho 2<\/h3><p>Lorem ipsum dolor sit amet, consectetur adipiscing elit. Nam at mattis lacus. Etiam ullamcorper lacus id lorem suscipit, vitae auctor purus placerat. Ut consequat vel augue non dignissim. Nam vel tempus justo, ac consequat odio. Sed consequat fringilla vehicula. Cras ultricies elit et aliquet laoreet. Integer mattis pharetra eros et sollicitudin.<\/p><\/div><div class=\"wpmtst-testimonial-image testimonial-image\"><img width=\"150\" height=\"150\" src=\"https:\/\/azeitesdocobral.com\/wp-content\/uploads\/2018\/06\/foto-testemunhos-02-150x150.jpg\" class=\"attachment-thumbnail size-thumbnail wp-post-image\" alt=\"\" loading=\"lazy\" srcset=\"https:\/\/azeitesdocobral.com\/wp-content\/uploads\/2018\/06\/foto-testemunhos-02-150x150.jpg 150w, https:\/\/azeitesdocobral.com\/wp-content\/uploads\/2018\/06\/foto-testemunhos-02-300x300.jpg 300w, https:\/\/azeitesdocobral.com\/wp-content\/uploads\/2018\/06\/foto-testemunhos-02-75x75.jpg 75w, https:\/\/azeitesdocobral.com\/wp-content\/uploads\/2018\/06\/foto-testemunhos-02.jpg 500w, https:\/\/azeitesdocobral.com\/wp-content\/uploads\/2018\/06\/foto-testemunhos-02-100x100.jpg 100w\" sizes=\"(max-width: 150px) 100vw, 150px\" \/><\/div><div class=\"wpmtst-testimonial-field testimonial-field testimonial-name\">Lu\u00eds Sousa<\/div><div class=\"wpmtst-testimonial-field testimonial-field testimonial-company\">Loja Bio<\/div><div class=\"clear\"><\/div><\/div><\/div><div class=\"wpmtst-testimonial testimonial t-slide post-2970\"><div class=\"wpmtst-testimonial-inner testimonial-inner\"><div data-infinite-loop=\"false\"  class=\"wpmtst-testimonial-content  testimonial-content\"><h3 class=\"wpmtst-testimonial-heading testimonial-heading\">Testemunho 1<\/h3><p>Lorem ipsum dolor sit amet, consectetur adipiscing elit. Nam at mattis lacus. Etiam ullamcorper lacus id lorem suscipit, vitae auctor purus placerat. Ut consequat vel augue non dignissim. Nam vel tempus justo, ac consequat odio. Sed consequat fringilla vehicula. Cras ultricies elit et aliquet laoreet. Integer mattis pharetra eros et sollicitudin.<\/p><\/div><div class=\"wpmtst-testimonial-image testimonial-image\"><img width=\"150\" height=\"150\" src=\"https:\/\/azeitesdocobral.com\/wp-content\/uploads\/2018\/06\/foto-testemunhos-01-150x150.jpg\" class=\"attachment-thumbnail size-thumbnail wp-post-image\" alt=\"\" loading=\"lazy\" srcset=\"https:\/\/azeitesdocobral.com\/wp-content\/uploads\/2018\/06\/foto-testemunhos-01-150x150.jpg 150w, https:\/\/azeitesdocobral.com\/wp-content\/uploads\/2018\/06\/foto-testemunhos-01-300x300.jpg 300w, https:\/\/azeitesdocobral.com\/wp-content\/uploads\/2018\/06\/foto-testemunhos-01-75x75.jpg 75w, https:\/\/azeitesdocobral.com\/wp-content\/uploads\/2018\/06\/foto-testemunhos-01.jpg 500w, https:\/\/azeitesdocobral.com\/wp-content\/uploads\/2018\/06\/foto-testemunhos-01-100x100.jpg 100w\" sizes=\"(max-width: 150px) 100vw, 150px\" \/><\/div><div class=\"wpmtst-testimonial-field testimonial-field testimonial-name\">Ant\u00f3nio Martins<\/div><div class=\"wpmtst-testimonial-field testimonial-field testimonial-company\">Brito & Cunha<\/div><div class=\"clear\"><\/div><\/div><\/div><\/div><\/div>[\/vc_column_text][\/vc_column][vc_column width=\"1\/6\"][\/vc_column][\/vc_row][vc_row full_width=\"stretch_row_content_no_spaces\" full_height=\"yes\" content_placement=\"middle\" css=\".vc_custom_1531844730672{background: #20201f url(https:\/\/azeitesdocobral.com\/wp-content\/uploads\/2018\/07\/imagem-home-01.jpg?id=3188) !important;background-position: center !important;background-repeat: no-repeat !important;background-size: cover !important;}\"][vc_column width=\"1\/4\"][\/vc_column][vc_column width=\"1\/2\"][vc_column_text]<\/p>\n<h2 style=\"text-align: center;\"><span style=\"color: #ffffff;\">Hundertj\u00e4hrige Verbindung<\/span><\/h2>\n<p>[\/vc_column_text][vc_column_text]<\/p>\n<p style=\"text-align: center;\"><span style=\"color: #ffffff;\">Azeites do Cobral ist das Ergebnis der Fusion zweier hundertj\u00e4hriger M\u00fchlen, die traditionell mit der Landwirtschaft und der Oliven\u00f6lproduktion verbunden sind.<\/span><\/p>\n<p>\u00a0[\/vc_column_text][vc_btn title=\"Unsere Geschichte\" style=\"classic\" shape=\"square\" color=\"black\" align=\"center\" link=\"url:https%3A%2F%2Fazeitesdocobral.com%2Fde%2Fdas-unternehmen%2F|\"][\/vc_column][vc_column width=\"1\/4\"][\/vc_column][\/vc_row][vc_row css=\".vc_custom_1531839800888{margin-top: 50px !important;}\"][vc_column width=\"1\/4\"][\/vc_column][vc_column width=\"1\/2\"][vc_single_image image=\"2999\" img_size=\"100x67\" alignment=\"center\"][vc_column_text]<\/p>\n<p style=\"text-align: center;\">Azeites do Cobral ist ein zertifiziertes Unternehmen f\u00fcr die Herstellung und Vermarktung von Bio-Oliven\u00f6l, mit der Unterst\u00fctzung und Kontrolle der unabh\u00e4ngigen Zertifizierungsstelle <a href=\"https:\/\/www.kiwa.com\/pt\/pt\/\" target=\"_blank\" rel=\"noopener noreferrer\"><strong>Kiwa Sativa<\/strong><\/a>.<\/p>\n<p>\u00a0[\/vc_column_text][\/vc_column][vc_column width=\"1\/4\"][\/vc_column][\/vc_row]<\/p>\n","protected":false},"excerpt":{"rendered":"<p>[vc_row full_width=&#8221;stretch_row&#8221;][vc_column][rev_slider_vc alias=&#8221;video-home&#8221;][\/vc_column][\/vc_row][vc_row full_width=&#8221;stretch_row_content_no_spaces&#8221; equal_height=&#8221;yes&#8221; content_placement=&#8221;middle&#8221; css=&#8221;.vc_custom_1530713281572{margin-top: 0px !important;margin-bottom: 0px !important;}&#8221;][vc_column width=&#8221;1\/12&#8243;][\/vc_column][vc_column width=&#8221;4\/12&#8243; css=&#8221;.vc_custom_1543493576568{padding-top: 20px !important;padding-right: 20px !important;padding-bottom: 20px !important;padding-left: 20px !important;}&#8221;][vc_column_text] Bio-Oliven\u00f6l [\/vc_column_text][vc_column_text] Zertifiziertes Natives Oliven\u00f6l Extra. Sehr intensiv und aromatisch mit einem leichten gr\u00fcn-w\u00fcrzigen Geschmack. Mit niedrigem S\u00e4uregehalt und hergestellt aus Oliven der Sorten Galega und Cobran\u00e7osa. \u00a0[\/vc_column_text][vc_empty_space][vc_btn title=&#8221;Kaufen&#8221; style=&#8221;classic&#8221; shape=&#8221;square&#8221; color=&#8221;black&#8221; align=&#8221;center&#8221; [&hellip;]<\/p>\n","protected":false},"author":1,"featured_media":0,"parent":0,"menu_order":0,"comment_status":"closed","ping_status":"closed","template":"page-full-width.php","meta":[],"_links":{"self":[{"href":"https:\/\/azeitesdocobral.com\/de\/wp-json\/wp\/v2\/pages\/3638"}],"collection":[{"href":"https:\/\/azeitesdocobral.com\/de\/wp-json\/wp\/v2\/pages"}],"about":[{"href":"https:\/\/azeitesdocobral.com\/de\/wp-json\/wp\/v2\/types\/page"}],"author":[{"embeddable":true,"href":"https:\/\/azeitesdocobral.com\/de\/wp-json\/wp\/v2\/users\/1"}],"replies":[{"embeddable":true,"href":"https:\/\/azeitesdocobral.com\/de\/wp-json\/wp\/v2\/comments?post=3638"}],"version-history":[{"count":1,"href":"https:\/\/azeitesdocobral.com\/de\/wp-json\/wp\/v2\/pages\/3638\/revisions"}],"predecessor-version":[{"id":4200,"href":"https:\/\/azeitesdocobral.com\/de\/wp-json\/wp\/v2\/pages\/3638\/revisions\/4200"}],"wp:attachment":[{"href":"https:\/\/azeitesdocobral.com\/de\/wp-json\/wp\/v2\/media?parent=3638"}],"curies":[{"name":"wp","href":"https:\/\/api.w.org\/{rel}","templated":true}]}}