{"id":3641,"date":"2018-12-15T12:56:41","date_gmt":"2018-12-15T12:56:41","guid":{"rendered":"https:\/\/azeitesdocobral.com\/datenschutzrichtlinie\/"},"modified":"2018-12-29T15:17:36","modified_gmt":"2018-12-29T15:17:36","slug":"datenschutzrichtlinie","status":"publish","type":"page","link":"https:\/\/azeitesdocobral.com\/de\/datenschutzrichtlinie\/","title":{"rendered":"Datenschutzrichtlinien"},"content":{"rendered":"<p>[vc_row css=&#8221;.vc_custom_1532000893274{margin-top: 80px !important;}&#8221;][vc_column width=&#8221;1\/12&#8243;][\/vc_column][vc_column width=&#8221;5\/6&#8243;][vc_column_text]Ihre Privatsph\u00e4re ist uns wichtig.<\/p>\n<p>Diese Website ist Teil von <strong>Azeites do Cobral, Lda.<\/strong>, im Folgenden als <strong>AZEITES DO COBRAL<\/strong> bezeichnet. In dieser Datenschutzerkl\u00e4rung wird erl\u00e4utert, wie wir die personenbezogenen Daten verwenden, die wir bei der Nutzung dieser Website \u00fcber Sie erfassen.[\/vc_column_text][\/vc_column][vc_column width=&#8221;1\/12&#8243;][\/vc_column][\/vc_row][vc_row css=&#8221;.vc_custom_1532000930148{margin-top: 20px !important;}&#8221;][vc_column width=&#8221;1\/12&#8243;][\/vc_column][vc_column width=&#8221;5\/6&#8243;][vc_column_text]<\/p>\n<h3>Inhalt<\/h3>\n<p>&nbsp;[\/vc_column_text][vc_tta_accordion style=&#8221;flat&#8221; color=&#8221;white&#8221; active_section=&#8221;&#8221;][vc_tta_section title=&#8221;\u00dcber diese Datenschutzrichtlinie&#8221; tab_id=&#8221;1531999826795-8f0c0139-d4e9&#8243;][vc_column_text]AZEITES DO COBRAL respektiert Ihre Pr\u00e4ferenzen bez\u00fcglich der Erhebung und Verwendung Ihrer pers\u00f6nlichen Daten.<\/p>\n<p>\u201ePersonenbezogene Daten\u201c sind Informationen in Bezug auf eine identifizierte oder identifizierbare nat\u00fcrliche Person (\u201eDateneigent\u00fcmer\u201c); eine identifizierbare Person wird als direkt oder indirekt identifizierbar angesehen, insbesondere durch Bezugnahme auf einen Identifikator, beispielsweise einen Namen, eine Identifikationsnummer, Ortsdaten, Identifikatoren auf elektronischem Wege oder auf ein oder mehrere spezifische Elemente des Identifikators, k\u00f6rperliche, genetische, geistige, wirtschaftliche, kulturelle oder soziale Identit\u00e4t dieser nat\u00fcrlichen Person.<\/p>\n<p>AZEITES DO COBRAL respektiert Ihre Pr\u00e4ferenzen bez\u00fcglich der Behandlung von pers\u00f6nlichen Daten, die gesammelt werden. Diese Anwendungsweise erm\u00f6glicht es Ihnen zu erfahren, wie AZEITES DO COBRAL Ihre personenbezogenen Daten sammelt und verwendet, wie Sie deren Verwendung kontrollieren k\u00f6nnen und beschreibt unsere Praktiken in Bezug auf Informationen von anderen Websites, die sich auf diese Anwendungsweise beziehen oder damit in Verbindung stehen (wie Websites, Softwareanwendungen, soziale Netzwerke und elektronische Nachrichten) sowie Offline-Marketing- und Verkaufsaktivit\u00e4ten (zusammenfassend \u201eKommunikationskan\u00e4le\u201c).<\/p>\n<p>Die Kommunikationskan\u00e4le k\u00f6nnen Links zu anderen Plattformen bieten, die nicht zu AZEITES DO COBRAL \u2013 geh\u00f6ren. Wir empfehlen Ihnen, die Datenschutzrichtlinien dieser Websites, Dienste, sozialen Netzwerke oder Anwendungen zu \u00fcberpr\u00fcfen, bevor Sie Ihre pers\u00f6nlichen Daten bereitstellen.[\/vc_column_text][\/vc_tta_section][vc_tta_section title=&#8221;Welche Informationen sammeln wir \u00fcber Sie?&#8221; tab_id=&#8221;1531999826808-139317c2-68d9&#8243;][vc_column_text]Wir sammeln auf unserer Website keine Informationen \u00fcber Sie.<\/p>\n<p>Wir bitten Sie, keine sensiblen pers\u00f6nlichen Daten wie Rasse oder ethnische Herkunft, politische Meinungen, religi\u00f6se oder philosophische \u00dcberzeugungen oder Gewerkschaftsmitgliedschaft sowie genetische Daten, biometrische Daten, an AZEITES DO COBRAL zu senden oder mitzuteilen oder Daten in Bezug auf das Sexualleben oder die sexuelle Ausrichtung.<\/p>\n<p>Die Informationen zur Nutzung der Website werden mithilfe von Cookies gesammelt, Sie werden jedoch nicht speziell identifiziert. Folgende Daten werden erhoben oder k\u00f6nnen erhoben werden:<\/p>\n<ul>\n<li>IP-Adresse.<\/li>\n<li>Geografische Lage.<\/li>\n<li>Informationen \u00fcber das Ger\u00e4t, das auf die Website zugreift, n\u00e4mlich Browsertyp und -version, Betriebssystem, Bildschirmaufl\u00f6sung, bevorzugte Sprache, Informationen in den HTTP-Headern und die Agentenversion.<\/li>\n<li>Die Suchmaschine, mit der Sie die Website gefunden und darauf zugegriffen haben.<\/li>\n<li>Datum und Uhrzeit der Aktivit\u00e4t auf der Website sowie aufgerufene und angeklickte Webseiten und Inhalte.<\/li>\n<\/ul>\n<p>Es ist zu beachten, dass diese Nutzungsinformationen Sie nicht vors\u00e4tzlich identifizieren.\u00a0Falls Sie ausnahmsweise identifiziert werden, werden diese sofort anonymisiert.<br \/>\nDurch die Erteilung von Informationen geben Sie Ihre eindeutige Einwilligung, dass Sie der Verarbeitung der Sie betreffenden Daten in automatisierter Weise zustimmen.<\/p>\n<p>Einige der angeforderten Daten sind obligatorisch und sind identifiziert, und das Fehlen oder die Ungenauigkeit der Antworten kann die erbrachte Dienstleistung beeintr\u00e4chtigen.[\/vc_column_text][\/vc_tta_section][vc_tta_section title=&#8221;Wie verwenden wir Informationen \u00fcber Sie?&#8221; tab_id=&#8221;1532000126452-f3ecb71f-da82&#8243;][vc_column_text]Die gesammelten Daten dienen dazu, Ihre Nutzung der Website \u00fcber die Informationen zu anderen Produkten und Dienstleistungen zu verwalten, von denen wir glauben, dass sie f\u00fcr Sie von Interesse sind.<\/p>\n<p>Wir verwenden die auf der Website gesammelten Informationen, um Ihre n\u00e4chsten Besuche anzupassen.<\/p>\n<p>AZEITES DO COBRAL teilt Ihre Informationen f\u00fcr Marketingkampagnen nicht mit anderen Unternehmen, noch \u00fcbertr\u00e4gt es Ihre pers\u00f6nlichen Daten in ein Drittland.<\/p>\n<p>Obwohl die bereitgestellten Informationen von AZEITES DO COBRAL im Allgemeinen als privat behandelt werden, werden die gesammelten Daten w\u00e4hrend des gesamten Behandlungsprozesses in \u00dcbereinstimmung mit den Bestimmungen zum Schutz personenbezogener Daten verwendet. Es kann jedoch notwendig sein, personenbezogene Daten privat an andere Stellen, n\u00e4mlich juristische, zu \u00fcbermitteln, und bei der Bearbeitung Ihrer Anfrage k\u00f6nnen wir Ihre Daten an Kreditagenturen und Agenturen zur Betrugspr\u00e4vention senden und Informationen von diesen in Anspruch nehmen.<\/p>\n<p>Sie haben das Recht, sich bei einer \u00dcberwachungsbeh\u00f6rde der Europ\u00e4ischen Union \u00fcber den Schutz Ihrer personenbezogenen Daten zu beschweren. AZEITES DO COBRAL wird mit der Kontrollbeh\u00f6rde zusammenarbeiten und alle Informationen zur Verf\u00fcgung stellen, die diese im Rahmen Ihrer Befugnisse ben\u00f6tigt. Die auf dieser Website gesammelten Informationen beinhalten keine automatisierten Entscheidungen, einschlie\u00dflich Profilerstellung.<\/p>\n<p>Auf dieser Website werden keine Vergleiche, Verbindungen oder andere Formen der Verkn\u00fcpfung zu registrierten Informationen hergestellt.<\/p>\n<p>Da Ihre Daten in einem offenen Netzwerk zirkulieren k\u00f6nnen, besteht das Risiko, dass sie von unbefugten Dritten gesehen und verwendet werden.<\/p>\n<p>AZEITES DO COBRAL akzeptiert nur Informationsanfragen von Benutzern, die mindestens 16 Jahre alt sind. Die Kommunikationskan\u00e4le von Azeites do Cobral sind nicht f\u00fcr minderj\u00e4hrige Benutzer gedacht. Wenn Ihnen eine Registrierung durch Minderj\u00e4hrige bekannt ist, teilen Sie uns dies bitte mit, um sofort die L\u00f6schung der Aufzeichnung vorzunehmen.<\/p>\n<p>Wir werden Ihre pers\u00f6nlichen Daten nicht weitergeben.[\/vc_column_text][\/vc_tta_section][vc_tta_section title=&#8221;Zugriff und Korrektur Ihrer Informationen&#8221; tab_id=&#8221;1532000260568-78ee65c7-e291&#8243;][vc_column_text]Wir wollen uns der Genauigkeit und Zuverl\u00e4ssigkeit der Informationen sicher sein, die wir \u00fcber Sie haben.<\/p>\n<p>Wir vertrauen darauf, dass der Dateninhaber uns genaue und vollst\u00e4ndige Informationen zur Verf\u00fcgung stellt und die Daten in Bezug auf \u00c4nderungen der bereitgestellten Informationen aktualisiert.<\/p>\n<p>Der Inhaber hat das Recht, seine Einwilligung jederzeit zu widerrufen, ohne die Rechtm\u00e4\u00dfigkeit der auf Basis der zuvor gegebenen Zustimmung erfolgten Verarbeitung zu beeintr\u00e4chtigen, und das Recht, von AZEITES DO COBRAL Zugang zu den jeweiligen personenbezogenen Daten zu verlangen, sowie deren Berichtigung oder L\u00f6schung, und die Limitierung der Verarbeitung, die den Benutzer betrifft oder das Recht, der Verarbeitung sowie der Daten\u00fcbertragbarkeit zu widersprechen.<\/p>\n<p>Nicht inbegriffen in obigem Punkt sind die personenbezogenen Daten, welche f\u00fcr die Ausf\u00fchrung des Vertrags, an dem der Benutzer teilhat, zur Erf\u00fcllung der gesetzlichen Verpflichtungen, denen der Verantwortliche f\u00fcr die Verarbeitung unterliegt, und f\u00fcr die legitimen Interessen von Azeites do Cobral notwendig sind.<\/p>\n<p>Unbeschadet gesetzlicher Vorgaben oder entgegengesetzter Vorschriften werden die personenbezogenen Daten nur f\u00fcr die zum Zweck ihrer Erhebung oder sp\u00e4teren Verarbeitung notwendige Mindestdauer behalten, danach werden sie gel\u00f6scht oder, wenn es von Interesse f\u00fcr Azeites do Cobral ist, f\u00fcr statistische Zwecke verarbeitet und anonymisiert, wobei es nicht m\u00f6glich ist, ihren Inhaber zu identifizieren.<\/p>\n<p>Die Weiterverarbeitung von personenbezogenen Daten zu einem anderen Zweck als dem, f\u00fcr den die Daten erhoben wurden, bedarf einer Zustimmung, wobei vor einer solchen Verarbeitung der daf\u00fcr Verantwortliche dem Dateninhaber Informationen \u00fcber deren Zweck und alle anderen relevanten Informationen liefert.<\/p>\n<p>Sie haben das Recht, eine Kopie der Informationen anzufordern, die wir \u00fcber Sie haben. Wenn Sie eine Kopie der teilweisen oder vollst\u00e4ndigen Informationen Ihrer Daten im Besitz von AZEITES DO COBRAL anfordern m\u00f6chten, senden Sie uns bitte eine E-Mail an info@azeitesdocobral.com oder schreiben Sie uns: Largo de S. Jo\u00e3o 6 \/ 3405-166 Lagares da Beira (Oliveira do Hospital).<\/p>\n<p>Wenn die von der betroffenen Person vorgelegten Antr\u00e4ge offensichtlich unbegr\u00fcndet oder zu weitreichend sind, vor allem wegen ihres repetitiven Charakters, kann AZEITES DO COBRAL unter dem derzeitigen Rechtsrahmen die Zahlung einer angemessenen Geb\u00fchr verlangen unter Ber\u00fccksichtigung der Verwaltungskosten f\u00fcr die Bereitstellung der Informationen oder der Mitteilung oder die Ergreifung der angeforderten Ma\u00dfnahmen oder verweigern, dem Ansuchen nachzukommen.[\/vc_column_text][\/vc_tta_section][vc_tta_section title=&#8221;Cookies&#8221; tab_id=&#8221;1532000374962-7719f11d-3b29&#8243;][vc_column_text]Hierbei handelt es sich um kleine Textdateien, die auf Ihrem Computer gespeichert sind und Informationen \u00fcber Ihr Ger\u00e4t sowie Informationen zu Ihrer Nutzungserfahrung sammeln. Diese Informationen werden verwendet, um die Anzahl der durchgef\u00fchrten Besuche zu erfassen und statistische Informationen \u00fcber die Aktivit\u00e4t der Website zusammenzustellen.<\/p>\n<p>Arten von Cookies, abh\u00e4ngig von der Entit\u00e4t, die sie verwaltet:<br \/>\n\u2022 eigene Cookies: Ein Cookie, der von dieser Domain \/ Website verwaltet wird.<br \/>\n\u2022 Cookies von Drittanbietern: Ein Cookie, der von einer anderen Dom\u00e4ne \/ Website verwaltet wird.<br \/>\n\u2022 dauerhafte Cookies: Die Cookie-Informationen werden dauerhaft auf Ihrem Ger\u00e4t gespeichert.<br \/>\n\u2022 Sitzungscookies: Cookie-Informationen werden nicht dauerhaft auf Ihrem Ger\u00e4t gespeichert.<\/p>\n<p>AZEITES DO COBRAL verwendet Session-Cookies und \u201eFirst-Party-Cookies\u2033.<br \/>\nArten von Cookies nach Verwendungszweck:<\/p>\n<ul>\n<li>Technische Cookies: sind diejenigen, die es erm\u00f6glichen \u00fcber eine Domain \/ Website zu surfen und die verschiedenen Optionen oder Dienste anzuwenden, zum Beispiel die Sitzung zu identifizieren oder den Zugang zu bestimmten Bereichen zu erhalten und den Prozess einer Bestellung durchzuf\u00fchren.<\/li>\n<li>Personalisierungs-Cookies: sind solche, die den Zugriff auf die Dom\u00e4ne \/ Website mit einigen vordefinierten Eigenschaften basierend auf einer Reihe von getroffenen Entscheidungen erm\u00f6glichen, z. B. die verwendete Sprache.<\/li>\n<li>Analyse-Cookies: sind solche, die die \u00dcberwachung und Analyse des Verhaltens von Nutzern von Websites, mit denen sie verbunden sind, erm\u00f6glichen. Die durch solche Cookies gesammelten Informationen werden beispielsweise dazu verwendet, die Aktivit\u00e4t der Websites zu messen und Navigationsprofile zu erstellen.<\/li>\n<li>Werbecookies: Mit diesen Cookies k\u00f6nnen Sie die effektivste Art der Werbefl\u00e4che anhand von Kriterien wie bearbeiteten Inhalten oder der H\u00e4ufigkeit, mit der Anzeigen geschaltet werden, verwalten.<\/li>\n<li>Behavioral Advertising Cookies: Dies sind diejenigen, mit denen Sie die effektivste Art und Weise der Werbefl\u00e4che verwalten k\u00f6nnen. Diese Cookies speichern Informationen \u00fcber das Verhalten des Benutzers, die durch die kontinuierliche Beobachtung ihrer Surfgewohnheiten gewonnen werden, und erm\u00f6glichen es, ein spezifisches Profil zu entwickeln, um darauf basierende Werbung anzuzeigen.<\/li>\n<\/ul>\n<p>AZEITES DO COBRAL verwendet Analyse-Cookies; verwendet keine Werbecookies, Personalisierungs-Cookies, technische Cookies oder Verhaltens-Cookies.<br \/>\nInformationen zu Cookies werden vom Eigent\u00fcmer der Website kontrolliert und abgerufen.<\/p>\n<p>Spezifische Informationen \u00fcber Drittanbieter-Cookies von Google Analytics k\u00f6nnen durch https:\/\/developers.google.com\/analytics\/devguides\/collection\/analyticsjs\/cookie-usage und den AddThis Dienst unter der Adresse http:\/\/www.addthis.com\/privacy erhalten werden.<\/p>\n<p>Wir sind nicht verantwortlich f\u00fcr den Inhalt und die Richtigkeit der Nutzungsbedingungen, Datenschutzrichtlinien und Cookie-Richtlinien von Drittanbietern, auf die oben verwiesen wurde.<\/p>\n<p>Weitere Informationen erhalten Sie unter www.aboutcookies.org oder www.allaboutcookies.org.<\/p>\n<p>Sie k\u00f6nnen Ihren Browser so konfigurieren, dass er keine Cookies akzeptiert, und die oben genannten Websites erkl\u00e4ren, wie Sie diese entfernen k\u00f6nnen. Die Nichtakzeptanz von Cookies kann jedoch dazu f\u00fchren, dass einige Funktionen der Website nicht korrekt ausgef\u00fchrt werden.<\/p>\n<p>Keines der verwendeten Cookies ist wesentlich f\u00fcr die Nutzung der Website, f\u00fcr eine bestimmte Funktionalit\u00e4t oder zur Verbesserung der Website-Leistung.<br \/>\nDie Verwendung von Cookies von AZEITES DO COBRAL zielt darauf ab, die Nutzung der Website zu analysieren und Ihnen eine nahtlose Browser-Erfahrung zu erm\u00f6glichen. Zu keiner Zeit sammeln wir pers\u00f6nliche Daten durch Cookies.<\/p>\n<p>Cookies werden f\u00fcr keinen anderen als den im vorherigen Punkt genannten Zweck verwendet.[\/vc_column_text][\/vc_tta_section][vc_tta_section title=&#8221;Andere Webseiten&#8221; tab_id=&#8221;1532000470610-b19e8676-48a3&#8243;][vc_column_text]Diese Website kann Links zu anderen Websites enthalten. Diese Datenschutzerkl\u00e4rung gilt nur f\u00fcr diese Website. Sie sollten die Datenschutzrichtlinien anderer Websites lesen.[\/vc_column_text][\/vc_tta_section][vc_tta_section title=&#8221;Sicherheit&#8221; tab_id=&#8221;1532000501286-0a23911a-c4fe&#8221;][vc_column_text]AZEITES DO COBRAL, f\u00fchrt geeignete technische und organisatorische Ma\u00dfnahmen durch, um ein Sicherheitsniveau zu gew\u00e4hrleisten, das dem Risiko der Aufbewahrung der pers\u00f6nlichen Daten und deren \u00dcbermittlung entspricht.<\/p>\n<p>AZEITES DO COBRAL verf\u00fcgt \u00fcber ein Computersystem, das in der Lage ist, mit einem gewissen Ma\u00df an Sicherheit zuf\u00e4lligen Ereignissen oder b\u00f6swilligen oder illegalen Aktionen zu widerstehen, die die Verf\u00fcgbarkeit, Authentizit\u00e4t, Integrit\u00e4t und Vertraulichkeit der gespeicherten oder \u00fcbertragenen personenbezogenen Daten beeintr\u00e4chtigen sowie die Sicherheit zugeh\u00f6riger Dienste, die \u00fcber diese Netze und Systeme angeboten oder zug\u00e4nglich sind.[\/vc_column_text][\/vc_tta_section][vc_tta_section title=&#8221;Kontakte&#8221; tab_id=&#8221;1532000526618-a005bbb0-7ae3&#8243;][vc_column_text]Verantwortlich f\u00fcr die Behandlung dieser Website ist AZEITES DO COBRAL, und kann \u00fcber die Postanschrift Largo de S. Jo\u00e3o 6 \/ 3405-166 Lagares da Beira (Oliveira do Hospital) oder alternativ per +351 238 646 655 oder +351 918 128 602 und info@azeitesdocobral.com (Email) kontaktiert werden.<\/p>\n<p>Der Datenschutzbeauftragte (DPO) kann \u00fcber die Postanschrift des Verantwortlichen f\u00fcr die Behandlung oder alternativ per E-Mail info@azeitesdocobral.com kontaktiert werden.<\/p>\n<p>Wenn Sie der Meinung sind, dass AZEITES DO COBRAL dieser Erkl\u00e4rung nicht Folge geleistet hat, eine Frage zu unseren Datenschutzrichtlinien oder zu den Informationen haben, die wir \u00fcber Sie besitzen, kontaktieren Sie uns bitte unter info@azeitesdocobral.com.<br \/>\nWir werden auf Fragen innerhalb von 30 Tagen antworten.[\/vc_column_text][\/vc_tta_section][vc_tta_section title=&#8221;\u00c4nderungen an dieser Datenschutzerkl\u00e4rung&#8221; tab_id=&#8221;1532000653073-213f6130-5e48&#8243;][vc_column_text]Unsere Datenschutzrichtlinien werden regelm\u00e4\u00dfig \u00fcberpr\u00fcft und alle \u00c4nderungen werden auf dieser Website ver\u00f6ffentlicht. Das letzte Update ist der 10. Mai 2018.[\/vc_column_text][\/vc_tta_section][\/vc_tta_accordion][\/vc_column][vc_column width=&#8221;1\/12&#8243;][\/vc_column][\/vc_row]<\/p>\n","protected":false},"excerpt":{"rendered":"<p>[vc_row css=&#8221;.vc_custom_1532000893274{margin-top: 80px !important;}&#8221;][vc_column width=&#8221;1\/12&#8243;][\/vc_column][vc_column width=&#8221;5\/6&#8243;][vc_column_text]Ihre Privatsph\u00e4re ist uns wichtig. Diese Website ist Teil von Azeites do Cobral, Lda., im Folgenden als AZEITES DO COBRAL bezeichnet. In dieser Datenschutzerkl\u00e4rung wird erl\u00e4utert, wie wir die personenbezogenen Daten verwenden, die wir bei der Nutzung dieser Website \u00fcber Sie erfassen.[\/vc_column_text][\/vc_column][vc_column width=&#8221;1\/12&#8243;][\/vc_column][\/vc_row][vc_row css=&#8221;.vc_custom_1532000930148{margin-top: 20px !important;}&#8221;][vc_column width=&#8221;1\/12&#8243;][\/vc_column][vc_column width=&#8221;5\/6&#8243;][vc_column_text] Inhalt &nbsp;[\/vc_column_text][vc_tta_accordion [&hellip;]<\/p>\n","protected":false},"author":1,"featured_media":0,"parent":0,"menu_order":0,"comment_status":"closed","ping_status":"closed","template":"","meta":[],"_links":{"self":[{"href":"https:\/\/azeitesdocobral.com\/de\/wp-json\/wp\/v2\/pages\/3641"}],"collection":[{"href":"https:\/\/azeitesdocobral.com\/de\/wp-json\/wp\/v2\/pages"}],"about":[{"href":"https:\/\/azeitesdocobral.com\/de\/wp-json\/wp\/v2\/types\/page"}],"author":[{"embeddable":true,"href":"https:\/\/azeitesdocobral.com\/de\/wp-json\/wp\/v2\/users\/1"}],"replies":[{"embeddable":true,"href":"https:\/\/azeitesdocobral.com\/de\/wp-json\/wp\/v2\/comments?post=3641"}],"version-history":[{"count":0,"href":"https:\/\/azeitesdocobral.com\/de\/wp-json\/wp\/v2\/pages\/3641\/revisions"}],"wp:attachment":[{"href":"https:\/\/azeitesdocobral.com\/de\/wp-json\/wp\/v2\/media?parent=3641"}],"curies":[{"name":"wp","href":"https:\/\/api.w.org\/{rel}","templated":true}]}}