{"id":3644,"date":"2018-12-15T16:16:41","date_gmt":"2018-12-15T16:16:41","guid":{"rendered":"https:\/\/azeitesdocobral.com\/allgemeine-geschaftsbedingungen\/"},"modified":"2018-12-17T09:39:48","modified_gmt":"2018-12-17T09:39:48","slug":"allgemeine-geschaftsbedingungen","status":"publish","type":"page","link":"https:\/\/azeitesdocobral.com\/de\/allgemeine-geschaftsbedingungen\/","title":{"rendered":"Allgemeine Gesch\u00e4ftsbedingungen"},"content":{"rendered":"<p>[vc_row css=&#8221;.vc_custom_1532000893274{margin-top: 80px !important;}&#8221;][vc_column width=&#8221;1\/12&#8243;][\/vc_column][vc_column width=&#8221;5\/6&#8243;][vc_tta_tabs style=&#8221;flat&#8221; shape=&#8221;square&#8221; color=&#8221;white&#8221; alignment=&#8221;center&#8221; active_section=&#8221;1&#8243;][vc_tta_section title=&#8221;Nutzungsbedingungen&#8221; tab_id=&#8221;1532012899917-cbc4972e-2763&#8243;][vc_column_text]Durch den Zugriff auf die Website azeitescobral.com erkennt der Benutzer die folgenden Bedingungen f\u00fcr den Zugriff und die Nutzung an und akzeptiert diese vorbehaltlos:<\/p>\n<ol>\n<li>Im Hinblick auf Benutzer und Klient ist es die Pflicht des Website-Benutzers von azeitesdocobral.com, im guten Glauben in den verschiedenen Aktionen zu handeln, die er auf der Website durchf\u00fchren kann, indem er die Rechtsvorschriften respektiert, insbesondere im Hinblick auf das Urheberrecht und damit verbundene Rechte, das Gesetz \u00fcber das gewerbliche Eigentum und das Gesetz \u00fcber Computerkriminalit\u00e4t. Der Benutzer ist verantwortlich f\u00fcr die Entscheidung \u00fcber die Bestellung, basierend auf den Informationen auf der Website azeitesdocobral.com, basierend auf den zum Zeitpunkt der Bestellung \/ Kauf verf\u00fcgbaren Inhalten. Wenn der Benutzer sich entscheidet, den Vorgang der Bestellung eines oder mehrerer Artikel in azeitesdocobral.com einzuleiten, anerkennt er seine alleinige Verantwortung f\u00fcr seine Kaufaktionen, wobei die jeweilige Aufhebung oder \u00c4nderung der Daten durch den Kontakt mit dem verantwortlichen Kundendienst auf der Website azeitesdocobral.com immer m\u00f6glich ist. Ungeachtet dieser Online-Bestellvorg\u00e4nge beh\u00e4lt sich azeitesdocobral.com das Recht vor, eine Best\u00e4tigung der Bestellung \u00fcber die vom Kunden angegebenen Telefonnummern zu t\u00e4tigen. Mit Klient-Benutzer ist derjenige gemeint, der den Bestellvorgang abschlie\u00dft, indem er die 4 auf der Website azeitesdocobral.com genannten Schritte ausf\u00fchrt.<\/li>\n<li>Im Hinblick auf die Inhalte und Informationen sind die dem Nutzer zur Verf\u00fcgung gestellten Informationen und Inhalte in azeitesdocobral.com Website, einschlie\u00dflich Texte, Bilder und andere visuelle Elemente ausschlie\u00dfliches Eigentum von azeitesdocobral.com, au\u00dfer Inhalten, die von Anbietern und Inserenten, die sich als solche zu erkennen geben und deren Informationen in Ihrer alleinigen Verantwortung liegen. Die Inhalte von m\u00f6glichen Links auf der Website azeitesdocobral.com sind das alleinige Eigentum und die Verantwortung der jeweiligen Eigent\u00fcmer. Azeitesdocobral.com beh\u00e4lt sich das Recht vor, die auf der Website ver\u00f6ffentlichten Nutzungsbedingungen oder andere Bestimmungen ohne vorherige Ank\u00fcndigung zu \u00e4ndern. Sie sollten daher regelm\u00e4\u00dfig die Nutzungsbedingungen oder andere Regelungen konsultieren, da die weitere Nutzung der Website die vorbehaltlose Annahme der an ihnen vorgenommenen \u00c4nderungen und die Anerkennung der jeweils neuesten Version voraussetzt.<br \/>\nSchritt 1 \u2013 Einkaufswagen, mit den bestellbaren Artikeln;<br \/>\nSchritt 2 \u2013 Lieferadresse;<br \/>\nSchritt 3 \u2013 Versandart + Zahlungsweise;<br \/>\nSchritt 4 \u2013 Bestellbest\u00e4tigung.<\/li>\n<li>Bei der Identifizierung und Registrierung best\u00e4tigen Sie, verantwortlich f\u00fcr die Erstellung, \u00c4nderung und Aufrechterhaltung der Identifizierung einschlie\u00dflich Passwort oder andere Sicherheitsmechanismen zu sein. Der Nutzer verpflichtet sich, die Nutzungsbedingungen auf dieser Website zu respektieren und die Verantwortung f\u00fcr Sch\u00e4den, die aus der Mi\u00dfachtung der hier dargelegten Bedingungen resultieren, zu \u00fcbernehmen.<\/li>\n<li>In Bezug auf das Unternehmen ist azeitesdocobral.com nicht verantwortlich f\u00fcr Verz\u00f6gerungen, Aussetzungen oder Unterbrechungen von Informationen auf der Website, die durch Probleme au\u00dferhalb seiner Verantwortung verursacht werden. Azeitesdocobral.com haftet gegen\u00fcber dem Benutzer oder einem anderen Dritten nicht f\u00fcr Sch\u00e4den, Verluste, Kosten, Beeintr\u00e4chtigungen, die sich aus der Ungenauigkeit von Daten oder anderen Informationen ergeben, die von der Website bereitgestellt werden. Azeitesdocobral.com ist nicht verantwortlich f\u00fcr eine Entscheidung des Nutzers oder Dritter aufgrund von Informationen der Website, auch wenn diese nicht korrekt sind. Azeitesdocobral.com kann den Zugang f\u00fcr jeden Nutzer ohne vorherige Ank\u00fcndigung verweigern, wenn er der Ansicht ist, dass die Nutzung durch den Nutzer in irgendeiner Weise gegen die Nutzungsbedingungen der Website verst\u00f6\u00dft.<\/li>\n<\/ol>\n<p>[\/vc_column_text][\/vc_tta_section][vc_tta_section title=&#8221;Verkaufsbedingungen&#8221; tab_id=&#8221;1532012899931-4b4d02e5-ae80&#8243;][vc_column_text]Identit\u00e4t von Lieferant und Kundenservice azeitesdocobral.com ist eine eingetragene Dom\u00e4ne von azeitesdocobral.com: Azeites do Cobral, Lda. \u2013 Hauptsitz:Largo de S. Jo\u00e3o 6 \/ 3405\u2013166 Lagares da Beira (Oliveira do Hospital) \u2013 E-Mail: info@azeitesdocobral.com<\/p>\n<ol>\n<li><strong>Bedingungen und Lieferkosten:<\/strong> Bestellungen werden zu jedem Ort im portugiesischen Staatsgebiet (Festland und autonome Regionen) durch den Zustelldienst von CTT Expresso \u2013 oder dem zu benennenden Spediteur, mit dem in der Bestellung angegebenen und in der Option \u201eLieferzeiten\u201c detailliert beschriebenen Versandgeb\u00fchren geliefert. Die Zustelldienste stellen sicher, dass, wenn niemand an der Zustelladresse anzutreffen ist, um die Bestellung entgegenzunehmen, dieselbe auf den Poststellen des Adressbereiches von CTT f\u00fcr den von der Einrichtung festgelegt Zeitraum verbleibt und, im Fall eines Spediteurs, der Kunde kontaktiert wird, um die angenehmste M\u00f6glichkeit zu eruieren, mit der Lieferung fortzufahren. Die durchschnittliche Lieferfrist f\u00fcr Bestellungen, ausgenommen fehlender Lagerbestand, betr\u00e4gt 3 Arbeitstage f\u00fcr das Festland und 6 Arbeitstage f\u00fcr die Autonomen Regionen*, sofern die Bestellungen bis 12 Uhr mittags erfolgen.*<br \/>\n<strong>Hinweis:<\/strong> F\u00fcr die Inseln der Azoren dauert es zwischen 7 und 15 Werktage. Die H\u00f6he der Versandkosten wie bei der Bestellung angezeigt, ist lediglich informativ und kann vorl\u00e4ufig nicht als definitiv betrachtet werden, wobei der Kunde immer kontaktiert wird, wenn nach erfolgter Bestellung dieser Betrag irgendeine Ver\u00e4nderung in Bezug auf den angegebenen erf\u00e4hrt.<\/li>\n<li><strong>Zahlungsm\u00f6glichkeiten:<\/strong> Sie k\u00f6nnen f\u00fcr Ihre Eink\u00e4ufe zwischen zwei Zahlungsm\u00f6glichkeiten w\u00e4hlen: \u2013 Vorauszahlung: Bank\u00fcberweisung an IBAN: PT50004533804010887778545 entsprechend dem Gesamtwert der Bestellung (Produkt (e) + Versand).<\/li>\n<li><strong>Widerrufsrecht, R\u00fcckgaberecht oder Stornierung:<\/strong> F\u00fcr folgende Situationen k\u00f6nnen Sie von Ihrem R\u00fcckgabe \/ Widerrufsrecht Gebrauch machen: Bis zu 15 Tage nach Lieferung \u2013 dazu m\u00fcssen Sie in telefonischen Kontakt mit azeitesdocobral.com treten und m\u00fcssen unbedingt die Bestelldaten sowie den entsprechenden Kaufbeleg bereithalten und angeben, ob Sie Umtausch oder R\u00fcckerstattung w\u00fcnschen. Die zur\u00fcckgegebenen Artikel m\u00fcssen in einwandfreiem Zustand, vollst\u00e4ndig und ordnungsgem\u00e4\u00df in der Originalverpackung und ohne Anzeichen f\u00fcr eine erfolgte Verwendung verpackt sein. Die Kosten f\u00fcr Transport und \/ oder R\u00fcckgabe gehen zu Lasten des Kunden. Stornierungen oder Erstattungen gelten nicht in den folgenden gesetzlich vorgesehen Situationen: Lieferungen von Waren die in \u00dcbereinstimmung mit genauen Angaben des Verbrauchers erstellt wurden oder offensichtlich Kunden spezifisch sind oder die aufgrund ihrer Beschaffenheit nicht zur\u00fcckgegeben werden k\u00f6nnen oder schnell verderben oder verfallen k\u00f6nnen.<\/li>\n<li><strong>Eigenschaften der Produkte:<\/strong> Die Eigenschaften der Produkte sind immer im Katalog beschrieben und zum Zeitpunkt der Bestellung zug\u00e4nglich. Azeitesdocobral.com ist nicht verantwortlich f\u00fcr eventuell auf der Website ver\u00f6ffentlichte Fehler. Die gezeigten Fotos stimmen m\u00f6glicherweise nicht mit der beschriebenen Beschaffenheit \u00fcberein. Preise und Spezifikationen k\u00f6nnen ohne Vorank\u00fcndigung ge\u00e4ndert werden. Die auf der Website azeitesdocobral.com zum Verkauf angebotenen Artikel sind auf den Lagerbestand beschr\u00e4nkt.<\/li>\n<li><strong>Preisangaben:<\/strong> Die Preise gelten bis zum Zeitpunkt der Bestellung auf der Website oder telefonisch. Von diesem Moment an k\u00f6nnen sie ohne vorherige Ank\u00fcndigung ge\u00e4ndert werden. Anwendbares Recht und Gerichtsstand: Die vorliegenden Nutzungsbedingungen unterliegen portugiesischem Recht und Gerichtsbarkeit und die Schlichtung eines aus der Erbringung von Dienstleistungen unter den gegenw\u00e4rtigen Bedingungen entstehenden Konflikts untersteht der Zust\u00e4ndigkeit des Gerichtes von Oliveira do Hospital.<\/li>\n<\/ol>\n<p>[\/vc_column_text][\/vc_tta_section][\/vc_tta_tabs][\/vc_column][vc_column width=&#8221;1\/12&#8243;][\/vc_column][\/vc_row]<\/p>\n","protected":false},"excerpt":{"rendered":"<p>[vc_row css=&#8221;.vc_custom_1532000893274{margin-top: 80px !important;}&#8221;][vc_column width=&#8221;1\/12&#8243;][\/vc_column][vc_column width=&#8221;5\/6&#8243;][vc_tta_tabs style=&#8221;flat&#8221; shape=&#8221;square&#8221; color=&#8221;white&#8221; alignment=&#8221;center&#8221; active_section=&#8221;1&#8243;][vc_tta_section title=&#8221;Nutzungsbedingungen&#8221; tab_id=&#8221;1532012899917-cbc4972e-2763&#8243;][vc_column_text]Durch den Zugriff auf die Website azeitescobral.com erkennt der Benutzer die folgenden Bedingungen f\u00fcr den Zugriff und die Nutzung an und akzeptiert diese vorbehaltlos: Im Hinblick auf Benutzer und Klient ist es die Pflicht des Website-Benutzers von azeitesdocobral.com, im guten Glauben in den [&hellip;]<\/p>\n","protected":false},"author":1,"featured_media":0,"parent":0,"menu_order":0,"comment_status":"closed","ping_status":"closed","template":"","meta":[],"_links":{"self":[{"href":"https:\/\/azeitesdocobral.com\/de\/wp-json\/wp\/v2\/pages\/3644"}],"collection":[{"href":"https:\/\/azeitesdocobral.com\/de\/wp-json\/wp\/v2\/pages"}],"about":[{"href":"https:\/\/azeitesdocobral.com\/de\/wp-json\/wp\/v2\/types\/page"}],"author":[{"embeddable":true,"href":"https:\/\/azeitesdocobral.com\/de\/wp-json\/wp\/v2\/users\/1"}],"replies":[{"embeddable":true,"href":"https:\/\/azeitesdocobral.com\/de\/wp-json\/wp\/v2\/comments?post=3644"}],"version-history":[{"count":0,"href":"https:\/\/azeitesdocobral.com\/de\/wp-json\/wp\/v2\/pages\/3644\/revisions"}],"wp:attachment":[{"href":"https:\/\/azeitesdocobral.com\/de\/wp-json\/wp\/v2\/media?parent=3644"}],"curies":[{"name":"wp","href":"https:\/\/api.w.org\/{rel}","templated":true}]}}