{"id":3646,"date":"2018-07-04T11:17:30","date_gmt":"2018-07-04T11:17:30","guid":{"rendered":"https:\/\/azeitesdocobral.com\/produto\/trager-mit-4-flaschen\/"},"modified":"2020-06-09T16:09:22","modified_gmt":"2020-06-09T16:09:22","slug":"trager-mit-4-flaschen","status":"publish","type":"product","link":"https:\/\/azeitesdocobral.com\/de\/produkt\/trager-mit-4-flaschen\/","title":{"rendered":"Tr\u00e4ger mit 4 Flaschen"},"content":{"rendered":"<p>Tr\u00e4ger mit 4 Flaschen Oliven\u00f6l, 0,25L.<br \/>\nEs umfasst Bio-Oliven\u00f6l, Natives Oliven\u00f6l Extra, Natives Oliven\u00f6l Extra \u2013 aus Oliven benachbarter Regionen und Natives Oliven\u00f6l Extra \u2013 Kaltextraktion.<\/p>\n","protected":false},"excerpt":{"rendered":"<p>Tr\u00e4ger mit 4 Flaschen Oliven\u00f6l, 0,25L.<br \/>\nEs umfasst Bio-Oliven\u00f6l, Natives Oliven\u00f6l Extra, Natives Oliven\u00f6l Extra \u2013 aus Oliven benachbarter Regionen und Natives Oliven\u00f6l Extra \u2013 Kaltextraktion.<\/p>\n<h6><strong>Hinweis: Die genannten Preise sind zuz\u00fcglich Versand und Mehrwertsteuer.<\/strong><\/h6>\n<h6>N\u00e4hrwertangaben(<i>pro 100 ml<\/i>): Brennwert &#8211; 3421 kJ (821 kcal); Fett &#8211; 91,2 g, davon ges\u00e4ttigte Fetts\u00e4uren &#8211; 13,1 g; Kohlenhydrate &#8211; 0,0 g, davon Zucker &#8211; 0,0 g; Eiwei\u00df &#8211; 0,0 g; Salz &#8211; 0,0 g.<\/h6>\n","protected":false},"featured_media":3016,"template":"","meta":[],"product_cat":[175],"product_tag":[],"_links":{"self":[{"href":"https:\/\/azeitesdocobral.com\/de\/wp-json\/wp\/v2\/product\/3646"}],"collection":[{"href":"https:\/\/azeitesdocobral.com\/de\/wp-json\/wp\/v2\/product"}],"about":[{"href":"https:\/\/azeitesdocobral.com\/de\/wp-json\/wp\/v2\/types\/product"}],"wp:featuredmedia":[{"embeddable":true,"href":"https:\/\/azeitesdocobral.com\/de\/wp-json\/wp\/v2\/media\/3016"}],"wp:attachment":[{"href":"https:\/\/azeitesdocobral.com\/de\/wp-json\/wp\/v2\/media?parent=3646"}],"wp:term":[{"taxonomy":"product_cat","embeddable":true,"href":"https:\/\/azeitesdocobral.com\/de\/wp-json\/wp\/v2\/product_cat?post=3646"},{"taxonomy":"product_tag","embeddable":true,"href":"https:\/\/azeitesdocobral.com\/de\/wp-json\/wp\/v2\/product_tag?post=3646"}],"curies":[{"name":"wp","href":"https:\/\/api.w.org\/{rel}","templated":true}]}}