{"id":3647,"date":"2018-07-04T11:08:29","date_gmt":"2018-07-04T11:08:29","guid":{"rendered":"https:\/\/azeitesdocobral.com\/produto\/natives-olivenol-extra-kalt-extrahiert\/"},"modified":"2020-06-09T16:12:05","modified_gmt":"2020-06-09T16:12:05","slug":"natives-olivenol-extra-kalt-extrahiert","status":"publish","type":"product","link":"https:\/\/azeitesdocobral.com\/de\/produkt\/natives-olivenol-extra-kalt-extrahiert\/","title":{"rendered":"Natives Oliven\u00f6l Extra \u2013 kalt extrahiert"},"content":{"rendered":"<p>Natives Oliven\u00f6l extra, extrahiert bei 20\u00baC, mit geringem S\u00e4uregehalt, sehr intensiv und sehr aromatisch mit starkem gr\u00fcnen Geschmack und mit erw\u00fcnscht bitterer Komponente.<br \/>\nSortenreines Oliven\u00f6l aus Oliven der Sorte Cobran\u00e7osa hergestellt.<\/p>\n","protected":false},"excerpt":{"rendered":"<p>Natives Oliven\u00f6l extra, extrahiert bei 20\u00baC, mit geringem S\u00e4uregehalt, sehr intensiv und sehr aromatisch mit starkem gr\u00fcnen Geschmack und mit erw\u00fcnscht bitterer Komponente.<br \/>\nSortenreines Oliven\u00f6l aus Oliven der Sorte Cobran\u00e7osa hergestellt.<\/p>\n<h6><strong>Hinweis: Die genannten Preise sind zuz\u00fcglich Versand und Mehrwertsteuer.<\/strong><\/h6>\n<h6>N\u00e4hrwertangaben(<i>pro 100 ml<\/i>): Brennwert &#8211; 3421 kJ (821 kcal); Fett &#8211; 91,2 g, davon ges\u00e4ttigte Fetts\u00e4uren &#8211; 13,1 g; Kohlenhydrate &#8211; 0,0 g, davon Zucker &#8211; 0,0 g; Eiwei\u00df &#8211; 0,0 g; Salz &#8211; 0,0 g.<\/h6>\n","protected":false},"featured_media":3040,"template":"","meta":[],"product_cat":[176],"product_tag":[],"_links":{"self":[{"href":"https:\/\/azeitesdocobral.com\/de\/wp-json\/wp\/v2\/product\/3647"}],"collection":[{"href":"https:\/\/azeitesdocobral.com\/de\/wp-json\/wp\/v2\/product"}],"about":[{"href":"https:\/\/azeitesdocobral.com\/de\/wp-json\/wp\/v2\/types\/product"}],"wp:featuredmedia":[{"embeddable":true,"href":"https:\/\/azeitesdocobral.com\/de\/wp-json\/wp\/v2\/media\/3040"}],"wp:attachment":[{"href":"https:\/\/azeitesdocobral.com\/de\/wp-json\/wp\/v2\/media?parent=3647"}],"wp:term":[{"taxonomy":"product_cat","embeddable":true,"href":"https:\/\/azeitesdocobral.com\/de\/wp-json\/wp\/v2\/product_cat?post=3647"},{"taxonomy":"product_tag","embeddable":true,"href":"https:\/\/azeitesdocobral.com\/de\/wp-json\/wp\/v2\/product_tag?post=3647"}],"curies":[{"name":"wp","href":"https:\/\/api.w.org\/{rel}","templated":true}]}}