{"id":3662,"date":"2018-06-28T16:17:18","date_gmt":"2018-06-28T16:17:18","guid":{"rendered":"https:\/\/azeitesdocobral.com\/produto\/bio-olivenol\/"},"modified":"2024-04-02T12:04:37","modified_gmt":"2024-04-02T12:04:37","slug":"bio-olivenol","status":"publish","type":"product","link":"https:\/\/azeitesdocobral.com\/de\/produkt\/bio-olivenol\/","title":{"rendered":"Bio-Oliven\u00f6l"},"content":{"rendered":"<p>Zertifiziertes Natives Oliven\u00f6l Extra.<br \/>\nSehr intensiv und aromatisch mit einem leichten gr\u00fcn-w\u00fcrzigen Geschmack.<br \/>\nMit niedrigem S\u00e4uregehalt und hergestellt aus Oliven der Sorten Galega und Cobran\u00e7osa.<\/p>\n","protected":false},"excerpt":{"rendered":"<p>Zertifiziertes Natives Oliven\u00f6l Extra.<br \/>\nSehr intensiv und aromatisch mit einem leichten gr\u00fcn-w\u00fcrzigen Geschmack.<br \/>\nMit niedrigem S\u00e4uregehalt und hergestellt aus Oliven der Sorten Galega und Cobran\u00e7osa.<\/p>\n<h6><strong>Hinweis: Die genannten Preise sind zuz\u00fcglich Versand und Mehrwertsteuer.<\/strong><\/h6>\n<h6>N\u00e4hrwertangaben(<i>pro 100 ml<\/i>): Brennwert &#8211; 3421 kJ (821 kcal); Fett &#8211; 91,2 g, davon ges\u00e4ttigte Fetts\u00e4uren &#8211; 13,1 g; Kohlenhydrate &#8211; 0,0 g, davon Zucker &#8211; 0,0 g; Eiwei\u00df &#8211; 0,0 g; Salz &#8211; 0,0 g.<\/h6>\n","protected":false},"featured_media":3478,"template":"","meta":[],"product_cat":[178],"product_tag":[],"_links":{"self":[{"href":"https:\/\/azeitesdocobral.com\/de\/wp-json\/wp\/v2\/product\/3662"}],"collection":[{"href":"https:\/\/azeitesdocobral.com\/de\/wp-json\/wp\/v2\/product"}],"about":[{"href":"https:\/\/azeitesdocobral.com\/de\/wp-json\/wp\/v2\/types\/product"}],"wp:featuredmedia":[{"embeddable":true,"href":"https:\/\/azeitesdocobral.com\/de\/wp-json\/wp\/v2\/media\/3478"}],"wp:attachment":[{"href":"https:\/\/azeitesdocobral.com\/de\/wp-json\/wp\/v2\/media?parent=3662"}],"wp:term":[{"taxonomy":"product_cat","embeddable":true,"href":"https:\/\/azeitesdocobral.com\/de\/wp-json\/wp\/v2\/product_cat?post=3662"},{"taxonomy":"product_tag","embeddable":true,"href":"https:\/\/azeitesdocobral.com\/de\/wp-json\/wp\/v2\/product_tag?post=3662"}],"curies":[{"name":"wp","href":"https:\/\/api.w.org\/{rel}","templated":true}]}}