{"id":3753,"date":"2019-02-18T18:16:34","date_gmt":"2019-02-18T18:16:34","guid":{"rendered":"https:\/\/azeitesdocobral.com\/consumer-information\/"},"modified":"2019-02-18T18:16:35","modified_gmt":"2019-02-18T18:16:35","slug":"consumer-information","status":"publish","type":"page","link":"https:\/\/azeitesdocobral.com\/en\/consumer-information\/","title":{"rendered":"Consumer Information"},"content":{"rendered":"<p>[vc_row css=&#8221;.vc_custom_1532000893274{margin-top: 80px !important;}&#8221;][vc_column width=&#8221;1\/12&#8243;][\/vc_column][vc_column width=&#8221;5\/6&#8243;][vc_column_text]We inform the Customers that this Company is available for any clarification or resolution of any problem related to the service provided at this establishment.<\/p>\n<p>Informa-se ainda que podem, enquanto consumidores, recorrer \u00e0 Entidade Alternativa de Conflitos de Consumo (Entidade de RAL) abaixo indicada, em caso de lit\u00edgio:[\/vc_column_text][vc_column_text]<\/p>\n<h5><strong>CIMPAS \u2013 Centro de Informa\u00e7\u00e3o, Media\u00e7\u00e3o, Provedoria e Arbitragem de Seguros<\/strong><\/h5>\n<ul>\n<li><strong>Lisboa:<\/strong><br \/>\nAv. Fontes Pereira de Melo, n\u00ba 11 \u2013 9\u00ba Esq<br \/>\n1050-115 Lisboa<br \/>\nTel: +351 213 827 700<br \/>\nFax: +351 213 827 708<br \/>\nE-mail: geral@cimpas.pt<\/li>\n<li><strong>Norte:<\/strong><br \/>\nRua do Infante D. Henrique, n\u00ba73, Piso 1<br \/>\n4050-297 Porto<br \/>\nTel: +351 226 069 910<br \/>\nFax: +351 226 094 110<br \/>\nE-mail: cimpasnorte@cimpas.pt<\/li>\n<\/ul>\n<p>Web: <a href=\"http:\/\/www.cimpas.pt\">http:\/\/www.cimpas.pt<\/a>[\/vc_column_text][\/vc_column][vc_column width=&#8221;1\/12&#8243;][\/vc_column][\/vc_row]<\/p>\n","protected":false},"excerpt":{"rendered":"<p>[vc_row css=&#8221;.vc_custom_1532000893274{margin-top: 80px !important;}&#8221;][vc_column width=&#8221;1\/12&#8243;][\/vc_column][vc_column width=&#8221;5\/6&#8243;][vc_column_text]We inform the Customers that this Company is available for any clarification or resolution of any problem related to the service provided at this establishment. Informa-se ainda que podem, enquanto consumidores, recorrer \u00e0 Entidade Alternativa de Conflitos de Consumo (Entidade de RAL) abaixo indicada, em caso de lit\u00edgio:[\/vc_column_text][vc_column_text] CIMPAS \u2013 [&hellip;]<\/p>\n","protected":false},"author":1,"featured_media":0,"parent":0,"menu_order":0,"comment_status":"closed","ping_status":"closed","template":"","meta":[],"_links":{"self":[{"href":"https:\/\/azeitesdocobral.com\/en\/wp-json\/wp\/v2\/pages\/3753"}],"collection":[{"href":"https:\/\/azeitesdocobral.com\/en\/wp-json\/wp\/v2\/pages"}],"about":[{"href":"https:\/\/azeitesdocobral.com\/en\/wp-json\/wp\/v2\/types\/page"}],"author":[{"embeddable":true,"href":"https:\/\/azeitesdocobral.com\/en\/wp-json\/wp\/v2\/users\/1"}],"replies":[{"embeddable":true,"href":"https:\/\/azeitesdocobral.com\/en\/wp-json\/wp\/v2\/comments?post=3753"}],"version-history":[{"count":0,"href":"https:\/\/azeitesdocobral.com\/en\/wp-json\/wp\/v2\/pages\/3753\/revisions"}],"wp:attachment":[{"href":"https:\/\/azeitesdocobral.com\/en\/wp-json\/wp\/v2\/media?parent=3753"}],"curies":[{"name":"wp","href":"https:\/\/api.w.org\/{rel}","templated":true}]}}