{"id":3824,"date":"2019-02-19T18:42:46","date_gmt":"2019-02-19T18:42:46","guid":{"rendered":"https:\/\/azeitesdocobral.com\/a-empresa\/"},"modified":"2019-02-28T12:14:06","modified_gmt":"2019-02-28T12:14:06","slug":"a-empresa","status":"publish","type":"page","link":"https:\/\/azeitesdocobral.com\/fr\/a-empresa\/","title":{"rendered":"L&#8217;Entreprise"},"content":{"rendered":"<p>[vc_row full_width=&#8221;stretch_row_content_no_spaces&#8221; css_animation=&#8221;fadeIn&#8221; css=&#8221;.vc_custom_1531925889873{margin-bottom: 75px !important;background-image: url(https:\/\/azeitesdocobral.com\/wp-content\/uploads\/2018\/07\/empresa_cabecalho-1920&#215;810.jpg?id=3252) !important;background-position: center !important;background-repeat: no-repeat !important;background-size: cover !important;}&#8221;][vc_column][vc_empty_space height=&#8221;800px&#8221;][\/vc_column][\/vc_row][vc_row type=&#8221;boxed&#8221; css=&#8221;.vc_custom_1544695813813{margin-bottom: 75px !important;}&#8221;][vc_column][vc_column_text]<\/p>\n<h1>Azeites do Cobral est le r\u00e9sultat de la fusion de deux pressoirs centenaires appartenant \u00e0 deux familles de la Beira Alta historiquement li\u00e9es \u00e0 l&#8217;agriculture et \u00e0 la production d&#8217;huile d&#8217;olive.<\/h1>\n<p>[\/vc_column_text][vc_row_inner][vc_column_inner width=&#8221;1\/2&#8243;][vc_column_text]Les installations sont situ\u00e9es \u00e0 la Quinta do Cobral \u00e0 Lagares da Beira, pr\u00e8s de la rivi\u00e8re Cobral, dans une zone avec des traditions s\u00e9culaires dans la culture de l&#8217;olivier et dans le processus de transformation des olives en huile d&#8217;olive.<\/p>\n<p>C&#8217;est une nouvelle entreprise, dot\u00e9e des \u00e9quipements les plus modernes, avec un contr\u00f4le de qualit\u00e9 rigoureux et avec les meilleures conditions d&#8217;hygi\u00e8ne et de qualit\u00e9 sanitaire.[\/vc_column_text][\/vc_column_inner][vc_column_inner width=&#8221;1\/2&#8243;][vc_column_text]Elle produit, dans ses locaux, de l&#8217;huile d&#8217;olive vierge et de l&#8217;huile d&#8217;olive extra vierge des olives issues des vari\u00e9t\u00e9s Galega et Cobran\u00e7osa provenant des pentes de la Serra da Estrela et de toute la r\u00e9gion de Beira Alta.<\/p>\n<p>Azeites do Cobral est une entreprise certifi\u00e9e pour la production et la commercialisation d&#8217;huile d&#8217;olive biologique, avec le soutien d&#8217;une soci\u00e9t\u00e9 de certification ind\u00e9pendante.[\/vc_column_text][\/vc_column_inner][\/vc_row_inner][\/vc_column][\/vc_row][vc_row full_width=&#8221;stretch_row_content&#8221; content_placement=&#8221;middle&#8221; css=&#8221;.vc_custom_1484860742309{margin-bottom: 75px !important;}&#8221;][vc_column width=&#8221;1\/2&#8243;][vc_single_image image=&#8221;3262&#8243; img_size=&#8221;full&#8221; alignment=&#8221;right&#8221;][\/vc_column][vc_column width=&#8221;1\/2&#8243;][vc_single_image image=&#8221;3266&#8243; img_size=&#8221;full&#8221;][\/vc_column][\/vc_row][vc_row css=&#8221;.vc_custom_1484860735616{margin-bottom: 75px !important;}&#8221;][vc_column width=&#8221;1\/6&#8243;][\/vc_column][vc_column width=&#8221;2\/3&#8243;][vc_column_text]<\/p>\n<h3 style=\"text-align: center;\">V\u00e9ritable Huile d&#8217;Olive Portugaise obtenue directement \u00e0 partir d&#8217;olives, uniquement par proc\u00e9d\u00e9 m\u00e9canique.<\/h3>\n<p>[\/vc_column_text][\/vc_column][vc_column width=&#8221;1\/6&#8243;][\/vc_column][\/vc_row][vc_row css=&#8221;.vc_custom_1484860748294{margin-bottom: 75px !important;}&#8221;][vc_column][vc_single_image image=&#8221;3274&#8243; img_size=&#8221;full&#8221; alignment=&#8221;center&#8221;][\/vc_column][\/vc_row]<\/p>\n","protected":false},"excerpt":{"rendered":"<p>[vc_row full_width=&#8221;stretch_row_content_no_spaces&#8221; css_animation=&#8221;fadeIn&#8221; css=&#8221;.vc_custom_1531925889873{margin-bottom: 75px !important;background-image: url(https:\/\/azeitesdocobral.com\/wp-content\/uploads\/2018\/07\/empresa_cabecalho-1920&#215;810.jpg?id=3252) !important;background-position: center !important;background-repeat: no-repeat !important;background-size: cover !important;}&#8221;][vc_column][vc_empty_space height=&#8221;800px&#8221;][\/vc_column][\/vc_row][vc_row type=&#8221;boxed&#8221; css=&#8221;.vc_custom_1544695813813{margin-bottom: 75px !important;}&#8221;][vc_column][vc_column_text] Azeites do Cobral est le r\u00e9sultat de la fusion de deux pressoirs centenaires appartenant \u00e0 deux familles de la Beira Alta historiquement li\u00e9es \u00e0 l&#8217;agriculture et \u00e0 la production d&#8217;huile d&#8217;olive. [\/vc_column_text][vc_row_inner][vc_column_inner width=&#8221;1\/2&#8243;][vc_column_text]Les installations sont situ\u00e9es [&hellip;]<\/p>\n","protected":false},"author":1,"featured_media":0,"parent":0,"menu_order":0,"comment_status":"closed","ping_status":"closed","template":"page-full-width.php","meta":[],"_links":{"self":[{"href":"https:\/\/azeitesdocobral.com\/fr\/wp-json\/wp\/v2\/pages\/3824"}],"collection":[{"href":"https:\/\/azeitesdocobral.com\/fr\/wp-json\/wp\/v2\/pages"}],"about":[{"href":"https:\/\/azeitesdocobral.com\/fr\/wp-json\/wp\/v2\/types\/page"}],"author":[{"embeddable":true,"href":"https:\/\/azeitesdocobral.com\/fr\/wp-json\/wp\/v2\/users\/1"}],"replies":[{"embeddable":true,"href":"https:\/\/azeitesdocobral.com\/fr\/wp-json\/wp\/v2\/comments?post=3824"}],"version-history":[{"count":0,"href":"https:\/\/azeitesdocobral.com\/fr\/wp-json\/wp\/v2\/pages\/3824\/revisions"}],"wp:attachment":[{"href":"https:\/\/azeitesdocobral.com\/fr\/wp-json\/wp\/v2\/media?parent=3824"}],"curies":[{"name":"wp","href":"https:\/\/api.w.org\/{rel}","templated":true}]}}