{"id":3832,"date":"2019-02-20T08:11:11","date_gmt":"2019-02-20T08:11:11","guid":{"rendered":"https:\/\/azeitesdocobral.com\/envoi-et-livraison\/"},"modified":"2024-03-15T15:23:28","modified_gmt":"2024-03-15T15:23:28","slug":"envoi-et-livraison","status":"publish","type":"page","link":"https:\/\/azeitesdocobral.com\/fr\/envoi-et-livraison\/","title":{"rendered":"Envoi et Livraison"},"content":{"rendered":"<p>[vc_row css=&#8221;.vc_custom_1532000893274{margin-top: 80px !important;}&#8221;][vc_column width=&#8221;1\/12&#8243;][\/vc_column][vc_column width=&#8221;5\/6&#8243;][vc_tta_tabs style=&#8221;flat&#8221; shape=&#8221;square&#8221; color=&#8221;white&#8221; alignment=&#8221;center&#8221; active_section=&#8221;1&#8243; no_fill_content_area=&#8221;true&#8221;][vc_tta_section title=&#8221;Politique d&#8217;Exp\u00e9dition et D\u00e9lais de Livraison&#8221; tab_id=&#8221;1532010556569-a8bbd2ef-8940&#8243;][vc_column_text]Toutes les commandes pass\u00e9es et r\u00e9gl\u00e9es avant 12H00 seront exp\u00e9di\u00e9es le jour m\u00eame ou le lendemain et livr\u00e9es par Chronopost ou par Transporteur le lendemain au Portugal Continental.[\/vc_column_text][vc_single_image image=&#8221;3314&#8243; img_size=&#8221;full&#8221; add_caption=&#8221;yes&#8221; alignment=&#8221;center&#8221; onclick=&#8221;custom_link&#8221; img_link_target=&#8221;_blank&#8221; link=&#8221;https:\/\/www.chronopost.pt\/track-and-trace&#8221;][vc_column_text]<\/p>\n<h6><strong>Remarque :<\/strong>\u00a0L&#8217;Envoi vers la r\u00e9gion autonome de Mad\u00e8re prendra entre 5 et 7 jours ouvrables.<br \/>\nPour les \u00eeles de l&#8217;archipel des A\u00e7ores, il faudra compter entre 7 et 15 jours ouvrables. (*) uniquement pour les produits en stock et dans le cas du mode de paiement en contre-remboursement. En cas de rupture de stock, le service d&#8217;assistance client\u00e8le vous contactera pour vous informer de la date de livraison pr\u00e9vue.<\/h6>\n<h6><strong>Pour les Envois vers les \u00eeles et vers les autres r\u00e9gions de l\u2019Europe, veuillez nous contacter afin que nous puissions vous fournir un devis pour les frais d\u2019envoi.<\/strong><\/h6>\n<p>[\/vc_column_text][\/vc_tta_section][\/vc_tta_tabs][\/vc_column][vc_column width=&#8221;1\/12&#8243;][\/vc_column][\/vc_row]<\/p>\n","protected":false},"excerpt":{"rendered":"<p>[vc_row css=&#8221;.vc_custom_1532000893274{margin-top: 80px !important;}&#8221;][vc_column width=&#8221;1\/12&#8243;][\/vc_column][vc_column width=&#8221;5\/6&#8243;][vc_tta_tabs style=&#8221;flat&#8221; shape=&#8221;square&#8221; color=&#8221;white&#8221; alignment=&#8221;center&#8221; active_section=&#8221;1&#8243; no_fill_content_area=&#8221;true&#8221;][vc_tta_section title=&#8221;Politique d&#8217;Exp\u00e9dition et D\u00e9lais de Livraison&#8221; tab_id=&#8221;1532010556569-a8bbd2ef-8940&#8243;][vc_column_text]Toutes les commandes pass\u00e9es et r\u00e9gl\u00e9es avant 12H00 seront exp\u00e9di\u00e9es le jour m\u00eame ou le lendemain et livr\u00e9es par Chronopost ou par Transporteur le lendemain au Portugal Continental.[\/vc_column_text][vc_single_image image=&#8221;3314&#8243; img_size=&#8221;full&#8221; add_caption=&#8221;yes&#8221; alignment=&#8221;center&#8221; onclick=&#8221;custom_link&#8221; img_link_target=&#8221;_blank&#8221; link=&#8221;https:\/\/www.chronopost.pt\/track-and-trace&#8221;][vc_column_text] Remarque :\u00a0L&#8217;Envoi [&hellip;]<\/p>\n","protected":false},"author":1,"featured_media":0,"parent":0,"menu_order":0,"comment_status":"closed","ping_status":"closed","template":"","meta":[],"_links":{"self":[{"href":"https:\/\/azeitesdocobral.com\/fr\/wp-json\/wp\/v2\/pages\/3832"}],"collection":[{"href":"https:\/\/azeitesdocobral.com\/fr\/wp-json\/wp\/v2\/pages"}],"about":[{"href":"https:\/\/azeitesdocobral.com\/fr\/wp-json\/wp\/v2\/types\/page"}],"author":[{"embeddable":true,"href":"https:\/\/azeitesdocobral.com\/fr\/wp-json\/wp\/v2\/users\/1"}],"replies":[{"embeddable":true,"href":"https:\/\/azeitesdocobral.com\/fr\/wp-json\/wp\/v2\/comments?post=3832"}],"version-history":[{"count":2,"href":"https:\/\/azeitesdocobral.com\/fr\/wp-json\/wp\/v2\/pages\/3832\/revisions"}],"predecessor-version":[{"id":4195,"href":"https:\/\/azeitesdocobral.com\/fr\/wp-json\/wp\/v2\/pages\/3832\/revisions\/4195"}],"wp:attachment":[{"href":"https:\/\/azeitesdocobral.com\/fr\/wp-json\/wp\/v2\/media?parent=3832"}],"curies":[{"name":"wp","href":"https:\/\/api.w.org\/{rel}","templated":true}]}}