{"id":3837,"date":"2019-02-20T08:48:13","date_gmt":"2019-02-20T08:48:13","guid":{"rendered":"https:\/\/azeitesdocobral.com\/information-au-consommateur\/"},"modified":"2019-03-07T10:46:47","modified_gmt":"2019-03-07T10:46:47","slug":"information-au-consommateur","status":"publish","type":"page","link":"https:\/\/azeitesdocobral.com\/fr\/information-au-consommateur\/","title":{"rendered":"Information au Consommateur"},"content":{"rendered":"<p>[vc_row css=&#8221;.vc_custom_1532000893274{margin-top: 80px !important;}&#8221;][vc_column width=&#8221;1\/12&#8243;][\/vc_column][vc_column width=&#8221;5\/6&#8243;][vc_column_text]Nous informons notre aimable client\u00e8le que notre entreprise est \u00e0 votre disposition pour toute pr\u00e9cision ou r\u00e9solution de tout probl\u00e8me li\u00e9 au service fourni dans cet \u00e9tablissement..<\/p>\n<p>Par ailleurs, vous pouvez, en tant que consommateur, recourir \u00e0 l&#8217;Entit\u00e9 de R\u00e8glement Extrajudiciaire des Litiges de Consommation (Entit\u00e9 de REL) mentionn\u00e9e ci-dessous, en cas de conflit :[\/vc_column_text][vc_column_text]<\/p>\n<h5><strong>CIMPAS \u2013 Centro de Informa\u00e7\u00e3o, Media\u00e7\u00e3o, Provedoria e Arbitragem de Seguros<\/strong><\/h5>\n<ul>\n<li><strong>Lisboa :<\/strong><br \/>\nAv. Fontes Pereira de Melo, n\u00ba 11 \u2013 9\u00ba Esq<br \/>\n1050-115 Lisboa &#8211; Portugal<br \/>\nT\u00e9l : +351 213 827 700<br \/>\nFax : +351 213 827 708<br \/>\nE-mail : geral@cimpas.pt<\/li>\n<li><strong>Nord :<\/strong><br \/>\nRua do Infante D. Henrique, n\u00ba73, Piso 1<br \/>\n4050-297 Porto &#8211; Portugal<br \/>\nT\u00e9l : +351 226 069 910<br \/>\nFax : +351 226 094 110<br \/>\nE-mail : cimpasnorte@cimpas.pt<\/li>\n<\/ul>\n<p>Web : <a href=\"http:\/\/www.cimpas.pt\">http:\/\/www.cimpas.pt<\/a>[\/vc_column_text][\/vc_column][vc_column width=&#8221;1\/12&#8243;][\/vc_column][\/vc_row]<\/p>\n","protected":false},"excerpt":{"rendered":"<p>[vc_row css=&#8221;.vc_custom_1532000893274{margin-top: 80px !important;}&#8221;][vc_column width=&#8221;1\/12&#8243;][\/vc_column][vc_column width=&#8221;5\/6&#8243;][vc_column_text]Nous informons notre aimable client\u00e8le que notre entreprise est \u00e0 votre disposition pour toute pr\u00e9cision ou r\u00e9solution de tout probl\u00e8me li\u00e9 au service fourni dans cet \u00e9tablissement.. Par ailleurs, vous pouvez, en tant que consommateur, recourir \u00e0 l&#8217;Entit\u00e9 de R\u00e8glement Extrajudiciaire des Litiges de Consommation (Entit\u00e9 de REL) mentionn\u00e9e ci-dessous, [&hellip;]<\/p>\n","protected":false},"author":1,"featured_media":0,"parent":0,"menu_order":0,"comment_status":"closed","ping_status":"closed","template":"","meta":[],"_links":{"self":[{"href":"https:\/\/azeitesdocobral.com\/fr\/wp-json\/wp\/v2\/pages\/3837"}],"collection":[{"href":"https:\/\/azeitesdocobral.com\/fr\/wp-json\/wp\/v2\/pages"}],"about":[{"href":"https:\/\/azeitesdocobral.com\/fr\/wp-json\/wp\/v2\/types\/page"}],"author":[{"embeddable":true,"href":"https:\/\/azeitesdocobral.com\/fr\/wp-json\/wp\/v2\/users\/1"}],"replies":[{"embeddable":true,"href":"https:\/\/azeitesdocobral.com\/fr\/wp-json\/wp\/v2\/comments?post=3837"}],"version-history":[{"count":0,"href":"https:\/\/azeitesdocobral.com\/fr\/wp-json\/wp\/v2\/pages\/3837\/revisions"}],"wp:attachment":[{"href":"https:\/\/azeitesdocobral.com\/fr\/wp-json\/wp\/v2\/media?parent=3837"}],"curies":[{"name":"wp","href":"https:\/\/api.w.org\/{rel}","templated":true}]}}