{"id":3839,"date":"2019-02-20T10:28:33","date_gmt":"2019-02-20T10:28:33","guid":{"rendered":"https:\/\/azeitesdocobral.com\/page-daccueil\/"},"modified":"2024-03-15T16:20:06","modified_gmt":"2024-03-15T16:20:06","slug":"page-daccueil","status":"publish","type":"page","link":"https:\/\/azeitesdocobral.com\/fr\/","title":{"rendered":"Accueil"},"content":{"rendered":"<p>[vc_row full_width=&#8221;stretch_row&#8221;][vc_column][rev_slider_vc alias=&#8221;video-home&#8221;][\/vc_column][\/vc_row][vc_row full_width=&#8221;stretch_row_content_no_spaces&#8221; equal_height=&#8221;yes&#8221; content_placement=&#8221;middle&#8221; css=&#8221;.vc_custom_1530713281572{margin-top: 0px !important;margin-bottom: 0px !important;}&#8221;][vc_column width=&#8221;1\/12&#8243;][\/vc_column][vc_column width=&#8221;4\/12&#8243; css=&#8221;.vc_custom_1543493576568{padding-top: 20px !important;padding-right: 20px !important;padding-bottom: 20px !important;padding-left: 20px !important;}&#8221;][vc_column_text]<\/p>\n<h3 style=\"text-align: center;\">Huile d&#8217;Olive Biologique<\/h3>\n<p>[\/vc_column_text][vc_column_text]<\/p>\n<p style=\"text-align: center;\">Huile d&#8217;Olive Vierge Extra Biologique et Certifi\u00e9e.<br \/>\nTr\u00e8s intense et aromatique avec une l\u00e9g\u00e8re sensation de vert et de piquant.<br \/>\nDe basse acidit\u00e9 et produite \u00e0 partir d&#8217;olives des vari\u00e9t\u00e9s galega et cobran\u00e7osa.<\/p>\n<p>[\/vc_column_text][vc_empty_space][vc_btn title=&#8221;Acheter&#8221; style=&#8221;classic&#8221; shape=&#8221;square&#8221; color=&#8221;black&#8221; align=&#8221;center&#8221; i_icon_fontawesome=&#8221;fa fa-cart-plus&#8221; add_icon=&#8221;true&#8221; link=&#8221;url:https%3A%2F%2Fazeitesdocobral.com%2Ffr%2Fproduit%2Fhuile-olive-biologique%2F|&#8221;][\/vc_column][vc_column width=&#8221;1\/12&#8243;][\/vc_column][vc_column width=&#8221;6\/12&#8243; css=&#8221;.vc_custom_1540910505764{padding-top: 0px !important;}&#8221;][vc_single_image image=&#8221;3156&#8243; img_size=&#8221;full&#8221; onclick=&#8221;custom_link&#8221; css_animation=&#8221;fadeInRight&#8221; link=&#8221;https:\/\/azeitesdocobral.com\/produto\/azeite-biologico\/&#8221; css=&#8221;.vc_custom_1530714244568{margin-top: 0px !important;margin-bottom: 0px !important;padding-top: 0px !important;padding-bottom: 0px !important;}&#8221;][\/vc_column][\/vc_row][vc_row full_width=&#8221;stretch_row_content_no_spaces&#8221; equal_height=&#8221;yes&#8221; content_placement=&#8221;middle&#8221; css=&#8221;.vc_custom_1540909647689{margin-top: 0px !important;margin-bottom: 0px !important;}&#8221; el_class=&#8221;displayflex&#8221;][vc_column width=&#8221;6\/12&#8243; css=&#8221;.vc_custom_1540909982926{margin-top: 0px !important;margin-bottom: 0px !important;padding-top: 0px !important;padding-bottom: 0px !important;}&#8221; el_class=&#8221;ordermobile&#8221;][vc_single_image image=&#8221;3091&#8243; img_size=&#8221;full&#8221; onclick=&#8221;custom_link&#8221; css_animation=&#8221;slideInLeft&#8221; link=&#8221;https:\/\/azeitesdocobral.com\/produto\/azeite-virgem-extra\/&#8221; css=&#8221;.vc_custom_1531838678283{margin-top: 0px !important;margin-bottom: 0px !important;padding-top: 0px !important;padding-bottom: 0px !important;}&#8221;][\/vc_column][vc_column width=&#8221;1\/12&#8243;][\/vc_column][vc_column width=&#8221;4\/12&#8243; css=&#8221;.vc_custom_1540909866997{padding-top: 20px !important;padding-right: 20px !important;padding-bottom: 20px !important;padding-left: 20px !important;}&#8221;][vc_column_text css_animation=&#8221;fadeIn&#8221;]<\/p>\n<h3 style=\"text-align: center;\">Huile d&#8217;Olive Vierge Extra<\/h3>\n<p>[\/vc_column_text][vc_column_text css_animation=&#8221;fadeIn&#8221;]<\/p>\n<p style=\"text-align: center;\">Huile d&#8217;Olive Vierge Extra de basse acidit\u00e9.<br \/>\nC&#8217;est une huile d&#8217;olive avec une saveur verte tr\u00e8s l\u00e9g\u00e8re et un peu am\u00e8re.<br \/>\nCette huile d&#8217;olive est produite \u00e0 partir des olives des vari\u00e9t\u00e9s cobran\u00e7osa et piqual.<\/p>\n<p>[\/vc_column_text][vc_empty_space][vc_btn title=&#8221;Acheter&#8221; style=&#8221;classic&#8221; shape=&#8221;square&#8221; color=&#8221;black&#8221; align=&#8221;center&#8221; i_icon_fontawesome=&#8221;fa fa-cart-plus&#8221; add_icon=&#8221;true&#8221; link=&#8221;url:https%3A%2F%2Fazeitesdocobral.com%2Ffr%2Fproduit%2Fhuile-olive-vierge-extra%2F|&#8221;][\/vc_column][vc_column width=&#8221;1\/12&#8243;][\/vc_column][\/vc_row][vc_row full_width=&#8221;stretch_row_content_no_spaces&#8221; equal_height=&#8221;yes&#8221; content_placement=&#8221;middle&#8221; css=&#8221;.vc_custom_1530713281572{margin-top: 0px !important;margin-bottom: 0px !important;}&#8221;][vc_column width=&#8221;1\/12&#8243;][\/vc_column][vc_column css_animation=&#8221;fadeIn&#8221; width=&#8221;4\/12&#8243; css=&#8221;.vc_custom_1540909889811{padding-top: 20px !important;padding-right: 20px !important;padding-bottom: 20px !important;padding-left: 20px !important;}&#8221;][vc_column_text]<\/p>\n<h3 style=\"text-align: center;\">Huile d&#8217;Olive Vierge Extra &#8211; Extraite \u00e0 Froid<\/h3>\n<p>[\/vc_column_text][vc_column_text]<\/p>\n<p style=\"text-align: center;\">Huile d&#8217;Olive Vierge Extra extraite \u00e0 20\u00baC de basse acidit\u00e9, tr\u00e8s intense et tr\u00e8s aromatique avec une forte sensation de vert et plut\u00f4t amer.<br \/>\nHuile d&#8217;Olive monovari\u00e9tale produite \u00e0 partir des olives de la vari\u00e9t\u00e9 cobran\u00e7osa.<\/p>\n<p>[\/vc_column_text][vc_empty_space][vc_btn title=&#8221;Acheter&#8221; style=&#8221;classic&#8221; shape=&#8221;square&#8221; color=&#8221;black&#8221; align=&#8221;center&#8221; i_icon_fontawesome=&#8221;fa fa-cart-plus&#8221; add_icon=&#8221;true&#8221; link=&#8221;url:https%3A%2F%2Fazeitesdocobral.com%2Ffr%2Fproduit%2Fhuile-olive-vierge-extra-extraite-a-froid%2F|&#8221;][\/vc_column][vc_column width=&#8221;1\/12&#8243;][\/vc_column][vc_column width=&#8221;6\/12&#8243; css=&#8221;.vc_custom_1530714171005{margin-top: 0px !important;margin-bottom: 0px !important;padding-top: 0px !important;padding-bottom: 0px !important;}&#8221;][vc_single_image image=&#8221;3944&#8243; img_size=&#8221;full&#8221; onclick=&#8221;custom_link&#8221; css_animation=&#8221;fadeInRight&#8221; link=&#8221;https:\/\/azeitesdocobral.com\/produto\/azeite-virgem-extra-extraido-a-frio\/&#8221; css=&#8221;.vc_custom_1559646016033{margin-top: 0px !important;margin-bottom: 0px !important;padding-top: 0px !important;padding-bottom: 0px !important;}&#8221;][\/vc_column][\/vc_row][vc_row full_width=&#8221;stretch_row_content_no_spaces&#8221; equal_height=&#8221;yes&#8221; content_placement=&#8221;middle&#8221; css=&#8221;.vc_custom_1540909683394{margin-top: 0px !important;margin-bottom: 0px !important;}&#8221; el_class=&#8221;displayflex&#8221;][vc_column width=&#8221;6\/12&#8243; css=&#8221;.vc_custom_1540910001710{margin-top: 0px !important;margin-bottom: 0px !important;padding-top: 0px !important;padding-bottom: 0px !important;}&#8221; el_class=&#8221;ordermobile&#8221;][vc_single_image image=&#8221;3015&#8243; img_size=&#8221;full&#8221; onclick=&#8221;custom_link&#8221; css_animation=&#8221;slideInLeft&#8221; link=&#8221;https:\/\/azeitesdocobral.com\/produto\/suporte-com-4-garrafas\/&#8221; css=&#8221;.vc_custom_1531838728060{margin-top: 0px !important;margin-bottom: 0px !important;padding-top: 0px !important;padding-bottom: 0px !important;}&#8221;][\/vc_column][vc_column width=&#8221;1\/12&#8243;][\/vc_column][vc_column width=&#8221;4\/12&#8243; css=&#8221;.vc_custom_1540909908401{padding-top: 20px !important;padding-right: 20px !important;padding-bottom: 20px !important;padding-left: 20px !important;}&#8221;][vc_column_text css_animation=&#8221;fadeIn&#8221;]<\/p>\n<h3 style=\"text-align: center;\">Support pour 4 Bouteilles<\/h3>\n<p>[\/vc_column_text][vc_column_text css_animation=&#8221;fadeIn&#8221;]<\/p>\n<p style=\"text-align: center;\">Support pour 4 bouteilles d&#8217;Huile d&#8217;Olive de capacit\u00e9 0,25 L.<br \/>\nComporte Huile d&#8217;Olive Biologique, Huile d&#8217;Olive Vierge Extra, Huile d&#8217;Olive Vierge Extra \u2013 Lot Sp\u00e9cial et\u00a0Huile d&#8217;Olive Vierge Extra \u2013 Extraction \u00e0 Froid.<\/p>\n<p>[\/vc_column_text][vc_empty_space][vc_btn title=&#8221;Acheter&#8221; style=&#8221;classic&#8221; shape=&#8221;square&#8221; color=&#8221;black&#8221; align=&#8221;center&#8221; i_icon_fontawesome=&#8221;fa fa-cart-plus&#8221; add_icon=&#8221;true&#8221; link=&#8221;url:https%3A%2F%2Fazeitesdocobral.com%2Ffr%2Fproduit%2Fsupport-avec-4-bouteilles%2F|&#8221;][\/vc_column][vc_column width=&#8221;1\/12&#8243;][\/vc_column][\/vc_row][vc_row disable_element=&#8221;yes&#8221; css=&#8221;.vc_custom_1542898063855{margin-top: 150px !important;margin-bottom: 100px !important;}&#8221;][vc_column width=&#8221;1\/6&#8243;][\/vc_column][vc_column width=&#8221;2\/3&#8243;][vc_column_text]<div class=\"strong-view strong-view-id-1 modern wpmtst-modern slider-container slider-mode-fade slider-adaptive\" data-count=2 data-slider-var=strong_slider_id_1 data-state=idle><div class=\"strong-content wpmslider-content\"><div class=\"wpmtst-testimonial testimonial t-slide post-2975\"><div class=\"wpmtst-testimonial-inner testimonial-inner\"><div data-infinite-loop=\"false\"  class=\"wpmtst-testimonial-content  testimonial-content\"><h3 class=\"wpmtst-testimonial-heading testimonial-heading\">Testemunho 2<\/h3><p>Lorem ipsum dolor sit amet, consectetur adipiscing elit. Nam at mattis lacus. Etiam ullamcorper lacus id lorem suscipit, vitae auctor purus placerat. Ut consequat vel augue non dignissim. Nam vel tempus justo, ac consequat odio. Sed consequat fringilla vehicula. Cras ultricies elit et aliquet laoreet. Integer mattis pharetra eros et sollicitudin.<\/p><\/div><div class=\"wpmtst-testimonial-image testimonial-image\"><img width=\"150\" height=\"150\" src=\"https:\/\/azeitesdocobral.com\/wp-content\/uploads\/2018\/06\/foto-testemunhos-02-150x150.jpg\" class=\"attachment-thumbnail size-thumbnail wp-post-image\" alt=\"\" loading=\"lazy\" srcset=\"https:\/\/azeitesdocobral.com\/wp-content\/uploads\/2018\/06\/foto-testemunhos-02-150x150.jpg 150w, https:\/\/azeitesdocobral.com\/wp-content\/uploads\/2018\/06\/foto-testemunhos-02-300x300.jpg 300w, https:\/\/azeitesdocobral.com\/wp-content\/uploads\/2018\/06\/foto-testemunhos-02-75x75.jpg 75w, https:\/\/azeitesdocobral.com\/wp-content\/uploads\/2018\/06\/foto-testemunhos-02.jpg 500w, https:\/\/azeitesdocobral.com\/wp-content\/uploads\/2018\/06\/foto-testemunhos-02-100x100.jpg 100w\" sizes=\"(max-width: 150px) 100vw, 150px\" \/><\/div><div class=\"wpmtst-testimonial-field testimonial-field testimonial-name\">Lu\u00eds Sousa<\/div><div class=\"wpmtst-testimonial-field testimonial-field testimonial-company\">Loja Bio<\/div><div class=\"clear\"><\/div><\/div><\/div><div class=\"wpmtst-testimonial testimonial t-slide post-2970\"><div class=\"wpmtst-testimonial-inner testimonial-inner\"><div data-infinite-loop=\"false\"  class=\"wpmtst-testimonial-content  testimonial-content\"><h3 class=\"wpmtst-testimonial-heading testimonial-heading\">Testemunho 1<\/h3><p>Lorem ipsum dolor sit amet, consectetur adipiscing elit. Nam at mattis lacus. Etiam ullamcorper lacus id lorem suscipit, vitae auctor purus placerat. Ut consequat vel augue non dignissim. Nam vel tempus justo, ac consequat odio. Sed consequat fringilla vehicula. Cras ultricies elit et aliquet laoreet. Integer mattis pharetra eros et sollicitudin.<\/p><\/div><div class=\"wpmtst-testimonial-image testimonial-image\"><img width=\"150\" height=\"150\" src=\"https:\/\/azeitesdocobral.com\/wp-content\/uploads\/2018\/06\/foto-testemunhos-01-150x150.jpg\" class=\"attachment-thumbnail size-thumbnail wp-post-image\" alt=\"\" loading=\"lazy\" srcset=\"https:\/\/azeitesdocobral.com\/wp-content\/uploads\/2018\/06\/foto-testemunhos-01-150x150.jpg 150w, https:\/\/azeitesdocobral.com\/wp-content\/uploads\/2018\/06\/foto-testemunhos-01-300x300.jpg 300w, https:\/\/azeitesdocobral.com\/wp-content\/uploads\/2018\/06\/foto-testemunhos-01-75x75.jpg 75w, https:\/\/azeitesdocobral.com\/wp-content\/uploads\/2018\/06\/foto-testemunhos-01.jpg 500w, https:\/\/azeitesdocobral.com\/wp-content\/uploads\/2018\/06\/foto-testemunhos-01-100x100.jpg 100w\" sizes=\"(max-width: 150px) 100vw, 150px\" \/><\/div><div class=\"wpmtst-testimonial-field testimonial-field testimonial-name\">Ant\u00f3nio Martins<\/div><div class=\"wpmtst-testimonial-field testimonial-field testimonial-company\">Brito & Cunha<\/div><div class=\"clear\"><\/div><\/div><\/div><\/div><\/div>[\/vc_column_text][\/vc_column][vc_column width=\"1\/6\"][\/vc_column][\/vc_row][vc_row full_width=\"stretch_row_content_no_spaces\" full_height=\"yes\" content_placement=\"middle\" css=\".vc_custom_1531844730672{background: #20201f url(https:\/\/azeitesdocobral.com\/wp-content\/uploads\/2018\/07\/imagem-home-01.jpg?id=3188) !important;background-position: center !important;background-repeat: no-repeat !important;background-size: cover !important;}\"][vc_column width=\"1\/4\"][\/vc_column][vc_column width=\"1\/2\"][vc_column_text]<\/p>\n<h2 style=\"text-align: center;\"><span style=\"color: #ffffff;\">Liaison Centenaire<\/span><\/h2>\n<p>[\/vc_column_text][vc_column_text]<\/p>\n<p style=\"text-align: center;\"><span style=\"color: #ffffff;\">Azeites do Cobral est le r\u00e9sultat de la fusion de deux pressoirs centenaires appartenant \u00e0 deux familles de la Beira Alta historiquement li\u00e9es \u00e0 l'agriculture et \u00e0 la production d'huile d'olive.<\/span><\/p>\n<p>[\/vc_column_text][vc_btn title=\"Notre Histoire\" style=\"classic\" shape=\"square\" color=\"black\" align=\"center\" link=\"url:https%3A%2F%2Fazeitesdocobral.com%2Ffr%2Fa-empresa%2F|\"][\/vc_column][vc_column width=\"1\/4\"][\/vc_column][\/vc_row][vc_row css=\".vc_custom_1531839800888{margin-top: 50px !important;}\"][vc_column width=\"1\/4\"][\/vc_column][vc_column width=\"1\/2\"][vc_single_image image=\"2999\" img_size=\"100x67\" alignment=\"center\"][vc_column_text]<\/p>\n<p style=\"text-align: center;\">Azeites do Cobral est une entreprise certifi\u00e9e pour la production et la commercialisation d'<strong>huile d'olive biologique<\/strong>, qui b\u00e9n\u00e9ficie de l'appui et du contr\u00f4le d'un organisme de certification ind\u00e9pendant, la <a href=\"https:\/\/www.kiwa.com\/pt\/pt\/\" target=\"_blank\" rel=\"noopener noreferrer\"><strong>Kiwa Sativa<\/strong><\/a>.<\/p>\n<p>[\/vc_column_text][\/vc_column][vc_column width=\"1\/4\"][\/vc_column][\/vc_row]<\/p>\n","protected":false},"excerpt":{"rendered":"<p>[vc_row full_width=&#8221;stretch_row&#8221;][vc_column][rev_slider_vc alias=&#8221;video-home&#8221;][\/vc_column][\/vc_row][vc_row full_width=&#8221;stretch_row_content_no_spaces&#8221; equal_height=&#8221;yes&#8221; content_placement=&#8221;middle&#8221; css=&#8221;.vc_custom_1530713281572{margin-top: 0px !important;margin-bottom: 0px !important;}&#8221;][vc_column width=&#8221;1\/12&#8243;][\/vc_column][vc_column width=&#8221;4\/12&#8243; css=&#8221;.vc_custom_1543493576568{padding-top: 20px !important;padding-right: 20px !important;padding-bottom: 20px !important;padding-left: 20px !important;}&#8221;][vc_column_text] Huile d&#8217;Olive Biologique [\/vc_column_text][vc_column_text] Huile d&#8217;Olive Vierge Extra Biologique et Certifi\u00e9e. Tr\u00e8s intense et aromatique avec une l\u00e9g\u00e8re sensation de vert et de piquant. De basse acidit\u00e9 et produite \u00e0 partir d&#8217;olives des [&hellip;]<\/p>\n","protected":false},"author":1,"featured_media":0,"parent":0,"menu_order":0,"comment_status":"closed","ping_status":"closed","template":"page-full-width.php","meta":[],"_links":{"self":[{"href":"https:\/\/azeitesdocobral.com\/fr\/wp-json\/wp\/v2\/pages\/3839"}],"collection":[{"href":"https:\/\/azeitesdocobral.com\/fr\/wp-json\/wp\/v2\/pages"}],"about":[{"href":"https:\/\/azeitesdocobral.com\/fr\/wp-json\/wp\/v2\/types\/page"}],"author":[{"embeddable":true,"href":"https:\/\/azeitesdocobral.com\/fr\/wp-json\/wp\/v2\/users\/1"}],"replies":[{"embeddable":true,"href":"https:\/\/azeitesdocobral.com\/fr\/wp-json\/wp\/v2\/comments?post=3839"}],"version-history":[{"count":1,"href":"https:\/\/azeitesdocobral.com\/fr\/wp-json\/wp\/v2\/pages\/3839\/revisions"}],"predecessor-version":[{"id":4199,"href":"https:\/\/azeitesdocobral.com\/fr\/wp-json\/wp\/v2\/pages\/3839\/revisions\/4199"}],"wp:attachment":[{"href":"https:\/\/azeitesdocobral.com\/fr\/wp-json\/wp\/v2\/media?parent=3839"}],"curies":[{"name":"wp","href":"https:\/\/api.w.org\/{rel}","templated":true}]}}