{"id":3843,"date":"2019-02-20T14:17:33","date_gmt":"2019-02-20T14:17:33","guid":{"rendered":"https:\/\/azeitesdocobral.com\/le-processus\/"},"modified":"2019-02-28T12:15:41","modified_gmt":"2019-02-28T12:15:41","slug":"le-processus","status":"publish","type":"page","link":"https:\/\/azeitesdocobral.com\/fr\/le-processus\/","title":{"rendered":"Le Processus"},"content":{"rendered":"<p>[vc_row full_width=&#8221;stretch_row_content_no_spaces&#8221; css_animation=&#8221;fadeIn&#8221; css=&#8221;.vc_custom_1532681416654{margin-bottom: 75px !important;background-image: url(https:\/\/azeitesdocobral.com\/wp-content\/uploads\/2018\/07\/imagem-home-02.jpg?id=3192) !important;background-position: center !important;background-repeat: no-repeat !important;background-size: cover !important;}&#8221;][vc_column][vc_empty_space height=&#8221;800px&#8221;][\/vc_column][\/vc_row][vc_row type=&#8221;boxed&#8221; css=&#8221;.vc_custom_1544695867753{margin-bottom: 75px !important;}&#8221;][vc_column][vc_column_text]<\/p>\n<h1 style=\"text-align: center;\">Le processus de production<\/h1>\n<p>[\/vc_column_text][vc_row_inner css=&#8221;.vc_custom_1532699973434{margin-top: 100px !important;}&#8221;][vc_column_inner width=&#8221;1\/4&#8243;][vc_custom_heading text=&#8221;1&#8243; font_container=&#8221;tag:h2|text_align:center&#8221; use_theme_fonts=&#8221;yes&#8221;][vc_column_text]<\/p>\n<h4 style=\"text-align: center;\">R\u00e9ception des Olives<\/h4>\n<p>[\/vc_column_text][vc_column_text]<\/p>\n<p style=\"text-align: center;\">Les olives sont rejet\u00e9es si les conditions sanitaires et\/ou organoleptiques souhait\u00e9es ne sont pas v\u00e9rifi\u00e9es.<\/p>\n<p>[\/vc_column_text][\/vc_column_inner][vc_column_inner width=&#8221;1\/4&#8243;][vc_custom_heading text=&#8221;2&#8243; font_container=&#8221;tag:h2|text_align:center&#8221; use_theme_fonts=&#8221;yes&#8221;][vc_column_text]<\/p>\n<h4 style=\"text-align: center;\">Lavage<\/h4>\n<p>[\/vc_column_text][vc_column_text]<\/p>\n<p style=\"text-align: center;\">Un crible trie les plus gros r\u00e9sidus solides par dimension. Les olives sont lav\u00e9es avec le passage de jets d&#8217;eau.<\/p>\n<p>[\/vc_column_text][\/vc_column_inner][vc_column_inner width=&#8221;1\/4&#8243;][vc_custom_heading text=&#8221;3&#8243; font_container=&#8221;tag:h2|text_align:center&#8221; use_theme_fonts=&#8221;yes&#8221;][vc_column_text]<\/p>\n<h4 style=\"text-align: center;\">Broyage<\/h4>\n<p>[\/vc_column_text][vc_column_text]<\/p>\n<p style=\"text-align: center;\">Le broyage est ex\u00e9cut\u00e9 dans un broyeur \u00e0 marteaux en acier inoxydable.<\/p>\n<p>[\/vc_column_text][\/vc_column_inner][vc_column_inner width=&#8221;1\/4&#8243;][vc_custom_heading text=&#8221;4&#8243; font_container=&#8221;tag:h2|text_align:center&#8221; use_theme_fonts=&#8221;yes&#8221;][vc_column_text]<\/p>\n<h4 style=\"text-align: center;\">Broyeuses<\/h4>\n<p>[\/vc_column_text][vc_column_text]<\/p>\n<p style=\"text-align: center;\">L&#8217;\u00e9mulsion huile\/eau est d\u00e9truite et il se forme une agr\u00e9gation de gouttes d&#8217;huile, permettant ainsi sa s\u00e9paration en production continue. Les plus petites gouttes sont d\u00e9plac\u00e9es vers les sous-produits.<\/p>\n<p>[\/vc_column_text][\/vc_column_inner][\/vc_row_inner][\/vc_column][\/vc_row][vc_row full_width=&#8221;stretch_row_content&#8221; content_placement=&#8221;middle&#8221; css=&#8221;.vc_custom_1484860742309{margin-bottom: 75px !important;}&#8221;][vc_column width=&#8221;1\/3&#8243;][vc_single_image image=&#8221;3382&#8243; img_size=&#8221;full&#8221; alignment=&#8221;right&#8221;][\/vc_column][vc_column width=&#8221;1\/3&#8243;][vc_single_image image=&#8221;3386&#8243; img_size=&#8221;full&#8221;][\/vc_column][vc_column width=&#8221;1\/3&#8243;][vc_single_image image=&#8221;3390&#8243; img_size=&#8221;full&#8221;][\/vc_column][\/vc_row][vc_row full_width=&#8221;stretch_row_content&#8221; css=&#8221;.vc_custom_1544695932133{margin-bottom: 75px !important;}&#8221;][vc_column width=&#8221;1\/12&#8243;][\/vc_column][vc_column width=&#8221;1\/6&#8243;][vc_custom_heading text=&#8221;5&#8243; font_container=&#8221;tag:h2|text_align:center&#8221; use_theme_fonts=&#8221;yes&#8221;][vc_column_text]<\/p>\n<h4 style=\"text-align: center;\">Centrifugation des p\u00e2tes (D\u00e9canteurs)<\/h4>\n<p>[\/vc_column_text][vc_column_text]<\/p>\n<p style=\"text-align: center;\">La p\u00e2te d&#8217;olive est s\u00e9par\u00e9e en mo\u00fbt d&#8217;huile et en partie solide (qui dans ce syst\u00e8me sort conjointement avec l&#8217;eau de grignons d&#8217;olives humide).<\/p>\n<p>[\/vc_column_text][\/vc_column][vc_column width=&#8221;1\/6&#8243;][vc_custom_heading text=&#8221;6&#8243; font_container=&#8221;tag:h2|text_align:center&#8221; use_theme_fonts=&#8221;yes&#8221;][vc_column_text]<\/p>\n<h4 style=\"text-align: center;\">Criblage<\/h4>\n<p>[\/vc_column_text][vc_column_text]<\/p>\n<p style=\"text-align: center;\">Le mo\u00fbt d&#8217;huile est s\u00e9par\u00e9 des petits r\u00e9sidus solides qui ont pu passer lors de l&#8217;\u00e9tape pr\u00e9c\u00e9dente.<\/p>\n<p>[\/vc_column_text][\/vc_column][vc_column width=&#8221;1\/6&#8243;][vc_custom_heading text=&#8221;7&#8243; font_container=&#8221;tag:h2|text_align:center&#8221; use_theme_fonts=&#8221;yes&#8221;][vc_column_text]<\/p>\n<h4 style=\"text-align: center;\">Centrifugation fine<\/h4>\n<p>[\/vc_column_text][vc_column_text]<\/p>\n<p style=\"text-align: center;\">Une partie de l&#8217;eau qui n&#8217;est pas sortie avec les grignons d&#8217;olives et certaines particules solides est \u00e9limin\u00e9e, afin qu&#8217;elle ne reste pas en contact avec l&#8217;huile d&#8217;olive.<\/p>\n<p>[\/vc_column_text][\/vc_column][vc_column width=&#8221;1\/6&#8243;][vc_custom_heading text=&#8221;8&#8243; font_container=&#8221;tag:h2|text_align:center&#8221; use_theme_fonts=&#8221;yes&#8221;][vc_column_text]<\/p>\n<h4 style=\"text-align: center;\">D\u00e9cantation<\/h4>\n<p>[\/vc_column_text][vc_column_text]<\/p>\n<p style=\"text-align: center;\">D\u00e9canteur avec quatre \u00e9tapes de s\u00e9paration par d\u00e9p\u00f4t des r\u00e9sidus solides.<\/p>\n<p>[\/vc_column_text][\/vc_column][vc_column width=&#8221;1\/6&#8243;][vc_custom_heading text=&#8221;9&#8243; font_container=&#8221;tag:h2|text_align:center&#8221; use_theme_fonts=&#8221;yes&#8221;][vc_column_text]<\/p>\n<h4 style=\"text-align: center;\">Entreposage<\/h4>\n<p>[\/vc_column_text][vc_column_text]<\/p>\n<p style=\"text-align: center;\">L&#8217;huile d&#8217;olive est entrepos\u00e9e dans des cuves \u00e9tanches et en mat\u00e9riau inerte (acier-inox). Leur forme est cylindrique avec le fond conique pour faciliter l&#8217;extraction des petites impuret\u00e9s et s\u00e9diments. Les cuves sont maintenues \u00e0 temp\u00e9rature ambiante.<\/p>\n<p>[\/vc_column_text][\/vc_column][vc_column width=&#8221;1\/12&#8243;][\/vc_column][\/vc_row][vc_row full_width=&#8221;stretch_row_content&#8221; content_placement=&#8221;middle&#8221; css=&#8221;.vc_custom_1484860742309{margin-bottom: 75px !important;}&#8221;][vc_column width=&#8221;1\/3&#8243;][vc_single_image image=&#8221;3394&#8243; img_size=&#8221;full&#8221; alignment=&#8221;right&#8221;][\/vc_column][vc_column width=&#8221;1\/3&#8243;][vc_single_image image=&#8221;3414&#8243; img_size=&#8221;full&#8221;][\/vc_column][vc_column width=&#8221;1\/3&#8243;][vc_single_image image=&#8221;3422&#8243; img_size=&#8221;full&#8221;][\/vc_column][\/vc_row]<\/p>\n","protected":false},"excerpt":{"rendered":"<p>[vc_row full_width=&#8221;stretch_row_content_no_spaces&#8221; css_animation=&#8221;fadeIn&#8221; css=&#8221;.vc_custom_1532681416654{margin-bottom: 75px !important;background-image: url(https:\/\/azeitesdocobral.com\/wp-content\/uploads\/2018\/07\/imagem-home-02.jpg?id=3192) !important;background-position: center !important;background-repeat: no-repeat !important;background-size: cover !important;}&#8221;][vc_column][vc_empty_space height=&#8221;800px&#8221;][\/vc_column][\/vc_row][vc_row type=&#8221;boxed&#8221; css=&#8221;.vc_custom_1544695867753{margin-bottom: 75px !important;}&#8221;][vc_column][vc_column_text] Le processus de production [\/vc_column_text][vc_row_inner css=&#8221;.vc_custom_1532699973434{margin-top: 100px !important;}&#8221;][vc_column_inner width=&#8221;1\/4&#8243;][vc_custom_heading text=&#8221;1&#8243; font_container=&#8221;tag:h2|text_align:center&#8221; use_theme_fonts=&#8221;yes&#8221;][vc_column_text] R\u00e9ception des Olives [\/vc_column_text][vc_column_text] Les olives sont rejet\u00e9es si les conditions sanitaires et\/ou organoleptiques souhait\u00e9es ne sont pas v\u00e9rifi\u00e9es. [\/vc_column_text][\/vc_column_inner][vc_column_inner width=&#8221;1\/4&#8243;][vc_custom_heading text=&#8221;2&#8243; font_container=&#8221;tag:h2|text_align:center&#8221; use_theme_fonts=&#8221;yes&#8221;][vc_column_text] [&hellip;]<\/p>\n","protected":false},"author":1,"featured_media":0,"parent":0,"menu_order":0,"comment_status":"closed","ping_status":"closed","template":"page-full-width.php","meta":[],"_links":{"self":[{"href":"https:\/\/azeitesdocobral.com\/fr\/wp-json\/wp\/v2\/pages\/3843"}],"collection":[{"href":"https:\/\/azeitesdocobral.com\/fr\/wp-json\/wp\/v2\/pages"}],"about":[{"href":"https:\/\/azeitesdocobral.com\/fr\/wp-json\/wp\/v2\/types\/page"}],"author":[{"embeddable":true,"href":"https:\/\/azeitesdocobral.com\/fr\/wp-json\/wp\/v2\/users\/1"}],"replies":[{"embeddable":true,"href":"https:\/\/azeitesdocobral.com\/fr\/wp-json\/wp\/v2\/comments?post=3843"}],"version-history":[{"count":0,"href":"https:\/\/azeitesdocobral.com\/fr\/wp-json\/wp\/v2\/pages\/3843\/revisions"}],"wp:attachment":[{"href":"https:\/\/azeitesdocobral.com\/fr\/wp-json\/wp\/v2\/media?parent=3843"}],"curies":[{"name":"wp","href":"https:\/\/api.w.org\/{rel}","templated":true}]}}