{"id":3850,"date":"2019-02-21T15:38:06","date_gmt":"2019-02-21T15:38:06","guid":{"rendered":"https:\/\/azeitesdocobral.com\/politique-de-confidentialite\/"},"modified":"2019-02-21T15:38:10","modified_gmt":"2019-02-21T15:38:10","slug":"politique-de-confidentialite","status":"publish","type":"page","link":"https:\/\/azeitesdocobral.com\/fr\/politique-de-confidentialite\/","title":{"rendered":"Politique de Confidentialit\u00e9"},"content":{"rendered":"<p>[vc_row css=&#8221;.vc_custom_1532000893274{margin-top: 80px !important;}&#8221;][vc_column width=&#8221;1\/12&#8243;][\/vc_column][vc_column width=&#8221;5\/6&#8243;][vc_column_text]Votre confidentialit\u00e9 est importante pour nous.<\/p>\n<p>Ce site internet appartient \u00e0\u00a0<strong>Azeites do Cobral, Lda.<\/strong>,\u00a0ci-apr\u00e8s d\u00e9nomm\u00e9 <strong>AZEITES DO COBRAL<\/strong>. Cet avis de confidentialit\u00e9 explique comment nous utilisons les informations personnelles que nous recueillons \u00e0 votre sujet lorsque vous utilisez ce site internet.[\/vc_column_text][\/vc_column][vc_column width=&#8221;1\/12&#8243;][\/vc_column][\/vc_row][vc_row css=&#8221;.vc_custom_1532000930148{margin-top: 20px !important;}&#8221;][vc_column width=&#8221;1\/12&#8243;][\/vc_column][vc_column width=&#8221;5\/6&#8243;][vc_column_text]<\/p>\n<h3>Contenu<\/h3>\n<p>&nbsp;[\/vc_column_text][vc_tta_accordion style=&#8221;flat&#8221; color=&#8221;white&#8221; active_section=&#8221;&#8221;][vc_tta_section title=&#8221;Au sujet de cette Politique de Confidentialit\u00e9&#8221; tab_id=&#8221;1531999826795-8f0c0139-d4e9&#8243;][vc_column_text]AZEITES DO COBRAL respecte vos pr\u00e9f\u00e9rences en ce qui concerne la collecte et l&#8217;utilisation de vos Donn\u00e9es Personnelles.<\/p>\n<p>\u00abDonn\u00e9es Personnelles\u00bb d\u00e9signent toutes les informations relatives \u00e0 une personne physique identifi\u00e9e ou identifiable (\u00abTitulaire des Donn\u00e9es\u00bb) ; est consid\u00e9r\u00e9e identifiable une personne physique qui peut \u00eatre identifi\u00e9e, directement ou indirectement, notamment par r\u00e9f\u00e9rence \u00e0 un num\u00e9ro d\u2019identification, comme par exemple un nom, un num\u00e9ro d&#8217;identification, des donn\u00e9es de localisation, des identifiants par voie \u00e9lectronique ou \u00e0 un ou\u00a0plusieurs \u00e9l\u00e9ments sp\u00e9cifiques propres \u00e0 son identit\u00e9 physique, physiologique, psychique, \u00e9conomique, culturelle ou\u00a0sociale de cette personne physique.<\/p>\n<p>AZEITES DO COBRAL respecte vos pr\u00e9f\u00e9rences en mati\u00e8re de traitement des Donn\u00e9es Personnelles recueillies. Cette Politique (\u201cPolitique\u201d) vous permet de savoir comment AZEITES DO COBRAL recueille vos Donn\u00e9es Personnelles, comment elle peut contr\u00f4ler son utilisation et d\u00e9crit nos pratiques au sujet des informations recueillies sur d&#8217;autres sites qui se rapportent ou qui se rattachent \u00e0 cette Politique (comme les sites internet, les applications logicielles, les r\u00e9seaux sociaux et les messageries \u00e9lectroniques), tout comme les activit\u00e9s de marketing et de ventes offline (commun\u00e9ment appel\u00e9es \u201cCanaux de Communication\u201d).<\/p>\n<p>Les Canaux de Communication peuvent proposer des liens vers d&#8217;autres plateformes n&#8217;appartenant pas \u00e0 l&#8217;univers d&#8217;AZEITES DO COBRAL. Nous vous encourageons \u00e0 v\u00e9rifier les politiques de confidentialit\u00e9 de ces sites internet, de ces services, de ces r\u00e9seaux sociaux ou de ces applications avant de fournir vos Donn\u00e9es Personnelles.[\/vc_column_text][\/vc_tta_section][vc_tta_section title=&#8221;Quelles informations recueillons-nous sur vous ?&#8221; tab_id=&#8221;1531999826808-139317c2-68d9&#8243;][vc_column_text]Nous ne recueillons aucune information vous concernant sur notre site internet.<\/p>\n<p>Nous vous demandons de ne pas envoyer ni de partager avec\u00a0AZEITES DO COBRAL, des informations personnelles sensibles telles que l\u2019origine raciale ou ethnique, des opinions politiques, des convictions religieuses ou philosophiques, ou l\u2019appartenance syndicale, ainsi que des donn\u00e9es g\u00e9n\u00e9tiques, des donn\u00e9es biom\u00e9triques, des donn\u00e9es relatives \u00e0 la sant\u00e9 ou des donn\u00e9es relatives \u00e0 la vie sexuelle ou \u00e0 l&#8217;orientation sexuelle.<\/p>\n<p>Les informations sur l&#8217;utilisation du site internet sont collect\u00e9es \u00e0 l&#8217;aide de cookies, mais ne vous identifient pas sp\u00e9cifiquement. Seules sont ou peuvent \u00eatre recueillies les donn\u00e9es suivantes\u00a0 :<\/p>\n<ul>\n<li>Adresse IP.<\/li>\n<li>Localisation g\u00e9ographique.<\/li>\n<li>Informations sur l&#8217;appareil qui acc\u00e8de au site internet, notamment, le type et la version du navigateur, le syst\u00e8me d&#8217;exploitation, la r\u00e9solution de l&#8217;\u00e9cran, le langage pr\u00e9f\u00e9r\u00e9, les informations contenues dans les en-t\u00eates HTTP et la version de l&#8217;agent.<\/li>\n<li>Le moteur de recherche que vous avez utilis\u00e9 pour localiser et acc\u00e9der au site internet.<\/li>\n<li>Date et dur\u00e9e d&#8217;activit\u00e9 sur le site internet, ainsi que les pages web et contenus visit\u00e9s et cliqu\u00e9s.<\/li>\n<\/ul>\n<p>Il convient de noter que ces informations d&#8217;utilisation ne vous identifient pas d\u00e9lib\u00e9r\u00e9ment et que si exceptionnellement elles vous identifient, elles seront anonymis\u00e9es imm\u00e9diatement.<br \/>\nEn donnant des informations, vous donnez votre consentement \u00e9clair\u00e9 et sans \u00e9quivoque au traitement des donn\u00e9es qui vous concernent de mani\u00e8re automatis\u00e9e.<\/p>\n<p>Certaines donn\u00e9es demand\u00e9es sont obligatoires et identifi\u00e9es. L&#8217;absence ou l&#8217;inexactitude des r\u00e9ponses fournies peut compromettre le service fourni.[\/vc_column_text][\/vc_tta_section][vc_tta_section title=&#8221;Comment utilisons-nous les informations vous concernant ?&#8221; tab_id=&#8221;1532000126452-f3ecb71f-da82&#8243;][vc_column_text]Les donn\u00e9es collect\u00e9es servent \u00e0 g\u00e9rer votre utilisation du site internet concernant les informations sur d&#8217;autres produits et services qui, selon nous, pourraient vous int\u00e9resser.<\/p>\n<p>Nous utilisons les informations collect\u00e9es sur le site internet pour personnaliser vos prochaines visites.<\/p>\n<p>AZEITES DO COBRAL ne partage pas vos informations pour des campagnes de marketing avec des entreprises qui n&#8217;appartiennent pas au groupe, ni ne transf\u00e8re vos donn\u00e9es personnelles vers un pays tiers.<\/p>\n<p>Bien que les informations fournies soient g\u00e9n\u00e9ralement trait\u00e9es comme priv\u00e9es chez AZEITES DO COBRAL, les donn\u00e9es collect\u00e9es seront utilis\u00e9es conform\u00e9ment au R\u00e8glement sur la protection des donn\u00e9es personnelles, tout au long du processus de traitement.\u00a0Toutefois, il peut s&#8217;av\u00e9rer n\u00e9cessaire de transf\u00e9rer des Donn\u00e9es \u00e0 caract\u00e8re personnel de mani\u00e8re priv\u00e9e \u00e0 d&#8217;autres instances, notamment les instances judiciaires, et lors du traitement de votre demande, nous pouvons \u00e9galement envoyer vos donn\u00e9es\u00a0et utiliser \u00e9galement des informations aupr\u00e8s des agences de cr\u00e9dit et de pr\u00e9vention des fraudes.<\/p>\n<p>Vous avez le droit de d\u00e9poser une plainte aupr\u00e8s d&#8217;une Autorit\u00e9 de Contr\u00f4le de l&#8217;Union Europ\u00e9enne, en ce qui concerne la protection de vos Donn\u00e9es Personnelles. AZEITES DO COBRAL\u00a0coop\u00e9rera avec l&#8217;Autorit\u00e9 de Contr\u00f4le en lui fournissant toutes les informations demand\u00e9es, dans l&#8217;exercice de ses comp\u00e9tences. Les informations collect\u00e9es sur ce site internet n&#8217;impliquent pas la prise de d\u00e9cisions automatis\u00e9es, y compris la d\u00e9finition de profils.<\/p>\n<p>Aucune comparaison, interconnexion ou toute autre forme d&#8217;interrelation des informations enregistr\u00e9es n&#8217;est effectu\u00e9e sur ce site internet.<\/p>\n<p>Parce que vos donn\u00e9es pourront circuler en r\u00e9seau ouvert, elles risquent d&#8217;\u00eatre vues et utilis\u00e9es par des tiers non autoris\u00e9es.<\/p>\n<p>AZEITES DO COBRAL accepte uniquement les demandes d&#8217;information \u00e9manant d&#8217;utilisateurs \u00e2g\u00e9s d&#8217;au moins 16 ans. Les Canaux de Communication d&#8217;AZEITES DO COBRAL ne sont pas destin\u00e9s aux utilisateurs mineurs. Si vous avez connaissance d&#8217;une inscription faite par un mineur, veuillez nous en informer, afin que nous puissions imm\u00e9diatement supprimer le dossier.<\/p>\n<p>Nous ne partagerons pas vos informations personnelles.[\/vc_column_text][\/vc_tta_section][vc_tta_section title=&#8221;Acc\u00e8s et correction de vos informations&#8221; tab_id=&#8221;1532000260568-78ee65c7-e291&#8243;][vc_column_text]Nous voulons nous assurer de l&#8217;exactitude et de la fiabilit\u00e9 des informations que nous d\u00e9tenons sur vous.<\/p>\n<p>Nous faisons confiance au\u00a0titulaire des donn\u00e9es, pour nous fournir des informations pr\u00e9cises et compl\u00e8tes et pour mettre \u00e0 jour les donn\u00e9es en fonction de tout changement dans les informations fournies.<\/p>\n<p>Le titulaire a le droit de retirer son consentement \u00e0 tout moment, sans compromettre la l\u00e9galit\u00e9 du traitement effectu\u00e9 sur la base du consentement pr\u00e9alablement donn\u00e9 et le droit de demander \u00e0 AZEITES DO COBRAL, l&#8217;acc\u00e8s aux Donn\u00e9es Personnelles le concernant, ainsi que leur rectification ou leur effacement, et la limitation du traitement vis-\u00e0-vis de l&#8217;Utilisateur, ou le droit de s&#8217;opposer au traitement, ainsi que le droit \u00e0 la portabilit\u00e9 des donn\u00e9es.<\/p>\n<p>Les Donn\u00e9es Personnelles n\u00e9cessaires \u00e0 l&#8217;ex\u00e9cution du contrat auquel l&#8217;utilisateur est partie, pour respecter les obligations l\u00e9gales auxquelles le Responsable du Traitement est soumis et celles qui sont n\u00e9cessaires aux int\u00e9r\u00eats l\u00e9gitimes poursuivis par AZEITES DO COBRAL, ne sont pas incluses dans le point pr\u00e9c\u00e9dent.<\/p>\n<p>Sans pr\u00e9judice des dispositions l\u00e9gales ou r\u00e9glementaires contraires, les Donn\u00e9es Personnelles ne seront conserv\u00e9es que pendant la p\u00e9riode minimale n\u00e9cessaire aux fins qui ont conduit \u00e0 leur collecte ou \u00e0 leur traitement ult\u00e9rieur apr\u00e8s quoi elles sont supprim\u00e9es, ou si cela est dans l\u2019int\u00e9r\u00eat d&#8217;AZEITES DO COBRAL, trait\u00e9es \u00e0 des objectifs statistiques, anonymis\u00e9es et n&#8217;\u00e9tant pas possible d\u2019identifier le Titulaire.<\/p>\n<p>Le traitement ult\u00e9rieur des Donn\u00e9es Personnelles \u00e0 une fin autre que celle pour laquelle les donn\u00e9es ont \u00e9t\u00e9 collect\u00e9es requiert le consentement. Avant ce traitement, le Responsable du Traitement fournit au Titulaire des Donn\u00e9es des informations \u00e0 cet effet et toutes autres informations pertinentes.<\/p>\n<p>Vous avez le droit de demander une copie des informations que nous avons sur vous. Si vous souhaitez demander une copie des informations partielles ou totales conserv\u00e9es par AZEITES DO COBRAL, veuillez nous envoyer un email \u00e0 info@azeitesdocobral.com ou \u00e9crire \u00e0 : Largo de S. Jo\u00e3o n\u00ba6 \/ 3405-166 Lagares da Beira &#8211; Oliveira do Hospital &#8211; PORTUGAL.<\/p>\n<p>Si les demandes formul\u00e9es par le titulaire des donn\u00e9es sont manifestement non fond\u00e9es ou excessives, notamment en raison de leur caract\u00e8re r\u00e9p\u00e9titif, AZEITES DO COBRAL peut, en vertu du cadre juridique en vigueur, exiger le paiement d&#8217;une participation raisonnable tenant compte des co\u00fbts administratifs li\u00e9s \u00e0 la fourniture des informations ou de la communication, ou de prise des mesures demand\u00e9es ou refuser de donner suite \u00e0 la demande.[\/vc_column_text][\/vc_tta_section][vc_tta_section title=&#8221;Cookies&#8221; tab_id=&#8221;1532000374962-7719f11d-3b29&#8243;][vc_column_text]Ce sont de petits fichiers texte stock\u00e9s sur votre ordinateur qui servent \u00e0 collecter des informations sur votre appareil et des informations sur votre exp\u00e9rience d&#8217;utilisation. Ces informations sont utilis\u00e9es pour enregistrer le nombre de visites effectu\u00e9es et compiler des informations statistiques sur l&#8217;activit\u00e9 du site internet.<\/p>\n<p>Types de Cookies en fonction de l&#8217;entit\u00e9 qui les g\u00e8re :<br \/>\n\u2022 Cookies internes : un cookie g\u00e9r\u00e9 par ce domaine \/ site Web.<br \/>\n\u2022 Cookies tiers : un cookie g\u00e9r\u00e9 par un autre domaine \/ site Web.<br \/>\n\u2022 Cookies persistants : les informations du cookie sont stock\u00e9es de fa\u00e7on permanente sur l&#8217;appareil de l&#8217;internaute.<br \/>\n\u2022 Cookies de session : les informations de cookie ne sont pas stock\u00e9es de fa\u00e7on permanente sur l&#8217;appareil de l&#8217;internaute.<\/p>\n<p>AZEITES DO COBRAL utilise des cookies de session (\u201csession cookies\u201d) et des cookies internes (\u201cfirst-party cookies\u201d).<br \/>\nTypes de cookies consoante a finalidade de utiliza\u00e7\u00e3o :<\/p>\n<ul>\n<li>Cookies techniques : ce sont ceux qui permettent de naviguer atrav\u00e9s de um dom\u00ednio \/ website, utilizando as diferentes op\u00e7\u00f5es ou servi\u00e7os comme par exemple, identifier la session, acc\u00e9der \u00e0 des zones d&#8217;acc\u00e8s restreint et r\u00e9aliser le processus d&#8217;une demande d&#8217;achat.<\/li>\n<li>Cookies de personnalisation : ce sont ceux qui permettent d&#8217;acc\u00e9der au domaine \/ site Web avec certaines caract\u00e9ristiques pr\u00e9d\u00e9finis en fonction d&#8217;un ensemble de d\u00e9cisions prises, comme par exemple la langue utilis\u00e9e.<\/li>\n<li>Cookies d&#8217;analyse : ce sont ceux qui permettent le suivi et l&#8217;analyse du comportement des utilisateurs de sites Web auxquels ils sont attach\u00e9s. Les informations collect\u00e9es \u00e0 travers de tels cookies sont utilis\u00e9es, par exemple, pour mesurer l&#8217;activit\u00e9 des sites Web et \u00e9laborer des profils de navigation.<\/li>\n<li>Cookies publicitaires : ce sont ceux qui permettent la gestion des espaces publicitaires de la mani\u00e8re la plus efficace, bas\u00e9e sur des crit\u00e8res comme le contenu \u00e9dit\u00e9 ou la fr\u00e9quence \u00e0 laquelle les annonces sont affich\u00e9es.<\/li>\n<li>Cookies de publicit\u00e9 comportementale :\u00a0ce sont ceux qui permettent la gestion des espaces publicitaires de la mani\u00e8re la plus efficace possible.\u00a0Ces cookies stockent des informations sur le comportement de l&#8217;utilisateur, obtenues \u00e0 travers l&#8217;observation continue de ses habitudes de navigation, permettant de d\u00e9velopper un profil sp\u00e9cifique pour afficher des annonces sur cette base.<\/li>\n<\/ul>\n<p>Le site internet d&#8217;AZEITES DO COBRAL utilise des Cookies d&#8217;analyse ; il n&#8217;utilise pas de Cookies publicitaires, de Cookies de personnalisation, de Cookies techniques ni des Cookies de publicit\u00e9 comportementale.<br \/>\nLes informations relatives aux cookies sont contr\u00f4l\u00e9es et\u00a0 accessibles au propri\u00e9taire du site Web.<\/p>\n<p>Des informations sp\u00e9cifiques sur les cookies tiers Google Analytics peuvent \u00eatre obtenues par l&#8217;adresse https:\/\/developers.google.com\/analytics\/devguides\/collection\/analyticsjs\/cookie-usage et du service AddThis par l&#8217;adresse http:\/\/www.addthis.com\/privacy<\/p>\n<p>Nous ne saurons engager notre responsabilit\u00e9 du\u00a0contenu et de l&#8217;exactitude des termes et conditions d&#8217;utilisation, des politiques de confidentialit\u00e9 et des politiques de cookies tiers mentionn\u00e9s pr\u00e9c\u00e9demment.<\/p>\n<p>Vous pouvez obtenir plus d&#8217;informations en visitant les sites www.aboutcookies.org ou www.allaboutcookies.org.<\/p>\n<p>Vous pouvez configurer votre navigateur pour ne pas accepter les cookies et les sites Web mentionn\u00e9s ci-dessus vous expliqueront comment vous pouvez les supprimer. Toutefois, la non-acceptation des cookies peut entra\u00eener une ex\u00e9cution incorrecte de certaines fonctionnalit\u00e9s du site Web.<\/p>\n<p>Aucun des cookies utilis\u00e9s n&#8217;est essentiel pour l&#8217;utilisation du site Web, pour une fonctionnalit\u00e9 en particulier ou pour l&#8217;am\u00e9lioration des performances du site Web.<br \/>\nL&#8217;utilisation des cookies par AZEITES DO COBRAL a pour objectif d&#8217;analyser l&#8217;utilisation du site internet et lui permettre d&#8217;obtenir une exp\u00e9rience de navigation sans probl\u00e8me ; \u00e0 aucun moment, nous collectons des Donn\u00e9es Personnelles par le biais des cookies.<\/p>\n<p>Les cookies ne seront pas utilis\u00e9s \u00e0 des fins autres que celles mentionn\u00e9es dans le paragraphe pr\u00e9c\u00e9dent.[\/vc_column_text][\/vc_tta_section][vc_tta_section title=&#8221;Autres sites internet&#8221; tab_id=&#8221;1532000470610-b19e8676-48a3&#8243;][vc_column_text]Ce site internet peut contenir des liens vers d&#8217;autres sites internet. Cet avis de confidentialit\u00e9 s&#8217;applique uniquement \u00e0 ce site internet. Vous devez lire les politiques de confidentialit\u00e9 des autres sites internet.[\/vc_column_text][\/vc_tta_section][vc_tta_section title=&#8221;S\u00e9curit\u00e9&#8221; tab_id=&#8221;1532000501286-0a23911a-c4fe&#8221;][vc_column_text]AZEITES DO COBRAL applique des mesures techniques et organisationnelles appropri\u00e9es pour assurer un niveau de s\u00e9curit\u00e9 ad\u00e9quat au risque de conservation des Donn\u00e9es Personnelles et durant la transmission de celles-ci.<\/p>\n<p>AZEITES DO COBRAL dispose\u00a0d&#8217;un syst\u00e8me informatique avec la capacit\u00e9 de r\u00e9sister, \u00e0 un niveau de confiance donn\u00e9, \u00e0 des \u00e9v\u00e9nements accidentels ou \u00e0 des actions malveillantes ou illicites mettant en p\u00e9ril la disponibilit\u00e9, l&#8217;authenticit\u00e9, l&#8217;int\u00e9grit\u00e9 et la confidentialit\u00e9 des Donn\u00e9es Personnelles,\u00a0 conserv\u00e9es ou transmises, ainsi que la s\u00e9curit\u00e9 des services connexes propos\u00e9s ou accessibles via ces r\u00e9seaux et syst\u00e8mes.[\/vc_column_text][\/vc_tta_section][vc_tta_section title=&#8221;Contacts&#8221; tab_id=&#8221;1532000526618-a005bbb0-7ae3&#8243;][vc_column_text]Le Responsable du Traitement de ce site internet est AZEITES DO COBRAL, et il peut \u00eatre contact\u00e9 \u00e0 l&#8217;adresse postale : S. Jo\u00e3o n\u00ba6 \/ 3405-166 Lagares da Beira &#8211; Oliveira do Hospital &#8211; PORTUGAL ou bien par t\u00e9l\u00e9phone au\u00a0 +351 238 646 655 ou +351 918 128 602 et info@azeitesdocobral.com (Email).<\/p>\n<p>Le D\u00e9l\u00e9gu\u00e9 \u00e0 la Protection des Donn\u00e9es (DPO) peut \u00eatre contact\u00e9 via l&#8217;adresse postale du Responsable de Traitement ou bien par email \u00e0 : info@azeitesdocobral.com<\/p>\n<p>Si vous pensez qu&#8217;AZEITES DO COBRAL n&#8217;a pas adh\u00e9r\u00e9 \u00e0 cette d\u00e9claration, si vous avez une question sur notre politique de confidentialit\u00e9 ou sur les informations dont nous disposons \u00e0 votre sujet, contactez-nous \u00e0 l&#8217;adresse mail : info@azeitesdocobral.com.<br \/>\nNous r\u00e9pondrons \u00e0 vos questions dans un d\u00e9lai de 30 jours.[\/vc_column_text][\/vc_tta_section][vc_tta_section title=&#8221;Changements \u00e0 ce communiqu\u00e9 de confidentialit\u00e9&#8221; tab_id=&#8221;1532000653073-213f6130-5e48&#8243;][vc_column_text]Nos politiques de confidentialit\u00e9 sont revues r\u00e9guli\u00e8rement et tous les changements seront publi\u00e9s sur ce site internet. La derni\u00e8re mise \u00e0 jour date du 10 mai 2018.[\/vc_column_text][\/vc_tta_section][\/vc_tta_accordion][\/vc_column][vc_column width=&#8221;1\/12&#8243;][\/vc_column][\/vc_row]<\/p>\n","protected":false},"excerpt":{"rendered":"<p>[vc_row css=&#8221;.vc_custom_1532000893274{margin-top: 80px !important;}&#8221;][vc_column width=&#8221;1\/12&#8243;][\/vc_column][vc_column width=&#8221;5\/6&#8243;][vc_column_text]Votre confidentialit\u00e9 est importante pour nous. Ce site internet appartient \u00e0\u00a0Azeites do Cobral, Lda.,\u00a0ci-apr\u00e8s d\u00e9nomm\u00e9 AZEITES DO COBRAL. Cet avis de confidentialit\u00e9 explique comment nous utilisons les informations personnelles que nous recueillons \u00e0 votre sujet lorsque vous utilisez ce site internet.[\/vc_column_text][\/vc_column][vc_column width=&#8221;1\/12&#8243;][\/vc_column][\/vc_row][vc_row css=&#8221;.vc_custom_1532000930148{margin-top: 20px !important;}&#8221;][vc_column width=&#8221;1\/12&#8243;][\/vc_column][vc_column width=&#8221;5\/6&#8243;][vc_column_text] Contenu &nbsp;[\/vc_column_text][vc_tta_accordion style=&#8221;flat&#8221; [&hellip;]<\/p>\n","protected":false},"author":1,"featured_media":0,"parent":0,"menu_order":0,"comment_status":"closed","ping_status":"closed","template":"","meta":[],"_links":{"self":[{"href":"https:\/\/azeitesdocobral.com\/fr\/wp-json\/wp\/v2\/pages\/3850"}],"collection":[{"href":"https:\/\/azeitesdocobral.com\/fr\/wp-json\/wp\/v2\/pages"}],"about":[{"href":"https:\/\/azeitesdocobral.com\/fr\/wp-json\/wp\/v2\/types\/page"}],"author":[{"embeddable":true,"href":"https:\/\/azeitesdocobral.com\/fr\/wp-json\/wp\/v2\/users\/1"}],"replies":[{"embeddable":true,"href":"https:\/\/azeitesdocobral.com\/fr\/wp-json\/wp\/v2\/comments?post=3850"}],"version-history":[{"count":0,"href":"https:\/\/azeitesdocobral.com\/fr\/wp-json\/wp\/v2\/pages\/3850\/revisions"}],"wp:attachment":[{"href":"https:\/\/azeitesdocobral.com\/fr\/wp-json\/wp\/v2\/media?parent=3850"}],"curies":[{"name":"wp","href":"https:\/\/api.w.org\/{rel}","templated":true}]}}