{"id":3853,"date":"2019-02-22T07:58:28","date_gmt":"2019-02-22T07:58:28","guid":{"rendered":"https:\/\/azeitesdocobral.com\/modalites-et-conditions\/"},"modified":"2019-02-22T07:58:30","modified_gmt":"2019-02-22T07:58:30","slug":"modalites-et-conditions","status":"publish","type":"page","link":"https:\/\/azeitesdocobral.com\/fr\/modalites-et-conditions\/","title":{"rendered":"Modalit\u00e9s et Conditions"},"content":{"rendered":"<p>[vc_row css=&#8221;.vc_custom_1532000893274{margin-top: 80px !important;}&#8221;][vc_column width=&#8221;1\/12&#8243;][\/vc_column][vc_column width=&#8221;5\/6&#8243;][vc_tta_tabs style=&#8221;flat&#8221; shape=&#8221;square&#8221; color=&#8221;white&#8221; alignment=&#8221;center&#8221; active_section=&#8221;1&#8243;][vc_tta_section title=&#8221;Modalit\u00e9s et Conditions d&#8217;Utilisation&#8221; tab_id=&#8221;1532012899917-cbc4972e-2763&#8243;][vc_column_text]En acc\u00e9dant au site internet azeitesdocobral.com, l&#8217;utilisateur prend connaissance et accepte sans r\u00e9serve les conditions d&#8217;acc\u00e8s et d&#8217;utilisation suivantes :<\/p>\n<ol>\n<li>En ce qui concerne l&#8217;utilisateur et le client, il est du devoir de l&#8217;utilisateur du site internet azeitesdocobral.com d&#8217;agir de bonne foi sur les diff\u00e9rentes actions qu&#8217;il pourra ex\u00e9cuter \u00e0 partir du site internet,\u00a0respectant\u00a0la l\u00e9gislation applicable, notamment en ce qui concerne le Code du Droit d&#8217;Auteur et des Droits Connexes, le Code de la Propri\u00e9t\u00e9 Industrielle et la Loi sur la Criminalit\u00e9 Informatique.\u00a0L&#8217;utilisateur est responsable de prendre des d\u00e9cisions concernant l&#8217;acte de commande\/achat, en fonction des informations disponibles sur le site internet azeitesdocobral.com, en fonction des contenus mis \u00e0 disposition au moment de la commande\/achat. Lorsque l&#8217;utilisateur prend la d\u00e9cision d&#8217;engager un processus de commande d&#8217;un ou plusieurs articles mis \u00e0 disposition sur azeitesdocobral.com, il reconna\u00eet qu&#8217;il est le seul responsable des actions d&#8217;achat d\u00e9clench\u00e9es. Toutefois, il est toujours possible d&#8217;annuler ou de modifier les donn\u00e9es via les contacts du support client disponibles sur le site web azeitesdocobral.com. Nonobstant\u00a0ces proc\u00e9dures de commande en ligne, azeitesdocobral.com se r\u00e9serve le droit de confirmer la commande par t\u00e9l\u00e9phone, au moyen des num\u00e9ros de t\u00e9l\u00e9phone fournis par l&#8217;utilisateur client. Par utilisateur client, on entend celui qui finalise le processus de commande en suivant les 4 \u00e9tapes mentionn\u00e9es sur le site internet azeitesdocobral.com.<\/li>\n<li>\nEn ce qui concerne les contenus et les informations disponibles pour les utilisateurs sur le site internet azeitesdocobral.com, y compris les textes, les images et autres \u00e9l\u00e9ments visuels, ils sont la propri\u00e9t\u00e9 exclusive de azeitesdocobral.com, \u00e0 l&#8217;exclusion des contenus fournis par les fournisseurs ou les annonceurs qui s&#8217;identifient comme tels et dont les informations rel\u00e8vent de leur seule responsabilit\u00e9. Les contenus pr\u00e9sent\u00e9s \u00e0 partir des liens possibles du site internet azeitesdocobral.com, sont la propri\u00e9t\u00e9 et la responsabilit\u00e9 exclusives des propri\u00e9taires respectifs. azeitesdocobral.com se r\u00e9serve le droit de modifier sans pr\u00e9avis les conditions d&#8217;utilisation ou d&#8217;autres r\u00e9glementations publi\u00e9es sur le site internet. Par cons\u00e9quent, vous devez consulter r\u00e9guli\u00e8rement les conditions d&#8217;utilisation et autres r\u00e9glementations, \u00e9tant donn\u00e9 que l&#8217;utilisation continue du site Web suppose l&#8217;acceptation sans r\u00e9serve des modifications qui y sont apport\u00e9es et la soumission \u00e0 la version la plus r\u00e9cente.<br \/>\n\u00c9tape 1 \u2013 panier, avec les articles pour la commande ;<br \/>\n\u00c9tape 2 \u2013 adresse d&#8217;exp\u00e9dition ;<br \/>\n\u00c9tape 3 \u2013 mode d&#8217;exp\u00e9dition + mode de paiement ;<br \/>\n\u00c9tape 4 \u2013 confirmation de la commande.<\/li>\n<li>Lors de l&#8217;enregistrement et de l&#8217;identification, l&#8217;utilisateur reconna\u00eet \u00eatre le responsable de la cr\u00e9ation, de la modification et de la gestion de son identit\u00e9, y compris du mot de passe et d&#8217;autres m\u00e9canismes de s\u00e9curit\u00e9. L&#8217;utilisateur s&#8217;engage \u00e0 respecter les conditions d&#8217;utilisation pr\u00e9sentes dans ce site Web et assumer la responsabilit\u00e9 des dommages r\u00e9sultant du non-respect des conditions \u00e9nonc\u00e9es ici.<\/li>\n<li>En ce qui concerne l&#8217;entreprise, azeitesdocobral.com n&#8217;est pas responsable des retards, suspensions ou interruptions des informations sur le site Web caus\u00e9es par des probl\u00e8mes hors de sa responsabilit\u00e9. azeitesdocobral.com n&#8217;est pas tenu\u00a0responsable\u00a0envers vous et tout autre tiers pour\u00a0tous\u00a0les\u00a0pr\u00e9judices, pertes, co\u00fbts, dommages r\u00e9sultant de l&#8217;inexactitude de donn\u00e9es ou d&#8217;autres informations fournies par le site internet. azeitesdocobral.com n&#8217;est pas responsable de toute d\u00e9cision prise par l&#8217;utilisateur ou des tiers sur la base des informations fournies par le site web, m\u00eame si celles-ci sont incorrectes. azeitesdocobral.com peut refuser l&#8217;acc\u00e8s \u00e0 tout utilisateur, sans notification pr\u00e9alable, s&#8217;il consid\u00e8re que l&#8217;utilisation faite par l&#8217;utilisateur enfreint de quelque mani\u00e8re que ce soit les conditions d&#8217;utilisation du site Web.<\/li>\n<\/ol>\n<p>[\/vc_column_text][\/vc_tta_section][vc_tta_section title=&#8221;Conditions de Commercialisation&#8221; tab_id=&#8221;1532012899931-4b4d02e5-ae80&#8243;][vc_column_text]Identit\u00e9 du Fournisseur et du Service Clients azeitesdocobral.com est un nom de domaine internet enregistr\u00e9 de : Azeites do Cobral, Lda. \u2013 Si\u00e8ge : S. Jo\u00e3o n\u00ba6 \/ 3405-166 Lagares da Beira \u2013 Oliveira do Hospital &#8211; PORTUGAL &#8211; Email : info@azeitesdocobral.com<\/p>\n<ol>\n<li><strong>Conditions et frais de livraison :<\/strong>\u00a0Les commandes seront livr\u00e9es en tout point du territoire national portugais (Continent et R\u00e9gions Autonomes), par le biais du service de livraisons des CTT Expresso \u2013 ou Transporteur \u00e0 designer, avec la valeur des frais de port identifi\u00e9e dans la commande et d\u00e9taill\u00e9e dans l&#8217;option d\u00e9lais de livraison. Les services de livraison garantissent que,\u00a0si le client n&#8217;a personne \u00e0 l&#8217;adresse de livraison pour r\u00e9ceptionner sa commande, celle-ci restera aux postes des PTT de la zone de l&#8217;adresse indiqu\u00e9e dans le d\u00e9lai \u00e9tabli par cette entit\u00e9, et dans le cas du transporteur, celui-ci contactera le client pour le moyen le plus commode pour planifier la livraison. Le d\u00e9lai moyen de livraison des commandes, sauf rupture de stock, est de 3 jours ouvrables pour le Continent et de 6 jours ouvrables pour les R\u00e9gions Autonomes*, \u00e0 condition que les commandes soient pass\u00e9es avant 12 heures.*<br \/>\n<strong>Remarque :<\/strong> Pour les \u00eeles de l&#8217;archipel des A\u00e7ores, cela prendra entre 7 et 15 jours ouvrables. La valeur des frais de port, au moment de la commande, est simplement informative et ne peut \u00eatre consid\u00e9r\u00e9e comme d\u00e9finitive, car le client sera toujours contact\u00e9 apr\u00e8s la r\u00e9alisation de la commande si cette valeur subit un changement par rapport \u00e0 la valeur indiqu\u00e9e.<\/li>\n<li><strong>Modes de paiement :<\/strong>\u00a0Vous pouvez opter de payer vos achats de deux mani\u00e8res : \u2013 Pr\u00e9-paiement : virement bancaire au compte suivant IBAN : PT00000000000 correspondant \u00e0 la valeur totale de la commande (produit(s) + frais de port).<\/li>\n<li><strong>Droit de r\u00e9solution, retour ou annulation :<\/strong>\u00a0Vous pourrez effectuer le retour\/r\u00e9solution du contrat dans les situations suivantes : Jusqu&#8217;\u00e0 15 jours apr\u00e8s la livraison \u2013 vous devez pour cela entrer en contact t\u00e9l\u00e9phonique avec azeitesdocobral.com, \u00eatre obligatoirement muni des donn\u00e9es de la commande et du document probant de l&#8217;achat et indiquer si vous pr\u00e9tendez \u00e0 l&#8217;\u00e9change ou au remboursement. Les articles retourn\u00e9s devront \u00eatre en parfaite condition, complets et d\u00fbment emball\u00e9s dans l&#8217;emballage d&#8217;origine et sans aucun signe d&#8217;utilisation r\u00e9elle. Les frais de transport et\/ou de retour sont \u00e0 la charge du client. Les annulations ou remboursements ne s&#8217;appliquent pas dans les situations suivantes, pr\u00e9vues par la loi : \u2013 Fourniture de biens fabriqu\u00e9s selon les sp\u00e9cifications du consommateur ou manifestement personnalis\u00e9s ou qui, de par leur nature, ne peuvent \u00eatre renvoy\u00e9s ou sont susceptibles de se d\u00e9t\u00e9riorer ou de p\u00e9rir rapidement.<\/li>\n<li><strong>Caract\u00e9ristiques des produits :<\/strong>\u00a0Les caract\u00e9ristiques des produits sont toujours d\u00e9crites dans le catalogue et accessibles au moment de la commande.\u00a0 azeitesdocobral.com d\u00e9cline toute responsabilit\u00e9 en cas d&#8217;erreurs \u00e9ventuelles publi\u00e9es sur le site internet. Les photos pr\u00e9sent\u00e9es peuvent ne pas correspondre aux configurations d\u00e9crites. Les prix et les sp\u00e9cifications sont sujets \u00e0 changement sans pr\u00e9avis. Les articles publi\u00e9s \u00e0 la vente sur le site internet azeitesdocobral.com sont limit\u00e9s au stock existant.<\/li>\n<li><strong>D\u00e9lais de validit\u00e9 des prix :<\/strong>\u00a0Les prix sont valables jusqu&#8217;au moment de la passation de la commande sur le site internet ou par t\u00e9l\u00e9phone. \u00c0 partir de ce moment, ils pourront subir des modifications sans pr\u00e9avis. Loi applicable et tribunal comp\u00e9tent. Les pr\u00e9sentes conditions d&#8217;utilisation sont r\u00e9gies par la Loi et la Juridiction\u00a0Portugaise, et la r\u00e9solution de tout conflit r\u00e9sultant de la prestation de services soumis aux pr\u00e9sentes conditions d&#8217;utilisation rel\u00e8ve de la comp\u00e9tence du Tribunal d&#8217;Oliveira do Hospital.<\/li>\n<\/ol>\n<p>[\/vc_column_text][\/vc_tta_section][\/vc_tta_tabs][\/vc_column][vc_column width=&#8221;1\/12&#8243;][\/vc_column][\/vc_row]<\/p>\n","protected":false},"excerpt":{"rendered":"<p>[vc_row css=&#8221;.vc_custom_1532000893274{margin-top: 80px !important;}&#8221;][vc_column width=&#8221;1\/12&#8243;][\/vc_column][vc_column width=&#8221;5\/6&#8243;][vc_tta_tabs style=&#8221;flat&#8221; shape=&#8221;square&#8221; color=&#8221;white&#8221; alignment=&#8221;center&#8221; active_section=&#8221;1&#8243;][vc_tta_section title=&#8221;Modalit\u00e9s et Conditions d&#8217;Utilisation&#8221; tab_id=&#8221;1532012899917-cbc4972e-2763&#8243;][vc_column_text]En acc\u00e9dant au site internet azeitesdocobral.com, l&#8217;utilisateur prend connaissance et accepte sans r\u00e9serve les conditions d&#8217;acc\u00e8s et d&#8217;utilisation suivantes : En ce qui concerne l&#8217;utilisateur et le client, il est du devoir de l&#8217;utilisateur du site internet azeitesdocobral.com d&#8217;agir de [&hellip;]<\/p>\n","protected":false},"author":1,"featured_media":0,"parent":0,"menu_order":0,"comment_status":"closed","ping_status":"closed","template":"","meta":[],"_links":{"self":[{"href":"https:\/\/azeitesdocobral.com\/fr\/wp-json\/wp\/v2\/pages\/3853"}],"collection":[{"href":"https:\/\/azeitesdocobral.com\/fr\/wp-json\/wp\/v2\/pages"}],"about":[{"href":"https:\/\/azeitesdocobral.com\/fr\/wp-json\/wp\/v2\/types\/page"}],"author":[{"embeddable":true,"href":"https:\/\/azeitesdocobral.com\/fr\/wp-json\/wp\/v2\/users\/1"}],"replies":[{"embeddable":true,"href":"https:\/\/azeitesdocobral.com\/fr\/wp-json\/wp\/v2\/comments?post=3853"}],"version-history":[{"count":0,"href":"https:\/\/azeitesdocobral.com\/fr\/wp-json\/wp\/v2\/pages\/3853\/revisions"}],"wp:attachment":[{"href":"https:\/\/azeitesdocobral.com\/fr\/wp-json\/wp\/v2\/media?parent=3853"}],"curies":[{"name":"wp","href":"https:\/\/api.w.org\/{rel}","templated":true}]}}