{"id":3855,"date":"2019-02-22T09:30:42","date_gmt":"2019-02-22T09:30:42","guid":{"rendered":"https:\/\/azeitesdocobral.com\/lhuile-dolive\/"},"modified":"2019-02-28T12:14:44","modified_gmt":"2019-02-28T12:14:44","slug":"lhuile-dolive","status":"publish","type":"page","link":"https:\/\/azeitesdocobral.com\/fr\/lhuile-dolive\/","title":{"rendered":"L&#8217;Huile d&#8217;Olive"},"content":{"rendered":"<p>[vc_row full_width=&#8221;stretch_row_content_no_spaces&#8221; css_animation=&#8221;fadeIn&#8221; css=&#8221;.vc_custom_1532701538366{margin-bottom: 75px !important;background-image: url(https:\/\/azeitesdocobral.com\/wp-content\/uploads\/2018\/07\/imagem-home-03.jpg?id=3196) !important;background-position: center !important;background-repeat: no-repeat !important;background-size: cover !important;}&#8221;][vc_column][vc_empty_space height=&#8221;800px&#8221;][\/vc_column][\/vc_row][vc_row css=&#8221;.vc_custom_1532699838893{margin-bottom: 75px !important;}&#8221;][vc_column][vc_column_text]<\/p>\n<h1 style=\"text-align: center;\">L&#8217;histoire de l&#8217;huile d&#8217;olive<\/h1>\n<p>[\/vc_column_text][\/vc_column][\/vc_row][vc_row type=&#8221;boxed&#8221; css=&#8221;.vc_custom_1544695992919{margin-bottom: 75px !important;}&#8221;][vc_column][vc_tta_tabs style=&#8221;flat&#8221; color=&#8221;white&#8221; alignment=&#8221;center&#8221; active_section=&#8221;1&#8243;][vc_tta_section title=&#8221;Mythologie&#8221; tab_id=&#8221;1532701764115-85380bc6-3098&#8243;][vc_column_text]Pour les Grecs, ce serait Ath\u00e9na, d\u00e9esse de la sagesse, qui, dans sa lutte pour la souverainet\u00e9 de la ville d&#8217;Ath\u00e8nes cr\u00e9a l&#8217;olivier, arbre dont les fruits contenaient un liquide miraculeux qui ressemblait \u00e0 de l&#8217;or.<\/p>\n<p>Pour les \u00c9gyptiens, ce serait la d\u00e9esse Isis, femme d&#8217;Osiris &#8211; le dieu supr\u00eame de sa mythologie, qui a enseign\u00e9 la culture de l&#8217;olivier.<\/p>\n<p>Dans la Bible juive, il y a de nombreuses r\u00e9f\u00e9rences \u00e0 l&#8217;olivier. Apr\u00e8s le d\u00e9luge, la colombe qui annonce son terme le fait en apportant un rameau d&#8217;olivier dans son bec.<\/p>\n<p>Les chr\u00e9tiens associent l&#8217;olivier et l&#8217;huile d&#8217;olive \u00e0 leurs chroniques et \u00e0 leurs rites.<\/p>\n<p>Le Coran fait \u00e9galement r\u00e9f\u00e9rence \u00e0 l&#8217;huile extraite du fruit de l&#8217;olivier. Elle ressemble \u00e0 une \u00e9toile brillante qui s&#8217;illumine gr\u00e2ce \u00e0 un arbre b\u00e9ni, l&#8217;olivier. [\/vc_column_text][\/vc_tta_section][vc_tta_section title=&#8221;Histoire de l&#8217;Ol\u00e9iculture&#8221; tab_id=&#8221;1532701764132-6427a35e-b834&#8243;][vc_column_text]Les oliviers et l&#8217;huile d&#8217;olive ont toujours \u00e9t\u00e9 \u00e9troitement associ\u00e9s \u00e0 toutes les civilisations m\u00e9diterran\u00e9ennes.<\/p>\n<p>Le zambujeiro (olivier sauvage) s&#8217;est \u00e9tendu sur\u00a0tout\u00a0le\u00a0pourtour m\u00e9diterran\u00e9en, du Moyen-Orient \u00e0 la P\u00e9ninsule Ib\u00e9rique. Les civilisations m\u00e9sopotamienne et \u00e9gyptienne ont appris \u00e0 l&#8217;am\u00e9liorer en utilisant diverses techniques culturelles, telles que les greffes et les transplantations.<\/p>\n<p>L&#8217;huile extraite par le pressage des olives \u00e9tait utilis\u00e9e dans les rites religieux, comme source de lumi\u00e8re, pour des traitements m\u00e9dicinaux et esth\u00e9tiques mais aussi comme aliment. Les Grecs consid\u00e9raient la consommation d&#8217;huile d&#8217;olive comme un signe de civilisation et de raffinement.<\/p>\n<p>La culture de l&#8217;olivier est arriv\u00e9e dans la P\u00e9ninsule Ib\u00e9rique par la main des Ph\u00e9niciens, au XIIe si\u00e8cle apr\u00e8s JC. Plus tard, Iberia est devenue un fournisseur majeur d&#8217;huile d&#8217;olive de la meilleure qualit\u00e9 pour Rome. L&#8217;arriv\u00e9e des Arabes \u00e9tendit la culture de l&#8217;olivier et la production d&#8217;huile d&#8217;olive \u00e0 l&#8217;ensemble de la p\u00e9ninsule. [\/vc_column_text][\/vc_tta_section][vc_tta_section title=&#8221;Histoire de l&#8217;Acide Ol\u00e9ique&#8221; tab_id=&#8221;1532958201551-550deb4b-98a2&#8243;][vc_column_text]L&#8217;huile d&#8217;olive est d\u00e9barrass\u00e9e de l&#8217;olive lors de la trituration et du pressage. Ces m\u00e9thodes ont \u00e9t\u00e9 utilis\u00e9es depuis l&#8217;Antiquit\u00e9, am\u00e9lior\u00e9es depuis, afin de gagner en efficacit\u00e9. Initialement on \u00e9crasait uniquement la pulpe des olives, pour parvenir \u00e0 une p\u00e2te que l&#8217;on introduisait dans un sac, pour obtenir ensuite l&#8217;huile d&#8217;olive par torsion de ce sac.<\/p>\n<p>Plus tard, on utilisa un mortier et un pilon pour broyer les olives et \u00e9galement des pieux creus\u00e9s dans la roche, permettant le broyage au moyen de rouleaux cylindriques.<\/p>\n<p>Les moulins \u00e0 meules cylindriques verticaux, entra\u00een\u00e9s par la traction animale ou par la force de l&#8217;eau ou du vent, ont \u00e9t\u00e9 perfectionn\u00e9s et diffus\u00e9s par les Maures et ont atteint notre \u00e9poque.<\/p>\n<p>Pour augmenter le rendement, les meules cylindriques ont \u00e9t\u00e9 remplac\u00e9s par des meules de forme cylindro-conique. Le pressage a \u00e9galement \u00e9volu\u00e9 avec le temps, passant du syst\u00e8me de torsion du sac \u00e0 des presses \u00e0 barres et plus tard aux presses hydrauliques.<\/p>\n<p>Actuellement dans les syst\u00e8mes de production continue, on utilise des moulins \u00e0 marteaux, et le pressage et la d\u00e9cantation ont \u00e9t\u00e9 remplac\u00e9s par la centrifugation. La technique de la broyeuse, qui remplace le simple m\u00e9lange d\u2019eau chaude dans la p\u00e2te, a \u00e9t\u00e9 introduite pour am\u00e9liorer le rendement des olives dans l\u2019huile d\u2019olive et aujourd&#8217;hui\u00a0rien n&#8217;a chang\u00e9.<\/p>\n<p>Les syst\u00e8mes de production continue, utilis\u00e9s actuellement, ont entra\u00een\u00e9 une r\u00e9duction de la main-d&#8217;\u0153uvre n\u00e9cessaire, un rendement plus \u00e9lev\u00e9 et une am\u00e9lioration substantielle des conditions d&#8217;hygi\u00e8ne lors de l&#8217;extraction de l&#8217;huile d&#8217;olive,\u00a0 permettant d&#8217;obtenir de l&#8217;huile d&#8217;olive extra vierge en quantit\u00e9 significative.[\/vc_column_text][\/vc_tta_section][vc_tta_section title=&#8221;B\u00e9n\u00e9fices&#8221; tab_id=&#8221;1532959374335-86c8718c-8777&#8243;][vc_column_text]L&#8217;huile d&#8217;olive exerce un \u00e9norme b\u00e9n\u00e9fice sur notre sant\u00e9.<\/p>\n<ul>\n<li>L&#8217;acide ol\u00e9ique et la vitamine E fonctionnent comme antioxydants, retardant le processus de vieillissement et le d\u00e9veloppement de cancers.<\/li>\n<li>Au niveau digestif, elle am\u00e9liore l&#8217;absorption intestinale et prot\u00e8ge contre les ulc\u00e8res et les gastrites.<\/li>\n<li>Elle est \u00e9galement importante dans la pr\u00e9vention des probl\u00e8mes cardiaques, de l&#8217;hypertension et des diab\u00e8tes.<\/li>\n<li>Elle favorise le d\u00e9veloppement osseux.<\/li>\n<li>C&#8217;est le seul type de graisse qui n&#8217;interf\u00e8re pas avec la production de lipase, l&#8217;enzyme qui dilue les mol\u00e9cules de graisse.<\/li>\n<li>Elle diminue les risques d&#8217;arthrite rhumato\u00efde.<\/li>\n<li>Elle augmente les d\u00e9fenses naturelles de l&#8217;organisme contre les virus et les bact\u00e9ries et am\u00e9liore l&#8217;\u00e9lasticit\u00e9 des tissus.<\/li>\n<li>Pour r\u00e9duire le cholest\u00e9rol, au moins 15% des calories quotidiennes doivent provenir de lipides mono-insatur\u00e9s. Ceux de l&#8217;huile d&#8217;olive aident \u00e0 r\u00e9duire les taux de cholest\u00e9rol LDL (le mauvais cholest\u00e9rol) sans affecter les taux de HDL (le bon cholest\u00e9rol) ou de triglyc\u00e9rides, ce qui diminue le risque d&#8217;infarctus et de thrombose.<\/li>\n<\/ul>\n<p>[\/vc_column_text][\/vc_tta_section][\/vc_tta_tabs][\/vc_column][\/vc_row][vc_row full_width=&#8221;stretch_row_content&#8221; content_placement=&#8221;middle&#8221; css=&#8221;.vc_custom_1484860742309{margin-bottom: 75px !important;}&#8221;][vc_column width=&#8221;1\/3&#8243;][vc_single_image image=&#8221;3439&#8243; img_size=&#8221;full&#8221; alignment=&#8221;right&#8221;][\/vc_column][vc_column width=&#8221;1\/3&#8243;][vc_single_image image=&#8221;3443&#8243; img_size=&#8221;full&#8221;][\/vc_column][vc_column width=&#8221;1\/3&#8243;][vc_single_image image=&#8221;3447&#8243; img_size=&#8221;full&#8221;][\/vc_column][\/vc_row]<\/p>\n","protected":false},"excerpt":{"rendered":"<p>[vc_row full_width=&#8221;stretch_row_content_no_spaces&#8221; css_animation=&#8221;fadeIn&#8221; css=&#8221;.vc_custom_1532701538366{margin-bottom: 75px !important;background-image: url(https:\/\/azeitesdocobral.com\/wp-content\/uploads\/2018\/07\/imagem-home-03.jpg?id=3196) !important;background-position: center !important;background-repeat: no-repeat !important;background-size: cover !important;}&#8221;][vc_column][vc_empty_space height=&#8221;800px&#8221;][\/vc_column][\/vc_row][vc_row css=&#8221;.vc_custom_1532699838893{margin-bottom: 75px !important;}&#8221;][vc_column][vc_column_text] L&#8217;histoire de l&#8217;huile d&#8217;olive [\/vc_column_text][\/vc_column][\/vc_row][vc_row type=&#8221;boxed&#8221; css=&#8221;.vc_custom_1544695992919{margin-bottom: 75px !important;}&#8221;][vc_column][vc_tta_tabs style=&#8221;flat&#8221; color=&#8221;white&#8221; alignment=&#8221;center&#8221; active_section=&#8221;1&#8243;][vc_tta_section title=&#8221;Mythologie&#8221; tab_id=&#8221;1532701764115-85380bc6-3098&#8243;][vc_column_text]Pour les Grecs, ce serait Ath\u00e9na, d\u00e9esse de la sagesse, qui, dans sa lutte pour la souverainet\u00e9 de la ville d&#8217;Ath\u00e8nes cr\u00e9a l&#8217;olivier, [&hellip;]<\/p>\n","protected":false},"author":1,"featured_media":0,"parent":0,"menu_order":0,"comment_status":"closed","ping_status":"closed","template":"page-full-width.php","meta":[],"_links":{"self":[{"href":"https:\/\/azeitesdocobral.com\/fr\/wp-json\/wp\/v2\/pages\/3855"}],"collection":[{"href":"https:\/\/azeitesdocobral.com\/fr\/wp-json\/wp\/v2\/pages"}],"about":[{"href":"https:\/\/azeitesdocobral.com\/fr\/wp-json\/wp\/v2\/types\/page"}],"author":[{"embeddable":true,"href":"https:\/\/azeitesdocobral.com\/fr\/wp-json\/wp\/v2\/users\/1"}],"replies":[{"embeddable":true,"href":"https:\/\/azeitesdocobral.com\/fr\/wp-json\/wp\/v2\/comments?post=3855"}],"version-history":[{"count":0,"href":"https:\/\/azeitesdocobral.com\/fr\/wp-json\/wp\/v2\/pages\/3855\/revisions"}],"wp:attachment":[{"href":"https:\/\/azeitesdocobral.com\/fr\/wp-json\/wp\/v2\/media?parent=3855"}],"curies":[{"name":"wp","href":"https:\/\/api.w.org\/{rel}","templated":true}]}}