{"id":3846,"date":"2018-07-04T11:17:30","date_gmt":"2018-07-04T11:17:30","guid":{"rendered":"https:\/\/azeitesdocobral.com\/produto\/suporte-com-4-garrafas\/"},"modified":"2020-06-09T16:09:22","modified_gmt":"2020-06-09T16:09:22","slug":"support-avec-4-bouteilles","status":"publish","type":"product","link":"https:\/\/azeitesdocobral.com\/fr\/produit\/support-avec-4-bouteilles\/","title":{"rendered":"Support avec 4 Bouteilles"},"content":{"rendered":"<p>Support avec 4 bouteilles d&#8217;Huile d&#8217;Olive de capacit\u00e9 0,25L.<br \/>\nContient\u00a0Huile d&#8217;Olive Biologique, Huile d&#8217;Olive Vierge Extra, Huile d&#8217;Olive Vierge Extra &#8211; Lot Sp\u00e9cial et Huile d&#8217;Olive Vierge Extra &#8211; Extraction \u00e0 Froid.<\/p>\n","protected":false},"excerpt":{"rendered":"<p>Support avec 4 bouteilles d&#8217;Huile d&#8217;Olive de capacit\u00e9 0,25L.<br \/>\nContient\u00a0Huile d&#8217;Olive Biologique, Huile d&#8217;Olive Vierge Extra, Huile d&#8217;Olive Vierge Extra &#8211; Lot Sp\u00e9cial et Huile d&#8217;Olive Vierge Extra &#8211; Extraction \u00e0 Froid.<\/p>\n<h6><strong>Remarque : Les montants affich\u00e9s seront augment\u00e9s des Frais de Port et de TVA au taux en vigueur.<\/strong><\/h6>\n<h6>Informations Nutritionnelles (<i>valeurs moyennes pour 100 ml<\/i>): \u00c9nergie &#8211; 3421 kJ (821 kcal); Mati\u00e8res grasses &#8211; 91,2 g, dont acides gras satur\u00e9s &#8211; 13,1 g; Glucides &#8211; 0,0 g, dont sucres &#8211; 0,0 g; Prot\u00e9ines &#8211; 0,0 g; Sel &#8211; 0,0 g.<\/h6>\n","protected":false},"featured_media":3015,"template":"","meta":[],"product_cat":[210],"product_tag":[],"_links":{"self":[{"href":"https:\/\/azeitesdocobral.com\/fr\/wp-json\/wp\/v2\/product\/3846"}],"collection":[{"href":"https:\/\/azeitesdocobral.com\/fr\/wp-json\/wp\/v2\/product"}],"about":[{"href":"https:\/\/azeitesdocobral.com\/fr\/wp-json\/wp\/v2\/types\/product"}],"wp:featuredmedia":[{"embeddable":true,"href":"https:\/\/azeitesdocobral.com\/fr\/wp-json\/wp\/v2\/media\/3015"}],"wp:attachment":[{"href":"https:\/\/azeitesdocobral.com\/fr\/wp-json\/wp\/v2\/media?parent=3846"}],"wp:term":[{"taxonomy":"product_cat","embeddable":true,"href":"https:\/\/azeitesdocobral.com\/fr\/wp-json\/wp\/v2\/product_cat?post=3846"},{"taxonomy":"product_tag","embeddable":true,"href":"https:\/\/azeitesdocobral.com\/fr\/wp-json\/wp\/v2\/product_tag?post=3846"}],"curies":[{"name":"wp","href":"https:\/\/api.w.org\/{rel}","templated":true}]}}