{"id":3875,"date":"2018-06-28T16:17:18","date_gmt":"2018-06-28T16:17:18","guid":{"rendered":"https:\/\/azeitesdocobral.com\/produto\/huile-olive-biologique\/"},"modified":"2020-06-09T16:12:44","modified_gmt":"2020-06-09T16:12:44","slug":"huile-olive-biologique","status":"publish","type":"product","link":"https:\/\/azeitesdocobral.com\/fr\/produit\/huile-olive-biologique\/","title":{"rendered":"Huile d&#8217;Olive Biologique"},"content":{"rendered":"<p>Huile d&#8217;Olive Vierge Extra Biologique et Certifi\u00e9e.<br \/>\nTr\u00e8s intense et aromatique avec une l\u00e9g\u00e8re sensation de vert et de piquant.<br \/>\nDe faible acidit\u00e9 et produite avec des vari\u00e9t\u00e9s d&#8217;olives galega et cobran\u00e7osa.<\/p>\n","protected":false},"excerpt":{"rendered":"<p>Huile d&#8217;Olive Vierge Extra Biologique et Certifi\u00e9e.<br \/>\nTr\u00e8s intense et aromatique avec une l\u00e9g\u00e8re sensation de vert et de piquant.<br \/>\nDe faible acidit\u00e9 et produite avec des vari\u00e9t\u00e9s d&#8217;olives galega et cobran\u00e7osa.<\/p>\n<h6><strong>Remarque :<\/strong>\u00a0Les montants affich\u00e9s seront augment\u00e9s des Frais de Port et de TVA au taux en vigueur.<\/h6>\n<h6>Informations Nutritionnelles (<i>valeurs moyennes pour 100 ml<\/i>): \u00c9nergie &#8211; 3421 kJ (821 kcal); Mati\u00e8res grasses &#8211; 91,2 g, dont acides gras satur\u00e9s &#8211; 13,1 g; Glucides &#8211; 0,0 g, dont sucres &#8211; 0,0 g; Prot\u00e9ines &#8211; 0,0 g; Sel &#8211; 0,0 g.<\/h6>\n","protected":false},"featured_media":2886,"template":"","meta":[],"product_cat":[213],"product_tag":[],"_links":{"self":[{"href":"https:\/\/azeitesdocobral.com\/fr\/wp-json\/wp\/v2\/product\/3875"}],"collection":[{"href":"https:\/\/azeitesdocobral.com\/fr\/wp-json\/wp\/v2\/product"}],"about":[{"href":"https:\/\/azeitesdocobral.com\/fr\/wp-json\/wp\/v2\/types\/product"}],"wp:featuredmedia":[{"embeddable":true,"href":"https:\/\/azeitesdocobral.com\/fr\/wp-json\/wp\/v2\/media\/2886"}],"wp:attachment":[{"href":"https:\/\/azeitesdocobral.com\/fr\/wp-json\/wp\/v2\/media?parent=3875"}],"wp:term":[{"taxonomy":"product_cat","embeddable":true,"href":"https:\/\/azeitesdocobral.com\/fr\/wp-json\/wp\/v2\/product_cat?post=3875"},{"taxonomy":"product_tag","embeddable":true,"href":"https:\/\/azeitesdocobral.com\/fr\/wp-json\/wp\/v2\/product_tag?post=3875"}],"curies":[{"name":"wp","href":"https:\/\/api.w.org\/{rel}","templated":true}]}}