{"id":4052,"date":"2021-11-11T23:31:05","date_gmt":"2021-11-11T23:31:05","guid":{"rendered":"https:\/\/azeitesdocobral.com\/?post_type=product&#038;p=4052"},"modified":"2023-09-21T14:36:33","modified_gmt":"2023-09-21T14:36:33","slug":"box-azeitatona-2021","status":"publish","type":"product","link":"https:\/\/azeitesdocobral.com\/fr\/produto\/box-azeitatona-2021\/","title":{"rendered":"BOX AZEIT&#8217;ATONA 2021"},"content":{"rendered":"<p>Se \u00e9 uma das mais de 700 pessoas que se inscreveu, est\u00e1 no s\u00edtio certo e na hora certa para poder adquirir pelo menos 1 das 50 boxes que foram criadas para o summit.<\/p>\n<p>A box Azeit\u2019\u00e0Tona \u00e9 composta pelos seguintes produtos:<\/p>\n<p>Garrafa de lou\u00e7a de Coimbra pintada \u00e0 m\u00e3o com 250ml de azeite biol\u00f3gico premium, edi\u00e7\u00e3o limitada<br \/>\nPack AZEITES 3 X 250ml de lim\u00e3o, biol\u00f3gico, extra virgem<br \/>\nVaso com oliveira micropropagada (20cm)<br \/>\nSabonete artesanal de azeite<br \/>\nMelada de azinho<br \/>\nBeebio Wraps<br \/>\nPacote de bolachas artesanais<br \/>\nBloco receitu\u00e1rio<br \/>\nLivro de receitas digital de Natal<br \/>\nLivro de receitas digital com azeite<\/p>\n","protected":false},"excerpt":{"rendered":"<p>Se \u00e9 uma das mais de 700 pessoas que se inscreveu, est\u00e1 no s\u00edtio certo e na hora certa para poder adquirir pelo menos 1 das 50 boxes que foram criadas para o summit. A box Azeit\u2019\u00e0Tona \u00e9 composta pelos seguintes produtos: Garrafa de lou\u00e7a de Coimbra pintada \u00e0 m\u00e3o com 250ml de azeite biol\u00f3gico [&hellip;]<\/p>\n","protected":false},"featured_media":4058,"template":"","meta":[],"product_cat":[250],"product_tag":[],"_links":{"self":[{"href":"https:\/\/azeitesdocobral.com\/fr\/wp-json\/wp\/v2\/product\/4052"}],"collection":[{"href":"https:\/\/azeitesdocobral.com\/fr\/wp-json\/wp\/v2\/product"}],"about":[{"href":"https:\/\/azeitesdocobral.com\/fr\/wp-json\/wp\/v2\/types\/product"}],"wp:featuredmedia":[{"embeddable":true,"href":"https:\/\/azeitesdocobral.com\/fr\/wp-json\/wp\/v2\/media\/4058"}],"wp:attachment":[{"href":"https:\/\/azeitesdocobral.com\/fr\/wp-json\/wp\/v2\/media?parent=4052"}],"wp:term":[{"taxonomy":"product_cat","embeddable":true,"href":"https:\/\/azeitesdocobral.com\/fr\/wp-json\/wp\/v2\/product_cat?post=4052"},{"taxonomy":"product_tag","embeddable":true,"href":"https:\/\/azeitesdocobral.com\/fr\/wp-json\/wp\/v2\/product_tag?post=4052"}],"curies":[{"name":"wp","href":"https:\/\/api.w.org\/{rel}","templated":true}]}}